{"id":4626,"date":"2024-11-13T11:01:50","date_gmt":"2024-11-13T03:01:50","guid":{"rendered":"https:\/\/chemneo.com\/product\/4626.html"},"modified":"2024-11-13T11:01:51","modified_gmt":"2024-11-13T03:01:51","slug":"n-methyl-4-2-methylphenyl-6-4-methyl-1-piperazinyl-3-pyridinamine-oxalic-acid-cas-290297-25-5","status":"publish","type":"product","link":"https:\/\/chemneo.com\/es\/product\/4626.html","title":{"rendered":"N-metil-4-(2-metilfenil)-6-(4-metil-1-piperazinil)-3-piridinamina \u00c1cido ox\u00e1lico CAS 290297-25-5"},"content":{"rendered":"<p>Descripci\u00f3n<\/p>\n<p>\tN-METHYL-4-(2-METHYLPHENYL)-6-(4-METHYL-1-PIPERAZINYL)-3-PYRIDINAMINE OXALIC ACID \u00a0Quick Details<br \/>\nChemical Name:\u00a0N-Methyl-4-(2-methylphenyl)-6-(4-methyl-1-piperazinyl)-3-pyridinamine Oxalic acid<br \/>\nCAS No.:\u00a0290297-25-5<br \/>\nMolecular Fomula:\u00a0C18H24N4<br \/>\nEstructura qu\u00edmica:<\/p>\n<p>Molecular weight:\u00a0296.41<br \/>\nAspecto: S\u00f3lido blanco<br \/>\nAssay\uff1a98\u00a0% min<br \/>\nN-METHYL-4-(2-METHYLPHENYL)-6-(4-METHYL-1-PIPERAZINYL)-3-PYRIDINAMINE OXALIC ACID \u00a0Typical Properties<\/p>\n<p>ITEMS<br \/>\nSPECIFICATION<\/p>\n<p>Assay\u00a0%<br \/>\n\u2265\u00a098.0<\/p>\n<p>Densidad<br \/>\n1? \u00b1\u00a00.06 g\/cm3<\/p>\n<p>Punto de ebullici\u00f3n<br \/>\n478.2 \u00b1 45.0 \u00b0C<\/p>\n<p>Acidity coefficient (pKa)<br \/>\n9.73 \u00b1 0.38<\/p>\n<p>Solubilidad<br \/>\n\/<\/p>\n<p>N-METHYL-4-(2-METHYLPHENYL)-6-(4-METHYL-1-PIPERAZINYL)-3-PYRIDINAMINE OXALIC ACID\u00a0\u00a0Application:<br \/>\nAs an intermediate of netupitan, its application fields mainly focus on drug synthesis, especially playing an indispensable role in the synthesis process of netupitan.<br \/>\nN-METHYL-4-(2-METHYLPHENYL)-6-(4-METHYL-1-PIPERAZINYL)-3-PYRIDINAMINE OXALIC ACID \u00a0Packaging and Shipping\u00a0<br \/>\n1KG\uff0c25KG\/Drum<\/p>","protected":false},"excerpt":{"rendered":"<p>Chemical Name:\u00a0N-Methyl-4-(2-methylphenyl)-6-(4-methyl-1-piperazinyl)-3-pyridinamine Oxalic acid<br \/>\nCAS No.:\u00a0290297-25-5<br \/>\nMolecular Fomula:\u00a0C18H24N4<br \/>\nMolecular weight:\u00a0296.41<br \/>\nAspecto: S\u00f3lido blanco<br \/>\nAssay\uff1a98\u00a0% min<\/p>","protected":false},"featured_media":4625,"comment_status":"open","ping_status":"closed","template":"","meta":[],"product_brand":[],"product_cat":[17],"product_tag":[],"class_list":{"0":"post-4626","1":"product","2":"type-product","3":"status-publish","4":"has-post-thumbnail","6":"product_cat-uncategorized","8":"first","9":"instock","10":"shipping-taxable","11":"product-type-simple"},"_links":{"self":[{"href":"https:\/\/chemneo.com\/es\/wp-json\/wp\/v2\/product\/4626","targetHints":{"allow":["GET"]}}],"collection":[{"href":"https:\/\/chemneo.com\/es\/wp-json\/wp\/v2\/product"}],"about":[{"href":"https:\/\/chemneo.com\/es\/wp-json\/wp\/v2\/types\/product"}],"replies":[{"embeddable":true,"href":"https:\/\/chemneo.com\/es\/wp-json\/wp\/v2\/comments?post=4626"}],"wp:featuredmedia":[{"embeddable":true,"href":"https:\/\/chemneo.com\/es\/wp-json\/wp\/v2\/media\/4625"}],"wp:attachment":[{"href":"https:\/\/chemneo.com\/es\/wp-json\/wp\/v2\/media?parent=4626"}],"wp:term":[{"taxonomy":"product_brand","embeddable":true,"href":"https:\/\/chemneo.com\/es\/wp-json\/wp\/v2\/product_brand?post=4626"},{"taxonomy":"product_cat","embeddable":true,"href":"https:\/\/chemneo.com\/es\/wp-json\/wp\/v2\/product_cat?post=4626"},{"taxonomy":"product_tag","embeddable":true,"href":"https:\/\/chemneo.com\/es\/wp-json\/wp\/v2\/product_tag?post=4626"}],"curies":[{"name":"wp","href":"https:\/\/api.w.org\/{rel}","templated":true}]}}