{"id":4731,"date":"2024-11-13T11:03:21","date_gmt":"2024-11-13T03:03:21","guid":{"rendered":"https:\/\/chemneo.com\/product\/4731.html"},"modified":"2024-11-13T11:03:22","modified_gmt":"2024-11-13T03:03:22","slug":"phosphoric-acid-13-phenylene-tetrakis26-dimethylphenyl-ester-cas-139189-30-3","status":"publish","type":"product","link":"https:\/\/chemneo.com\/es\/product\/4731.html","title":{"rendered":"\u00c1cido fosf\u00f3rico 1,3-fenileno tetraquis(2,6-dimetilfenil) \u00e9ster Cas 139189-30-3"},"content":{"rendered":"<p>Descripci\u00f3n<\/p>\n<p>\tPhosphoric acid 1,3-phenylene tetrakis(2,6-dimethylphenyl) ester Quick Details<br \/>\nChemical Name:Phosphoric acid 1,3-phenylene tetrakis(2,6-dimethylphenyl) ester<br \/>\nCAS No.:139189-30-3<br \/>\nMolecular Fomula: C38H40O8P2<br \/>\nEstructura qu\u00edmica:<br \/>\nMolecular weight: 686.67<br \/>\nAspecto: polvo<br \/>\nEnsayo: 98%<br \/>\nPhosphoric acid 1,3-phenylene tetrakis(2,6-dimethylphenyl) ester\u00a0Typical Properties<\/p>\n<p>ITEMS<br \/>\nSPECIFICATION<\/p>\n<p>Densidad<br \/>\n1.233<\/p>\n<p>vapour pressure<br \/>\n0Pa at 25\u2103<\/p>\n<p>LogP<br \/>\n11.79 at 25\u2103<\/p>\n<p>\u00a0<br \/>\nPhosphoric acid 1,3-phenylene tetrakis(2,6-dimethylphenyl) ester\u00a0application:<br \/>\nfire retardant<br \/>\nPackaging and Shipping<br \/>\n25kg\/drum<br \/>\nPhosphoric acid 1,3-phenylene tetrakis(2,6-dimethylphenyl) ester\u00a0Storage<br \/>\nThis product shall be airtight, out of the sun, moisture-proof and away from heat. The storage period is one year.<\/p>","protected":false},"excerpt":{"rendered":"<p>Chemical Name: Phosphoric acid 1,3-phenylene tetrakis(2,6-dimethylphenyl) ester<br \/>\nCAS No.: 139189-30-3<br \/>\nMolecular Fomula: C38H40O8P2<br \/>\nMolecular weight: 686.67<br \/>\nAspecto: polvo<br \/>\nEnsayo: 98%<\/p>","protected":false},"featured_media":4730,"comment_status":"open","ping_status":"closed","template":"","meta":[],"product_brand":[],"product_cat":[17],"product_tag":[],"class_list":{"0":"post-4731","1":"product","2":"type-product","3":"status-publish","4":"has-post-thumbnail","6":"product_cat-uncategorized","8":"first","9":"instock","10":"shipping-taxable","11":"product-type-simple"},"_links":{"self":[{"href":"https:\/\/chemneo.com\/es\/wp-json\/wp\/v2\/product\/4731","targetHints":{"allow":["GET"]}}],"collection":[{"href":"https:\/\/chemneo.com\/es\/wp-json\/wp\/v2\/product"}],"about":[{"href":"https:\/\/chemneo.com\/es\/wp-json\/wp\/v2\/types\/product"}],"replies":[{"embeddable":true,"href":"https:\/\/chemneo.com\/es\/wp-json\/wp\/v2\/comments?post=4731"}],"wp:featuredmedia":[{"embeddable":true,"href":"https:\/\/chemneo.com\/es\/wp-json\/wp\/v2\/media\/4730"}],"wp:attachment":[{"href":"https:\/\/chemneo.com\/es\/wp-json\/wp\/v2\/media?parent=4731"}],"wp:term":[{"taxonomy":"product_brand","embeddable":true,"href":"https:\/\/chemneo.com\/es\/wp-json\/wp\/v2\/product_brand?post=4731"},{"taxonomy":"product_cat","embeddable":true,"href":"https:\/\/chemneo.com\/es\/wp-json\/wp\/v2\/product_cat?post=4731"},{"taxonomy":"product_tag","embeddable":true,"href":"https:\/\/chemneo.com\/es\/wp-json\/wp\/v2\/product_tag?post=4731"}],"curies":[{"name":"wp","href":"https:\/\/api.w.org\/{rel}","templated":true}]}}