{"id":4745,"date":"2024-11-13T11:03:35","date_gmt":"2024-11-13T03:03:35","guid":{"rendered":"https:\/\/chemneo.com\/product\/4745.html"},"modified":"2024-11-13T11:03:36","modified_gmt":"2024-11-13T03:03:36","slug":"heptafluoropropyl-trifluorovinyl-ether-cas-1623-05-8","status":"publish","type":"product","link":"https:\/\/chemneo.com\/es\/product\/4745.html","title":{"rendered":"\u00c9ter trifluorovin\u00edlico de heptafluoropropilo CAS 1623-05-8"},"content":{"rendered":"<p>Descripci\u00f3n<\/p>\n<p>\tHeptafluoropropyl trifluorovinyl ether\u00a0Quick Details<br \/>\nChemical Name: Heptafluoropropyl trifluorovinyl ether<br \/>\nCAS No.: 1623-05-8<br \/>\nMolecular Fomula: C5F10O<br \/>\nEstructura qu\u00edmica:<\/p>\n<p>Molecular weight:\u00a0266.04<br \/>\nAppearance:\u00a0Colorless to almost colorless transparent liquid<br \/>\nEnsayo: 99%<br \/>\nHeptafluoropropyl trifluorovinyl ether\u00a0Typical Properties<\/p>\n<p>ITEMS<br \/>\nSPECIFICATION<\/p>\n<p>Densidad<br \/>\n1,53 g\/cm3<\/p>\n<p>Punto de ebullici\u00f3n<br \/>\n35\u00a0\u00b0C<\/p>\n<p>Melt point<br \/>\n-70\u00b0C<\/p>\n<p>Punto de inflamaci\u00f3n<br \/>\n-20\u00b0C<\/p>\n<p>\u00a0<br \/>\nHeptafluoropropyl trifluorovinyl ether\u00a0application:<br \/>\nIt is widely used in the synthesis of fluoropolymers (such as PFA, modified polytetrafluoroethylene, etc.), and can also be used to introduce fluorine functional groups into organic molecules for agricultural and pharmaceutical industries.<br \/>\nHeptafluoropropyl trifluorovinyl ether\u00a0Packaging and Shipping\u00a0<br \/>\nCustomized according to customer needs.<br \/>\nHeptafluoropropyl trifluorovinyl ether\u00a0Storage<br \/>\nIt should be stored in\u00a0sealed, protected from light storage.<\/p>","protected":false},"excerpt":{"rendered":"<p>Chemical Name: Heptafluoropropyl trifluorovinyl ether<br \/>\nCAS No.: 1623-05-8<br \/>\nMolecular Fomula: C5F10O<br \/>\nMolecular weight:\u00a0266.04<br \/>\nAppearance:\u00a0Colorless to almost colorless transparent liquid<br \/>\nEnsayo: 99%<\/p>","protected":false},"featured_media":4744,"comment_status":"open","ping_status":"closed","template":"","meta":[],"product_brand":[],"product_cat":[17],"product_tag":[],"class_list":{"0":"post-4745","1":"product","2":"type-product","3":"status-publish","4":"has-post-thumbnail","6":"product_cat-uncategorized","8":"first","9":"instock","10":"shipping-taxable","11":"product-type-simple"},"_links":{"self":[{"href":"https:\/\/chemneo.com\/es\/wp-json\/wp\/v2\/product\/4745","targetHints":{"allow":["GET"]}}],"collection":[{"href":"https:\/\/chemneo.com\/es\/wp-json\/wp\/v2\/product"}],"about":[{"href":"https:\/\/chemneo.com\/es\/wp-json\/wp\/v2\/types\/product"}],"replies":[{"embeddable":true,"href":"https:\/\/chemneo.com\/es\/wp-json\/wp\/v2\/comments?post=4745"}],"wp:featuredmedia":[{"embeddable":true,"href":"https:\/\/chemneo.com\/es\/wp-json\/wp\/v2\/media\/4744"}],"wp:attachment":[{"href":"https:\/\/chemneo.com\/es\/wp-json\/wp\/v2\/media?parent=4745"}],"wp:term":[{"taxonomy":"product_brand","embeddable":true,"href":"https:\/\/chemneo.com\/es\/wp-json\/wp\/v2\/product_brand?post=4745"},{"taxonomy":"product_cat","embeddable":true,"href":"https:\/\/chemneo.com\/es\/wp-json\/wp\/v2\/product_cat?post=4745"},{"taxonomy":"product_tag","embeddable":true,"href":"https:\/\/chemneo.com\/es\/wp-json\/wp\/v2\/product_tag?post=4745"}],"curies":[{"name":"wp","href":"https:\/\/api.w.org\/{rel}","templated":true}]}}