{"id":4785,"date":"2024-11-13T11:04:10","date_gmt":"2024-11-13T03:04:10","guid":{"rendered":"https:\/\/chemneo.com\/product\/4785.html"},"modified":"2024-11-13T11:04:11","modified_gmt":"2024-11-13T03:04:11","slug":"phosphoric-acidesters-cas-51732-57-1","status":"publish","type":"product","link":"https:\/\/chemneo.com\/es\/product\/4785.html","title":{"rendered":"\u00c1cido fosf\u00f3rico, \u00e9steres CAS 51732-57-1"},"content":{"rendered":"<p>Descripci\u00f3n<\/p>\n<p>\tPhosphoric acid,esters Quick Details<br \/>\nChemical Name:Phosphoric acid,esters<br \/>\nCAS No.:51732-57-1<br \/>\nMolecular Fomula: C30H24O8P2<br \/>\nEstructura qu\u00edmica:<br \/>\nMolecular weight: 574.46<br \/>\nAspecto: polvo<br \/>\nAssay\uff1a99%<br \/>\nPhosphoric acid,esters\u00a0Typical Properties<\/p>\n<p>ITEMS<br \/>\nSPECIFICATION<\/p>\n<p>Densidad<br \/>\n1.347\u00b10.06 g\/cm3(Predicted)<\/p>\n<p>Phosphoric acid,esters\u00a0application:<br \/>\nfire retardant<br \/>\nPhosphoric acid,esters\u00a0Packaging and Shipping<br \/>\n25kg\/bag<br \/>\nPhosphoric acid,esters\u00a0Storage<br \/>\nThis product shall be airtight, out of the sun, moisture-proof and away from heat. The storage period is one year.<\/p>","protected":false},"excerpt":{"rendered":"<p>Chemical Name:Phosphoric acid,esters<br \/>\nCAS No.:51732-57-1<br \/>\nAspecto: polvo<br \/>\nAssay\uff1a99%<\/p>","protected":false},"featured_media":4784,"comment_status":"open","ping_status":"closed","template":"","meta":[],"product_brand":[],"product_cat":[17],"product_tag":[],"class_list":{"0":"post-4785","1":"product","2":"type-product","3":"status-publish","4":"has-post-thumbnail","6":"product_cat-uncategorized","8":"first","9":"instock","10":"shipping-taxable","11":"product-type-simple"},"_links":{"self":[{"href":"https:\/\/chemneo.com\/es\/wp-json\/wp\/v2\/product\/4785","targetHints":{"allow":["GET"]}}],"collection":[{"href":"https:\/\/chemneo.com\/es\/wp-json\/wp\/v2\/product"}],"about":[{"href":"https:\/\/chemneo.com\/es\/wp-json\/wp\/v2\/types\/product"}],"replies":[{"embeddable":true,"href":"https:\/\/chemneo.com\/es\/wp-json\/wp\/v2\/comments?post=4785"}],"wp:featuredmedia":[{"embeddable":true,"href":"https:\/\/chemneo.com\/es\/wp-json\/wp\/v2\/media\/4784"}],"wp:attachment":[{"href":"https:\/\/chemneo.com\/es\/wp-json\/wp\/v2\/media?parent=4785"}],"wp:term":[{"taxonomy":"product_brand","embeddable":true,"href":"https:\/\/chemneo.com\/es\/wp-json\/wp\/v2\/product_brand?post=4785"},{"taxonomy":"product_cat","embeddable":true,"href":"https:\/\/chemneo.com\/es\/wp-json\/wp\/v2\/product_cat?post=4785"},{"taxonomy":"product_tag","embeddable":true,"href":"https:\/\/chemneo.com\/es\/wp-json\/wp\/v2\/product_tag?post=4785"}],"curies":[{"name":"wp","href":"https:\/\/api.w.org\/{rel}","templated":true}]}}