{"id":4965,"date":"2024-11-13T11:06:50","date_gmt":"2024-11-13T03:06:50","guid":{"rendered":"https:\/\/chemneo.com\/product\/4965.html"},"modified":"2024-11-13T11:06:52","modified_gmt":"2024-11-13T03:06:52","slug":"2-amino-4-chloro-5-methylbenzenesulfonic-acid-cas-88-51-7","status":"publish","type":"product","link":"https:\/\/chemneo.com\/es\/product\/4965.html","title":{"rendered":"\u00c1cido 2-amino-4-cloro-5-metilbencenosulf\u00f3nico CAS 88-51-7"},"content":{"rendered":"<p>Descripci\u00f3n<\/p>\n<p>\t2-Amino-4-chloro-5-methylbenzenesulfonic acid\u00a0Quick Details<br \/>\nCAS:88-51-7<br \/>\nMF:C7H8ClNO3S<br \/>\nMW:221.66<br \/>\nEINECS:201-837-6<br \/>\nMDL No.:MFCD00035771<br \/>\n2-Amino-4-chloro-5-methylbenzenesulfonic acid\u00a0Typical Properties<\/p>\n<p>Items<br \/>\nResult<\/p>\n<p>Apariencia<br \/>\nWhite to Off-White\u00a0powder<\/p>\n<p>Contenido<br \/>\n99%min<\/p>\n<p>2-Amino-4-chloro-5-methylbenzenesulfonic acid\u00a0application:<\/p>\n<p>Propiedades qu\u00edmicas<br \/>\nWhite to buff powder. Essentially insoluble as free acid; soluble as sodium or ammonium salt.<\/p>\n<p>Utiliza<br \/>\n2-Amino-4-chloro-5-methylbenzenesulfonic Acid is used in method for preparing environment-friendly organic pigment for agricultural seed coating.<\/p>\n<p>Utiliza<br \/>\nIntermediate for azo pigments.<\/p>\n<p>M\u00e9todos de producci\u00f3n<br \/>\nThe compound is made by baking 3-chloro-4-methyl-benzeneamine hydrogensulfate in vacuo at 195 \u2103.<\/p>\n<p>2-Amino-4-chloro-5-methylbenzenesulfonic acid\u00a0Packaging and Shipping<br \/>\n25kg\/drum customized according to customer needs.<br \/>\n2-Amino-4-chloro-5-methylbenzenesulfonic acid\u00a0Storage<br \/>\nIt should be stored in a clean, dry and cool place, preventing from sunlight, rain.<\/p>","protected":false},"excerpt":{"rendered":"<p>Qu\u00edmica\uff1a2-Amino-4-cloro-5-metilbencenosulf\u00f3nico<br \/>\nCAS: 88-51-7<br \/>\nAspecto: Polvo blanco a blanquecino<\/p>","protected":false},"featured_media":4964,"comment_status":"open","ping_status":"closed","template":"","meta":[],"product_brand":[],"product_cat":[17],"product_tag":[],"class_list":{"0":"post-4965","1":"product","2":"type-product","3":"status-publish","4":"has-post-thumbnail","6":"product_cat-uncategorized","8":"first","9":"instock","10":"shipping-taxable","11":"product-type-simple"},"_links":{"self":[{"href":"https:\/\/chemneo.com\/es\/wp-json\/wp\/v2\/product\/4965","targetHints":{"allow":["GET"]}}],"collection":[{"href":"https:\/\/chemneo.com\/es\/wp-json\/wp\/v2\/product"}],"about":[{"href":"https:\/\/chemneo.com\/es\/wp-json\/wp\/v2\/types\/product"}],"replies":[{"embeddable":true,"href":"https:\/\/chemneo.com\/es\/wp-json\/wp\/v2\/comments?post=4965"}],"wp:featuredmedia":[{"embeddable":true,"href":"https:\/\/chemneo.com\/es\/wp-json\/wp\/v2\/media\/4964"}],"wp:attachment":[{"href":"https:\/\/chemneo.com\/es\/wp-json\/wp\/v2\/media?parent=4965"}],"wp:term":[{"taxonomy":"product_brand","embeddable":true,"href":"https:\/\/chemneo.com\/es\/wp-json\/wp\/v2\/product_brand?post=4965"},{"taxonomy":"product_cat","embeddable":true,"href":"https:\/\/chemneo.com\/es\/wp-json\/wp\/v2\/product_cat?post=4965"},{"taxonomy":"product_tag","embeddable":true,"href":"https:\/\/chemneo.com\/es\/wp-json\/wp\/v2\/product_tag?post=4965"}],"curies":[{"name":"wp","href":"https:\/\/api.w.org\/{rel}","templated":true}]}}