{"id":5157,"date":"2024-11-13T11:09:48","date_gmt":"2024-11-13T03:09:48","guid":{"rendered":"https:\/\/chemneo.com\/product\/5157.html"},"modified":"2024-11-13T11:09:49","modified_gmt":"2024-11-13T03:09:49","slug":"bcp-cas-62625-30-3","status":"publish","type":"product","link":"https:\/\/chemneo.com\/es\/product\/5157.html","title":{"rendered":"BCP Cas 62625-30-3"},"content":{"rendered":"<p>Descripci\u00f3n<\/p>\n<p>\tBCP Quick Details<br \/>\nNombre qu\u00edmico: BCP<br \/>\nSin\u00f3nimos: Sal s\u00f3dica p\u00farpura de bromocresol<br \/>\nN\u00ba CAS: 62625-30-3<br \/>\nF\u00f3mula molecular: C21H17Br2NaO5S<br \/>\npeso molecular: 564,22<br \/>\nEstructura qu\u00edmica:<br \/>\nAspecto: Polvo negro-marr\u00f3n a naranja-\u00f3xido<br \/>\nBCP Typical Properties<\/p>\n<p>Item<br \/>\nSpecifications<\/p>\n<p>Apariencia<br \/>\nBlack-brown to orange-rust powder<\/p>\n<p>Ensayo<br \/>\n\u226598%<\/p>\n<p>PH<br \/>\n5.2-6.8<\/p>\n<p>BCP Application<br \/>\nStudy properties of silicon dioxide films<br \/>\nBCP Packaging and Shipping\u00a0<br \/>\nAccording to customer requirements.<br \/>\nBCP Storage<br \/>\nStore at RT.<\/p>","protected":false},"excerpt":{"rendered":"<p>Nombre qu\u00edmico: BCP<br \/>\nSin\u00f3nimos: Sal s\u00f3dica p\u00farpura de bromocresol<br \/>\nN\u00ba CAS: 62625-30-3<br \/>\nF\u00f3mula molecular: C21H17Br2NaO5S<br \/>\npeso molecular: 564,22<br \/>\nAspecto: Polvo negro-marr\u00f3n a naranja-\u00f3xido<\/p>","protected":false},"featured_media":5156,"comment_status":"open","ping_status":"closed","template":"","meta":[],"product_brand":[],"product_cat":[17],"product_tag":[],"class_list":{"0":"post-5157","1":"product","2":"type-product","3":"status-publish","4":"has-post-thumbnail","6":"product_cat-uncategorized","8":"first","9":"instock","10":"shipping-taxable","11":"product-type-simple"},"_links":{"self":[{"href":"https:\/\/chemneo.com\/es\/wp-json\/wp\/v2\/product\/5157","targetHints":{"allow":["GET"]}}],"collection":[{"href":"https:\/\/chemneo.com\/es\/wp-json\/wp\/v2\/product"}],"about":[{"href":"https:\/\/chemneo.com\/es\/wp-json\/wp\/v2\/types\/product"}],"replies":[{"embeddable":true,"href":"https:\/\/chemneo.com\/es\/wp-json\/wp\/v2\/comments?post=5157"}],"wp:featuredmedia":[{"embeddable":true,"href":"https:\/\/chemneo.com\/es\/wp-json\/wp\/v2\/media\/5156"}],"wp:attachment":[{"href":"https:\/\/chemneo.com\/es\/wp-json\/wp\/v2\/media?parent=5157"}],"wp:term":[{"taxonomy":"product_brand","embeddable":true,"href":"https:\/\/chemneo.com\/es\/wp-json\/wp\/v2\/product_brand?post=5157"},{"taxonomy":"product_cat","embeddable":true,"href":"https:\/\/chemneo.com\/es\/wp-json\/wp\/v2\/product_cat?post=5157"},{"taxonomy":"product_tag","embeddable":true,"href":"https:\/\/chemneo.com\/es\/wp-json\/wp\/v2\/product_tag?post=5157"}],"curies":[{"name":"wp","href":"https:\/\/api.w.org\/{rel}","templated":true}]}}