{"id":5300,"date":"2024-11-13T11:11:58","date_gmt":"2024-11-13T03:11:58","guid":{"rendered":"https:\/\/chemneo.com\/product\/5300.html"},"modified":"2024-11-13T11:11:59","modified_gmt":"2024-11-13T03:11:59","slug":"tetradecanedioic-acid-cas-821-38-5","status":"publish","type":"product","link":"https:\/\/chemneo.com\/es\/product\/5300.html","title":{"rendered":"\u00c1cido tetradecanodioico Cas 821-38-5"},"content":{"rendered":"<p>Descripci\u00f3n<\/p>\n<p>\tTetradecanedioic acid\u00a0Details<br \/>\nNombre qu\u00edmico: \u00c1cido tetradecanodioico<br \/>\nSin\u00f3nimos: \u00e1cido 1,12-dodecanedicarbox\u00edlico; \u00e1cido dodecanedicarbox\u00edlico; tetradecanedicarboxilato; tetradecanedioato<br \/>\nN\u00ba CAS: 821-38-5<br \/>\nF\u00f3rmula molecular: C14H26O4<br \/>\nPeso molecular: 258,35<br \/>\nMolecular\u00a0Structure:<\/p>\n<p>Aspecto: Polvo blanco<br \/>\nTetradecanedioic acid\u00a0Typical Properties<\/p>\n<p>Melting point<br \/>\n124-127 \u00b0C (lit.)<\/p>\n<p>Punto de ebullici\u00f3n<br \/>\n427.81\u00b0C (rough estimate)<\/p>\n<p>Densidad<br \/>\n1.0768 (rough estimate)<\/p>\n<p>Water Solubility<br \/>\nslightly soluble<\/p>\n<p>Almacenamiento<br \/>\nSealed in dry,Room Temperature<\/p>\n<p>Apariencia<br \/>\nPolvo<\/p>\n<p>Vapor Pressure<br \/>\n1.3hPa at 20\u2103<\/p>\n<p>Refractive index<br \/>\n1.4650 (estimate)<\/p>\n<p>Acidity coefficient (pKa)<br \/>\n4.48\u00b10.10(Predicted)<\/p>\n<p>Tetradecanedioic acid\u00a0Usage<br \/>\nTetradecanedioic acid is a carboxylic acid compound, mainly used in the synthesis of synthetic fragrances, high-grade engineering plastics nylon 1414, hot melt adhesives and coatings.<br \/>\nTetradecanedioic acid\u00a0Packaging and Shipping<br \/>\nPacking: 25KG\/Drum<br \/>\nTetradecanedioic acid\u00a0Storage<br \/>\nKeep in a well-closed, light-resistant, dry and cool place.<\/p>","protected":false},"excerpt":{"rendered":"<p>Nombre qu\u00edmico: \u00c1cido tetradecanodioico<br \/>\nSin\u00f3nimos: \u00e1cido 1,12-dodecanedicarbox\u00edlico; \u00e1cido dodecanedicarbox\u00edlico; tetradecanedicarboxilato; tetradecanedioato<br \/>\nN\u00ba CAS: 821-38-5<br \/>\nF\u00f3rmula molecular: C14H26O4<br \/>\nPeso molecular: 258,35<br \/>\nAspecto: Polvo blanco<\/p>","protected":false},"featured_media":5299,"comment_status":"open","ping_status":"closed","template":"","meta":[],"product_brand":[],"product_cat":[17],"product_tag":[],"class_list":{"0":"post-5300","1":"product","2":"type-product","3":"status-publish","4":"has-post-thumbnail","6":"product_cat-uncategorized","8":"first","9":"instock","10":"shipping-taxable","11":"product-type-simple"},"_links":{"self":[{"href":"https:\/\/chemneo.com\/es\/wp-json\/wp\/v2\/product\/5300","targetHints":{"allow":["GET"]}}],"collection":[{"href":"https:\/\/chemneo.com\/es\/wp-json\/wp\/v2\/product"}],"about":[{"href":"https:\/\/chemneo.com\/es\/wp-json\/wp\/v2\/types\/product"}],"replies":[{"embeddable":true,"href":"https:\/\/chemneo.com\/es\/wp-json\/wp\/v2\/comments?post=5300"}],"wp:featuredmedia":[{"embeddable":true,"href":"https:\/\/chemneo.com\/es\/wp-json\/wp\/v2\/media\/5299"}],"wp:attachment":[{"href":"https:\/\/chemneo.com\/es\/wp-json\/wp\/v2\/media?parent=5300"}],"wp:term":[{"taxonomy":"product_brand","embeddable":true,"href":"https:\/\/chemneo.com\/es\/wp-json\/wp\/v2\/product_brand?post=5300"},{"taxonomy":"product_cat","embeddable":true,"href":"https:\/\/chemneo.com\/es\/wp-json\/wp\/v2\/product_cat?post=5300"},{"taxonomy":"product_tag","embeddable":true,"href":"https:\/\/chemneo.com\/es\/wp-json\/wp\/v2\/product_tag?post=5300"}],"curies":[{"name":"wp","href":"https:\/\/api.w.org\/{rel}","templated":true}]}}