{"id":5476,"date":"2024-11-13T11:14:37","date_gmt":"2024-11-13T03:14:37","guid":{"rendered":"https:\/\/chemneo.com\/product\/5476.html"},"modified":"2024-11-13T11:14:38","modified_gmt":"2024-11-13T03:14:38","slug":"2-thiopheneacetic-acid-cas-1918-77-0","status":"publish","type":"product","link":"https:\/\/chemneo.com\/es\/product\/5476.html","title":{"rendered":"\u00c1cido 2-tiofenoac\u00e9tico CAS 1918-77-0"},"content":{"rendered":"<p>Descripci\u00f3n<\/p>\n<p>\t2-Thiopheneacetic acid Quick Details<br \/>\nChemical Name:2-Thiopheneacetic acid<br \/>\nCAS No.:\u00a01918-77-0<br \/>\nMolecular Fomula: C6H6O2S<br \/>\nMolecular weight:\u00a0142.18<br \/>\nAppearance:\u00a0Light brown to brown powder<br \/>\nEnsayo\uff1a\u226599.0%<br \/>\n2-Thiopheneacetic acid Typical Properties<\/p>\n<p>ITEMS<br \/>\nSPECIFICATION<\/p>\n<p>Ensayo<br \/>\n99%<\/p>\n<p>Apariencia<br \/>\nLight brown to brown powder<\/p>\n<p>Densidad<br \/>\n1.365 \u00a0g\/cm3<\/p>\n<p>Punto de ebullici\u00f3n<br \/>\n160 \u00b0C<\/p>\n<p>Flashing point<br \/>\n160\u00b0C<\/p>\n<p>2-Thiopheneacetic acid application:<\/p>\n<p>This product is an intermediate of antibiotics, cephalosporin I and cephalosporin II.<br \/>\nUsed as an intermediate of drugs such as cephalothin and cephalothin sodium<br \/>\nThiophene-2-acetic acid is an intermediate of antibiotics, cephalosporin I and cephalosporin II.<\/p>\n<p>2-Thiopheneacetic acid Packaging and Shipping\u00a0<br \/>\n25kg\/bag or customized according to customer needs.<br \/>\n2-Thiopheneacetic acid Storage<br \/>\nKeep in dark place,Inert atmosphere,2-8\u00b0C<\/p>","protected":false},"excerpt":{"rendered":"<p>Chemical Name:2-Thiopheneacetic acid<br \/>\nCAS No.:\u00a01918-77-0<br \/>\nAppearance:\u00a0Light brown to brown powder<br \/>\nEnsayo\uff1a\u226599.0%<\/p>","protected":false},"featured_media":5475,"comment_status":"open","ping_status":"closed","template":"","meta":[],"product_brand":[],"product_cat":[17],"product_tag":[],"class_list":{"0":"post-5476","1":"product","2":"type-product","3":"status-publish","4":"has-post-thumbnail","6":"product_cat-uncategorized","8":"first","9":"instock","10":"shipping-taxable","11":"product-type-simple"},"_links":{"self":[{"href":"https:\/\/chemneo.com\/es\/wp-json\/wp\/v2\/product\/5476","targetHints":{"allow":["GET"]}}],"collection":[{"href":"https:\/\/chemneo.com\/es\/wp-json\/wp\/v2\/product"}],"about":[{"href":"https:\/\/chemneo.com\/es\/wp-json\/wp\/v2\/types\/product"}],"replies":[{"embeddable":true,"href":"https:\/\/chemneo.com\/es\/wp-json\/wp\/v2\/comments?post=5476"}],"wp:featuredmedia":[{"embeddable":true,"href":"https:\/\/chemneo.com\/es\/wp-json\/wp\/v2\/media\/5475"}],"wp:attachment":[{"href":"https:\/\/chemneo.com\/es\/wp-json\/wp\/v2\/media?parent=5476"}],"wp:term":[{"taxonomy":"product_brand","embeddable":true,"href":"https:\/\/chemneo.com\/es\/wp-json\/wp\/v2\/product_brand?post=5476"},{"taxonomy":"product_cat","embeddable":true,"href":"https:\/\/chemneo.com\/es\/wp-json\/wp\/v2\/product_cat?post=5476"},{"taxonomy":"product_tag","embeddable":true,"href":"https:\/\/chemneo.com\/es\/wp-json\/wp\/v2\/product_tag?post=5476"}],"curies":[{"name":"wp","href":"https:\/\/api.w.org\/{rel}","templated":true}]}}