{"id":5478,"date":"2024-11-13T11:14:39","date_gmt":"2024-11-13T03:14:39","guid":{"rendered":"https:\/\/chemneo.com\/product\/5478.html"},"modified":"2024-11-13T11:14:40","modified_gmt":"2024-11-13T03:14:40","slug":"2-acetyl-3-bromothiophene-cas-42877-08-7","status":"publish","type":"product","link":"https:\/\/chemneo.com\/es\/product\/5478.html","title":{"rendered":"2-acetil-3-bromotiofeno Cas 42877-08-7"},"content":{"rendered":"<p>Descripci\u00f3n<\/p>\n<p>\t2-ACETYL-3-BROMOTHIOPHENE Quick Details<br \/>\nNombre qu\u00edmico: 2-acetil-3-bromotiofeno<br \/>\nN\u00ba CAS: 42877-08-7<br \/>\nF\u00f3mula molecular: C6H5BrOS<br \/>\nEstructura qu\u00edmica:<\/p>\n<p>Peso molecular: 205,07<br \/>\nAspecto: S\u00f3lido o l\u00edquido entre blanco y marr\u00f3n<br \/>\nEnsayo\uff1a\u226598.0%<br \/>\n2-ACETYL-3-BROMOTHIOPHENE\u00a0Typical Properties<\/p>\n<p>ITEMS<br \/>\nSPECIFICATION<\/p>\n<p>Melting point<br \/>\n38-41\u00b0C<\/p>\n<p>Punto de ebullici\u00f3n<br \/>\n102-105\u00b0C 4mm<\/p>\n<p>densidad<br \/>\n1.619\u00b10.06 g\/cm3(Predicted)<\/p>\n<p>\u00edndice de refracci\u00f3n<br \/>\n1.6108<\/p>\n<p>2-ACETYL-3-BROMOTHIOPHENE\u00a0application:<br \/>\nIt is stable at room temperature, but may decompose under high temperature and strong acid conditions.<br \/>\n2-ACETYL-3-BROMOTHIOPHENE\u00a0Packaging and Shipping\u00a0<br \/>\ncustomized according to customer needs.<br \/>\n2-ACETYL-3-BROMOTHIOPHENE\u00a0Storage<br \/>\nIt should be stored in a clean, dry and cool place, preventing from sunlight, rain.<\/p>","protected":false},"excerpt":{"rendered":"<p>Nombre qu\u00edmico: 2-acetil-3-bromotiofeno<br \/>\nN\u00ba CAS: 42877-08-7<br \/>\nF\u00f3mula molecular: C6H5BrOS<br \/>\nPeso molecular: 205,07<br \/>\nAspecto: S\u00f3lido o l\u00edquido entre blanco y marr\u00f3n<br \/>\nEnsayo\uff1a\u226598.0%<\/p>","protected":false},"featured_media":5477,"comment_status":"open","ping_status":"closed","template":"","meta":[],"product_brand":[],"product_cat":[17],"product_tag":[],"class_list":{"0":"post-5478","1":"product","2":"type-product","3":"status-publish","4":"has-post-thumbnail","6":"product_cat-uncategorized","8":"first","9":"instock","10":"shipping-taxable","11":"product-type-simple"},"_links":{"self":[{"href":"https:\/\/chemneo.com\/es\/wp-json\/wp\/v2\/product\/5478","targetHints":{"allow":["GET"]}}],"collection":[{"href":"https:\/\/chemneo.com\/es\/wp-json\/wp\/v2\/product"}],"about":[{"href":"https:\/\/chemneo.com\/es\/wp-json\/wp\/v2\/types\/product"}],"replies":[{"embeddable":true,"href":"https:\/\/chemneo.com\/es\/wp-json\/wp\/v2\/comments?post=5478"}],"wp:featuredmedia":[{"embeddable":true,"href":"https:\/\/chemneo.com\/es\/wp-json\/wp\/v2\/media\/5477"}],"wp:attachment":[{"href":"https:\/\/chemneo.com\/es\/wp-json\/wp\/v2\/media?parent=5478"}],"wp:term":[{"taxonomy":"product_brand","embeddable":true,"href":"https:\/\/chemneo.com\/es\/wp-json\/wp\/v2\/product_brand?post=5478"},{"taxonomy":"product_cat","embeddable":true,"href":"https:\/\/chemneo.com\/es\/wp-json\/wp\/v2\/product_cat?post=5478"},{"taxonomy":"product_tag","embeddable":true,"href":"https:\/\/chemneo.com\/es\/wp-json\/wp\/v2\/product_tag?post=5478"}],"curies":[{"name":"wp","href":"https:\/\/api.w.org\/{rel}","templated":true}]}}