{"id":5566,"date":"2024-11-13T11:15:58","date_gmt":"2024-11-13T03:15:58","guid":{"rendered":"https:\/\/chemneo.com\/product\/5566.html"},"modified":"2024-11-13T11:15:59","modified_gmt":"2024-11-13T03:15:59","slug":"n-octylphosphonic-acid-cas-4724-48-5","status":"publish","type":"product","link":"https:\/\/chemneo.com\/es\/product\/5566.html","title":{"rendered":"\u00c1cido N-octilfosf\u00f3nico Cas 4724-48-5"},"content":{"rendered":"<p>Descripci\u00f3n<\/p>\n<p>\tN-octylphosphonic Acid Details<br \/>\nChemical Name: n-octylphosphonic acidCAS No.: 4724-48-5Molecular Fomula: C8H19O3P<br \/>\nEstructura qu\u00edmica:<\/p>\n<p>Peso molecular: 194,21<br \/>\nAspecto: polvo blanco<br \/>\nEnsayo\uff1a\u226599%<br \/>\nN-octylphosphonic Acid Properties<\/p>\n<p>ITEMS<br \/>\nSPECIFICATION<\/p>\n<p>Melting point<br \/>\n100-102\u00b0C<\/p>\n<p>Punto de ebullici\u00f3n<br \/>\n170 \u00b0C(Press: 0.05 Torr)<\/p>\n<p>Densidad<br \/>\n1.080\u00b10.06 g\/cm3(Predicted)<\/p>\n<p>Colour<br \/>\nWhite to off white<\/p>\n<p>N-octylphosphonic Acid Application:<br \/>\nN-Octylphosphoric acid is also widely used in daily chemicals such as laundry detergent, dishwashing detergent, and car wash detergent<br \/>\nN-octylphosphonic Acid Packaging and Shipping\u00a0<br \/>\nCustomized according to customer needs.<br \/>\nN-OCTYLPHOSPHONIC ACID Storage<br \/>\nSealed in dry,Room Temperature<\/p>","protected":false},"excerpt":{"rendered":"<p>Nombre qu\u00edmico: \u00e1cido n-octilfosf\u00f3nico<br \/>\nN\u00ba CAS: 4724-48-5<br \/>\nF\u00f3mula molecular: C8H19O3P<br \/>\nPeso molecular: 194,21<br \/>\nAspecto: polvo blanco<br \/>\nEnsayo\uff1a\u226599%<\/p>","protected":false},"featured_media":5565,"comment_status":"open","ping_status":"closed","template":"","meta":[],"product_brand":[],"product_cat":[17],"product_tag":[],"class_list":{"0":"post-5566","1":"product","2":"type-product","3":"status-publish","4":"has-post-thumbnail","6":"product_cat-uncategorized","8":"first","9":"instock","10":"shipping-taxable","11":"product-type-simple"},"_links":{"self":[{"href":"https:\/\/chemneo.com\/es\/wp-json\/wp\/v2\/product\/5566","targetHints":{"allow":["GET"]}}],"collection":[{"href":"https:\/\/chemneo.com\/es\/wp-json\/wp\/v2\/product"}],"about":[{"href":"https:\/\/chemneo.com\/es\/wp-json\/wp\/v2\/types\/product"}],"replies":[{"embeddable":true,"href":"https:\/\/chemneo.com\/es\/wp-json\/wp\/v2\/comments?post=5566"}],"wp:featuredmedia":[{"embeddable":true,"href":"https:\/\/chemneo.com\/es\/wp-json\/wp\/v2\/media\/5565"}],"wp:attachment":[{"href":"https:\/\/chemneo.com\/es\/wp-json\/wp\/v2\/media?parent=5566"}],"wp:term":[{"taxonomy":"product_brand","embeddable":true,"href":"https:\/\/chemneo.com\/es\/wp-json\/wp\/v2\/product_brand?post=5566"},{"taxonomy":"product_cat","embeddable":true,"href":"https:\/\/chemneo.com\/es\/wp-json\/wp\/v2\/product_cat?post=5566"},{"taxonomy":"product_tag","embeddable":true,"href":"https:\/\/chemneo.com\/es\/wp-json\/wp\/v2\/product_tag?post=5566"}],"curies":[{"name":"wp","href":"https:\/\/api.w.org\/{rel}","templated":true}]}}