{"id":5590,"date":"2024-11-13T11:16:21","date_gmt":"2024-11-13T03:16:21","guid":{"rendered":"https:\/\/chemneo.com\/product\/5590.html"},"modified":"2024-11-13T11:16:22","modified_gmt":"2024-11-13T03:16:22","slug":"2-n-morpholinoethanesulfonic-acid-hemisodium-salt-cas-117961-21-4","status":"publish","type":"product","link":"https:\/\/chemneo.com\/es\/product\/5590.html","title":{"rendered":"Sal hemis\u00f3dica del \u00e1cido 2-(N-morfolino)etanosulf\u00f3nico CAS 117961-21-4"},"content":{"rendered":"<p>Descripci\u00f3n<\/p>\n<p>\t2-(N-Morpholino)ethanesulfonic acid hemisodium salt Details<br \/>\nChemical Name: 2-(N-Morpholino)ethanesulfonic acid hemisodium salt<br \/>\nCAS No.: 117961-21-4<br \/>\nMolecular Formula: C12H25N2NaO8S2<br \/>\nMolecular Weight: 412.46<br \/>\nMolecular\u00a0Structure:<br \/>\nAspecto: Polvo<br \/>\n2-(N-Morpholino)ethanesulfonic acid hemisodium salt Typical Properties<\/p>\n<p>Apariencia<br \/>\nPolvo<\/p>\n<p>Colour<br \/>\nBlanco<\/p>\n<p>2-(N-Morpholino)ethanesulfonic acid hemisodium salt Usage<br \/>\nUsed as monomers for organic synthesis intermediates and polymers. Used in functional polymers, surfactants, antistatic agents, photosensitive resins, coatings, medicines, pesticides and many other aspects.<br \/>\n2-(N-Morpholino)ethanesulfonic acid hemisodium salt Packaging and Shipping<br \/>\nPacking: 25KG\/Drum<br \/>\n2-(N-Morpholino)ethanesulfonic acid hemisodium salt Storage<br \/>\nKeep in a well-closed,light-resistant, dry and cool place.<\/p>","protected":false},"excerpt":{"rendered":"<p>Chemical Name: 2-(N-Morpholino)ethanesulfonic acid hemisodium salt<br \/>\nCAS No.: 117961-21-4<br \/>\nMolecular Formula: C12H25N2NaO8S2<br \/>\nMolecular Weight: 412.46<br \/>\nAspecto: Polvo<\/p>","protected":false},"featured_media":5589,"comment_status":"open","ping_status":"closed","template":"","meta":[],"product_brand":[],"product_cat":[17],"product_tag":[],"class_list":{"0":"post-5590","1":"product","2":"type-product","3":"status-publish","4":"has-post-thumbnail","6":"product_cat-uncategorized","8":"first","9":"instock","10":"shipping-taxable","11":"product-type-simple"},"_links":{"self":[{"href":"https:\/\/chemneo.com\/es\/wp-json\/wp\/v2\/product\/5590","targetHints":{"allow":["GET"]}}],"collection":[{"href":"https:\/\/chemneo.com\/es\/wp-json\/wp\/v2\/product"}],"about":[{"href":"https:\/\/chemneo.com\/es\/wp-json\/wp\/v2\/types\/product"}],"replies":[{"embeddable":true,"href":"https:\/\/chemneo.com\/es\/wp-json\/wp\/v2\/comments?post=5590"}],"wp:featuredmedia":[{"embeddable":true,"href":"https:\/\/chemneo.com\/es\/wp-json\/wp\/v2\/media\/5589"}],"wp:attachment":[{"href":"https:\/\/chemneo.com\/es\/wp-json\/wp\/v2\/media?parent=5590"}],"wp:term":[{"taxonomy":"product_brand","embeddable":true,"href":"https:\/\/chemneo.com\/es\/wp-json\/wp\/v2\/product_brand?post=5590"},{"taxonomy":"product_cat","embeddable":true,"href":"https:\/\/chemneo.com\/es\/wp-json\/wp\/v2\/product_cat?post=5590"},{"taxonomy":"product_tag","embeddable":true,"href":"https:\/\/chemneo.com\/es\/wp-json\/wp\/v2\/product_tag?post=5590"}],"curies":[{"name":"wp","href":"https:\/\/api.w.org\/{rel}","templated":true}]}}