{"id":5724,"date":"2024-11-13T11:18:25","date_gmt":"2024-11-13T03:18:25","guid":{"rendered":"https:\/\/chemneo.com\/product\/5724.html"},"modified":"2024-11-13T11:18:26","modified_gmt":"2024-11-13T03:18:26","slug":"99-diphenylfluorene-2-boronic-acid-pinacol-ester-cas-462128-39-8","status":"publish","type":"product","link":"https:\/\/chemneo.com\/es\/product\/5724.html","title":{"rendered":"\u00e9ster pinac\u00f3lico del \u00e1cido 9,9-difenilfluoreno-2-bor\u00f3nico CAS 462128-39-8"},"content":{"rendered":"<p>Descripci\u00f3n<\/p>\n<p>\t9,9-Diphenylfluorene-2-Boronic acid pinacol esterQuick Details<br \/>\nNombre qu\u00edmico: Ester pinacol del \u00e1cido 9,9-difenilfluoreno-2-bor\u00f3nico<br \/>\nN\u00ba CAS: 462128-39-8<br \/>\nF\u00f3mula molecular: C31H29BO2<br \/>\nEstructura qu\u00edmica:<\/p>\n<p>Peso molecular: 444,37<br \/>\nAspecto: Polvo blanco<br \/>\nEnsayo: \u226598.0%<br \/>\nTypical Properties<\/p>\n<p>ITEMS<br \/>\nSPECIFICATION<\/p>\n<p>Pureza<br \/>\n98%<\/p>\n<p>Apariencia<br \/>\nWhite \u00a0powder<\/p>\n<p>\u00a0<br \/>\n9,9-Diphenylfluorene-2-Boronic acid pinacol ester application:<br \/>\nIts main use is as an intermediate in organic synthesis. This compound can be used to synthesize other more complex organic molecules, especially in the fields of drug development and materials science. For example, it can be used to synthesize 2-chloro-4-(9,9-diphenylfluoren-2-yl)quinazoline<br \/>\nPackaging and Shipping\u00a0<br \/>\n25kg\/drum<br \/>\n9,9-Diphenylfluorene-2-Boronic acid pinacol ester Storage<br \/>\nIt should be stored in a clean, dry and cool place, preventing from sunlight, rain.<\/p>","protected":false},"excerpt":{"rendered":"<p>Nombre qu\u00edmico: Ester pinacol del \u00e1cido 9,9-difenilfluoreno-2-bor\u00f3nico<br \/>\nN\u00ba CAS: 462128-39-8<br \/>\nF\u00f3mula molecular: C31H29BO2<br \/>\nPeso molecular: 444,37<br \/>\nAspecto: Polvo blanco<br \/>\nEnsayo: \u226598.0%<\/p>","protected":false},"featured_media":5723,"comment_status":"open","ping_status":"closed","template":"","meta":[],"product_brand":[],"product_cat":[17],"product_tag":[],"class_list":{"0":"post-5724","1":"product","2":"type-product","3":"status-publish","4":"has-post-thumbnail","6":"product_cat-uncategorized","8":"first","9":"instock","10":"shipping-taxable","11":"product-type-simple"},"_links":{"self":[{"href":"https:\/\/chemneo.com\/es\/wp-json\/wp\/v2\/product\/5724","targetHints":{"allow":["GET"]}}],"collection":[{"href":"https:\/\/chemneo.com\/es\/wp-json\/wp\/v2\/product"}],"about":[{"href":"https:\/\/chemneo.com\/es\/wp-json\/wp\/v2\/types\/product"}],"replies":[{"embeddable":true,"href":"https:\/\/chemneo.com\/es\/wp-json\/wp\/v2\/comments?post=5724"}],"wp:featuredmedia":[{"embeddable":true,"href":"https:\/\/chemneo.com\/es\/wp-json\/wp\/v2\/media\/5723"}],"wp:attachment":[{"href":"https:\/\/chemneo.com\/es\/wp-json\/wp\/v2\/media?parent=5724"}],"wp:term":[{"taxonomy":"product_brand","embeddable":true,"href":"https:\/\/chemneo.com\/es\/wp-json\/wp\/v2\/product_brand?post=5724"},{"taxonomy":"product_cat","embeddable":true,"href":"https:\/\/chemneo.com\/es\/wp-json\/wp\/v2\/product_cat?post=5724"},{"taxonomy":"product_tag","embeddable":true,"href":"https:\/\/chemneo.com\/es\/wp-json\/wp\/v2\/product_tag?post=5724"}],"curies":[{"name":"wp","href":"https:\/\/api.w.org\/{rel}","templated":true}]}}