{"id":10332,"date":"2024-11-13T15:17:16","date_gmt":"2024-11-13T07:17:16","guid":{"rendered":"https:\/\/chemneo.com\/product\/10332.html"},"modified":"2024-11-13T15:17:16","modified_gmt":"2024-11-13T07:17:16","slug":"alcohols-c12-14-ethoxylated-propoxylated-cas-68439-51-0-2","status":"publish","type":"product","link":"https:\/\/chemneo.com\/pt\/product\/10332.html","title":{"rendered":"\u00c1lcoois, C12-14, etoxilados propoxilados Cas 68439-51-0"},"content":{"rendered":"<p>Descri\u00e7\u00e3o<\/p>\n<p>\tAlcohols, C12-14, ethoxylated propoxylated Details<br \/>\nChemical Name: Alcohols, C12-14, ethoxylated propoxylated<br \/>\nCAS No.: 68439-51-0<br \/>\nMolecular Formula: C34H70O10<br \/>\nMolecular Weight: 638.91400<br \/>\nMolecular\u00a0Structure:<br \/>\nAspeto: L\u00edquido incolor a amarelo claro<br \/>\nAlcohols, C12-14, ethoxylated propoxylated Typical Properties<\/p>\n<p>Apar\u00eancia<br \/>\nColorless to light yellow liquid<\/p>\n<p>Ensaio<br \/>\n99min<\/p>\n<p>Cloud point<br \/>\n28~32<\/p>\n<p>PH(1% water solution)<br \/>\n5.0~7.0<\/p>\n<p>Alcohols, C12-14, ethoxylated propoxylated Usage<br \/>\nThis product is suitable for the preparation of pretreatment agents for various fiber fabrics, which is beneficial to the shedding and dispersion of the oil agent. The treatment agent foam prepared by it is lower than that of JFC.<br \/>\nUsed as emulsifier, penetrant and detergent in other industries.<br \/>\nAlcohols, C12-14, ethoxylated propoxylated Packaging and Shipping<br \/>\nPacking: 25KG\/Drum<br \/>\nAlcohols, C12-14, ethoxylated propoxylated Storage<br \/>\nSealed at room temperature and away from light.<\/p>","protected":false},"excerpt":{"rendered":"<p>Chemical Name: Alcohols, C12-14, ethoxylated propoxylated<br \/>\nCAS No.: 68439-51-0<br \/>\nMolecular Formula: C34H70O10<br \/>\nMolecular Weight: 638.91400<br \/>\nAspeto: L\u00edquido incolor a amarelo claro<\/p>","protected":false},"featured_media":6563,"comment_status":"open","ping_status":"closed","template":"","meta":[],"product_brand":[],"product_cat":[17],"product_tag":[],"class_list":{"0":"post-10332","1":"product","2":"type-product","3":"status-publish","4":"has-post-thumbnail","6":"product_cat-uncategorized","8":"first","9":"instock","10":"shipping-taxable","11":"product-type-simple"},"_links":{"self":[{"href":"https:\/\/chemneo.com\/pt\/wp-json\/wp\/v2\/product\/10332","targetHints":{"allow":["GET"]}}],"collection":[{"href":"https:\/\/chemneo.com\/pt\/wp-json\/wp\/v2\/product"}],"about":[{"href":"https:\/\/chemneo.com\/pt\/wp-json\/wp\/v2\/types\/product"}],"replies":[{"embeddable":true,"href":"https:\/\/chemneo.com\/pt\/wp-json\/wp\/v2\/comments?post=10332"}],"wp:featuredmedia":[{"embeddable":true,"href":"https:\/\/chemneo.com\/pt\/wp-json\/wp\/v2\/media\/6563"}],"wp:attachment":[{"href":"https:\/\/chemneo.com\/pt\/wp-json\/wp\/v2\/media?parent=10332"}],"wp:term":[{"taxonomy":"product_brand","embeddable":true,"href":"https:\/\/chemneo.com\/pt\/wp-json\/wp\/v2\/product_brand?post=10332"},{"taxonomy":"product_cat","embeddable":true,"href":"https:\/\/chemneo.com\/pt\/wp-json\/wp\/v2\/product_cat?post=10332"},{"taxonomy":"product_tag","embeddable":true,"href":"https:\/\/chemneo.com\/pt\/wp-json\/wp\/v2\/product_tag?post=10332"}],"curies":[{"name":"wp","href":"https:\/\/api.w.org\/{rel}","templated":true}]}}