{"id":10334,"date":"2024-11-13T15:17:16","date_gmt":"2024-11-13T07:17:16","guid":{"rendered":"https:\/\/chemneo.com\/product\/10334.html"},"modified":"2024-11-13T15:17:16","modified_gmt":"2024-11-13T07:17:16","slug":"sodium-thioglycolate-cas-367-51-1-2","status":"publish","type":"product","link":"https:\/\/chemneo.com\/pt\/product\/10334.html","title":{"rendered":"Tioglicolato de s\u00f3dio CAS 367-51-1"},"content":{"rendered":"<p>Descri\u00e7\u00e3o<\/p>\n<p>\tSodium thioglycolate Quick details:<br \/>\nProduct name: Sodium Thioglycolate; Sodium Thioglycollate<br \/>\nOther name: Mercapto-acetic acimono sodium salt; NATG; STGA<br \/>\nCAS: 367-51-1<br \/>\nMolecular Formula: C2H5NaO2S<br \/>\nMolecular Weight: 116.11<br \/>\nAssay: 45%min; 99%min<br \/>\nAppearance: Liquid; Powder<br \/>\nTypical Properties:<\/p>\n<p>Item<br \/>\nSpecifications<\/p>\n<p>Apar\u00eancia<br \/>\nTiny yellow or colorless liquid<\/p>\n<p>Activity,%<br \/>\n\u226545.00<\/p>\n<p>Fe, ppm(mg\/kg)<br \/>\n\u2264 0.2<\/p>\n<p>pH<br \/>\n8.0-11.0 (25\u2103)<\/p>\n<p>Utiliza\u00e7\u00e3o<br \/>\nIt is a new generation of more effective non-toxic inhibitors.<br \/>\nIt can be used as an inhibitor of copper minerals and pyrite in copper-molybdenum ore flotation.<br \/>\nIt can be used as an analytical reagent and preparation of chemical blanching solution.<br \/>\nIt can also be used as a depilatory agent.<br \/>\nShelf life<br \/>\n24 months, Under cool and dry condition<br \/>\nEmbalagem<br \/>\n250 kg\/drum<\/p>","protected":false},"excerpt":{"rendered":"<p>Appearance: Liquid; Powder<br \/>\nAssay: 45%min;99%min<br \/>\nCapacity: 200mt\/ month<br \/>\nAmostra: Dispon\u00edvel<\/p>","protected":false},"featured_media":6567,"comment_status":"open","ping_status":"closed","template":"","meta":[],"product_brand":[],"product_cat":[17],"product_tag":[],"class_list":{"0":"post-10334","1":"product","2":"type-product","3":"status-publish","4":"has-post-thumbnail","6":"product_cat-uncategorized","8":"first","9":"instock","10":"shipping-taxable","11":"product-type-simple"},"_links":{"self":[{"href":"https:\/\/chemneo.com\/pt\/wp-json\/wp\/v2\/product\/10334","targetHints":{"allow":["GET"]}}],"collection":[{"href":"https:\/\/chemneo.com\/pt\/wp-json\/wp\/v2\/product"}],"about":[{"href":"https:\/\/chemneo.com\/pt\/wp-json\/wp\/v2\/types\/product"}],"replies":[{"embeddable":true,"href":"https:\/\/chemneo.com\/pt\/wp-json\/wp\/v2\/comments?post=10334"}],"wp:featuredmedia":[{"embeddable":true,"href":"https:\/\/chemneo.com\/pt\/wp-json\/wp\/v2\/media\/6567"}],"wp:attachment":[{"href":"https:\/\/chemneo.com\/pt\/wp-json\/wp\/v2\/media?parent=10334"}],"wp:term":[{"taxonomy":"product_brand","embeddable":true,"href":"https:\/\/chemneo.com\/pt\/wp-json\/wp\/v2\/product_brand?post=10334"},{"taxonomy":"product_cat","embeddable":true,"href":"https:\/\/chemneo.com\/pt\/wp-json\/wp\/v2\/product_cat?post=10334"},{"taxonomy":"product_tag","embeddable":true,"href":"https:\/\/chemneo.com\/pt\/wp-json\/wp\/v2\/product_tag?post=10334"}],"curies":[{"name":"wp","href":"https:\/\/api.w.org\/{rel}","templated":true}]}}