{"id":10350,"date":"2024-11-13T15:17:18","date_gmt":"2024-11-13T07:17:18","guid":{"rendered":"https:\/\/chemneo.com\/product\/10350.html"},"modified":"2024-11-13T15:17:18","modified_gmt":"2024-11-13T07:17:18","slug":"2-ethylhexyl-diphenyl-phosphite-cas-15647-08-2-2","status":"publish","type":"product","link":"https:\/\/chemneo.com\/pt\/product\/10350.html","title":{"rendered":"2-Ethylhexyl Diphenyl Phosphite CAS 15647-08-2"},"content":{"rendered":"<p>Descri\u00e7\u00e3o<\/p>\n<p>\t2-Ethylhexyl Diphenyl Phosphite Details<br \/>\nChemical Name: 2-Ethylhexyl Diphenyl Phosphite<br \/>\nCAS No.: 15647-08-2<br \/>\nMolecular Formula: C20H27O3P<br \/>\nMolecular Weight: 346.4<br \/>\nMolecular\u00a0Structure:<br \/>\nAspeto: L\u00edquido transparente<br \/>\n2-Ethylhexyl Diphenyl Phosphite Typical Properties<\/p>\n<p>Ponto de ebuli\u00e7\u00e3o<br \/>\n389.9\u00b115.0 \u00b0C(Predicted)<\/p>\n<p>Densidade<br \/>\n1.0540<\/p>\n<p>\u00cdndice de refra\u00e7\u00e3o<br \/>\n1.5207<\/p>\n<p>Apar\u00eancia<br \/>\nL\u00edquido<\/p>\n<p>Colour<br \/>\nTransparent<\/p>\n<p>2-Ethylhexyl Diphenyl Phosphite Usage<br \/>\nMainly used as reagents and intermediates in organic synthesis.<br \/>\n2-Ethylhexyl Diphenyl Phosphite Packaging and Shipping<br \/>\nPacking: 25KG\/Drum<br \/>\n2-Ethylhexyl Diphenyl Phosphite Storage<br \/>\nKeep in a well-closed,light-resistant, dry and cool place.<\/p>","protected":false},"excerpt":{"rendered":"<p>Chemical Name: 2-Ethylhexyl Diphenyl Phosphite<br \/>\nCAS No.: 15647-08-2<br \/>\nMolecular Formula: C20H27O3P<br \/>\nMolecular Weight: 346.4<br \/>\nAspeto: L\u00edquido transparente<\/p>","protected":false},"featured_media":6599,"comment_status":"open","ping_status":"closed","template":"","meta":[],"product_brand":[],"product_cat":[17],"product_tag":[],"class_list":{"0":"post-10350","1":"product","2":"type-product","3":"status-publish","4":"has-post-thumbnail","6":"product_cat-uncategorized","8":"first","9":"instock","10":"shipping-taxable","11":"product-type-simple"},"_links":{"self":[{"href":"https:\/\/chemneo.com\/pt\/wp-json\/wp\/v2\/product\/10350","targetHints":{"allow":["GET"]}}],"collection":[{"href":"https:\/\/chemneo.com\/pt\/wp-json\/wp\/v2\/product"}],"about":[{"href":"https:\/\/chemneo.com\/pt\/wp-json\/wp\/v2\/types\/product"}],"replies":[{"embeddable":true,"href":"https:\/\/chemneo.com\/pt\/wp-json\/wp\/v2\/comments?post=10350"}],"wp:featuredmedia":[{"embeddable":true,"href":"https:\/\/chemneo.com\/pt\/wp-json\/wp\/v2\/media\/6599"}],"wp:attachment":[{"href":"https:\/\/chemneo.com\/pt\/wp-json\/wp\/v2\/media?parent=10350"}],"wp:term":[{"taxonomy":"product_brand","embeddable":true,"href":"https:\/\/chemneo.com\/pt\/wp-json\/wp\/v2\/product_brand?post=10350"},{"taxonomy":"product_cat","embeddable":true,"href":"https:\/\/chemneo.com\/pt\/wp-json\/wp\/v2\/product_cat?post=10350"},{"taxonomy":"product_tag","embeddable":true,"href":"https:\/\/chemneo.com\/pt\/wp-json\/wp\/v2\/product_tag?post=10350"}],"curies":[{"name":"wp","href":"https:\/\/api.w.org\/{rel}","templated":true}]}}