{"id":10360,"date":"2024-11-13T15:17:19","date_gmt":"2024-11-13T07:17:19","guid":{"rendered":"https:\/\/chemneo.com\/product\/10360.html"},"modified":"2024-11-13T15:17:20","modified_gmt":"2024-11-13T07:17:20","slug":"vinylphosphonic-acid-cas-1746-03-8-2","status":"publish","type":"product","link":"https:\/\/chemneo.com\/pt\/product\/10360.html","title":{"rendered":"\u00c1cido vinilfosf\u00f3nico Cas 1746-03-8"},"content":{"rendered":"<p>Descri\u00e7\u00e3o<\/p>\n<p>\tVinylphosphonic Acid Details<br \/>\nChemical Name: Vinylphosphonic acid<br \/>\nOther Name: Vinylphosphonsure; Vinyl phosphoric acid<br \/>\nCAS No.: 1746-03-8<br \/>\nMolecular Formula: C2H5O3P<br \/>\nMolecular Weight: 108.03<br \/>\nMolecular\u00a0Structure:<\/p>\n<p>Aspeto: L\u00edquido<br \/>\nVinylphosphonic Acid Typical Properties<\/p>\n<p>Melting point<br \/>\n41-45\u00a0\u00b0C(lit.)<\/p>\n<p>Ponto de ebuli\u00e7\u00e3o<br \/>\n97-98 \u00b0C(Press: 2 Torr)<\/p>\n<p>Densidade<br \/>\n1.389\u00a0g\/mL\u00a0at 25\u00a0\u00b0C(lit.)<\/p>\n<p>Water Solubility<br \/>\n100g\/L at 20\u2103<\/p>\n<p>Armazenamento<br \/>\nSealed in dry,Room Temperature<\/p>\n<p>Apar\u00eancia<br \/>\nL\u00edquido<\/p>\n<p>Colour<br \/>\nColorless to light yellow<\/p>\n<p>Ponto de inflama\u00e7\u00e3o<br \/>\n>230\u00a0\u00b0F<\/p>\n<p>Vapor Pressure<br \/>\n0Pa at 20\u2103<\/p>\n<p>Refractive index<br \/>\nn20\/D 1.473<\/p>\n<p>Acidity coefficient (pKa)<br \/>\n2.11\u00b10.10(Predicted)<\/p>\n<p>PH<br \/>\n1.5 (50g\/l, H2O, 30\u2103)<\/p>\n<p>Vinylphosphonic Acid Usage<br \/>\nUsed as an additive for inkjet inks to reduce ink viscosity and act as a dispersant<br \/>\nUsed as a metal surface treatment agent to improve the corrosion resistance and adhesion of metal surfaces<br \/>\nUsed as a coating additive<br \/>\nVinylphosphonic Acid Packaging and Shipping<br \/>\nPacking: 25KG\/Drum<br \/>\nVinylphosphonic Acid Storage<br \/>\nKeep in a well-closed, light-resistant, dry and cool place.<\/p>","protected":false},"excerpt":{"rendered":"<p>Chemical Name: Vinylphosphonic acid<br \/>\nOther Name: Vinylphosphonsure; Vinyl phosphoric acid<br \/>\nCAS No.: 1746-03-8<br \/>\nMolecular Formula: C2H5O3P<br \/>\nMolecular Weight: 108.03<\/p>","protected":false},"featured_media":6619,"comment_status":"open","ping_status":"closed","template":"","meta":[],"product_brand":[],"product_cat":[17],"product_tag":[],"class_list":{"0":"post-10360","1":"product","2":"type-product","3":"status-publish","4":"has-post-thumbnail","6":"product_cat-uncategorized","8":"first","9":"instock","10":"shipping-taxable","11":"product-type-simple"},"_links":{"self":[{"href":"https:\/\/chemneo.com\/pt\/wp-json\/wp\/v2\/product\/10360","targetHints":{"allow":["GET"]}}],"collection":[{"href":"https:\/\/chemneo.com\/pt\/wp-json\/wp\/v2\/product"}],"about":[{"href":"https:\/\/chemneo.com\/pt\/wp-json\/wp\/v2\/types\/product"}],"replies":[{"embeddable":true,"href":"https:\/\/chemneo.com\/pt\/wp-json\/wp\/v2\/comments?post=10360"}],"wp:featuredmedia":[{"embeddable":true,"href":"https:\/\/chemneo.com\/pt\/wp-json\/wp\/v2\/media\/6619"}],"wp:attachment":[{"href":"https:\/\/chemneo.com\/pt\/wp-json\/wp\/v2\/media?parent=10360"}],"wp:term":[{"taxonomy":"product_brand","embeddable":true,"href":"https:\/\/chemneo.com\/pt\/wp-json\/wp\/v2\/product_brand?post=10360"},{"taxonomy":"product_cat","embeddable":true,"href":"https:\/\/chemneo.com\/pt\/wp-json\/wp\/v2\/product_cat?post=10360"},{"taxonomy":"product_tag","embeddable":true,"href":"https:\/\/chemneo.com\/pt\/wp-json\/wp\/v2\/product_tag?post=10360"}],"curies":[{"name":"wp","href":"https:\/\/api.w.org\/{rel}","templated":true}]}}