{"id":10366,"date":"2024-11-13T15:17:21","date_gmt":"2024-11-13T07:17:21","guid":{"rendered":"https:\/\/chemneo.com\/product\/10366.html"},"modified":"2024-11-13T15:17:21","modified_gmt":"2024-11-13T07:17:21","slug":"diammonium-tridecaoxotetramolybdate2-cas-12207-64-6-2","status":"publish","type":"product","link":"https:\/\/chemneo.com\/pt\/product\/10366.html","title":{"rendered":"Tridecaoxotetramolibdato de diam\u00f3nio(2-) CAS 12207-64-6"},"content":{"rendered":"<p>Descri\u00e7\u00e3o<\/p>\n<p>\tDiammonium tridecaoxotetramolybdate(2-)\u00a0Quick Details<br \/>\nChemical Name: Diammonium tridecaoxotetramolybdate(2-)<br \/>\nCAS No.: 12207-64-6<br \/>\nMolecular Fomula: Mo4O13.2H4N<br \/>\nChemical Structure:<br \/>\nMolecular weight:\u00a0627.82<br \/>\nAppearance:\u00a0Colorless or light yellow-green monoclinic crystal<br \/>\nEnsaio: 99%<br \/>\nDiammonium tridecaoxotetramolybdate(2-) Typical Properties<\/p>\n<p>ITEMS<br \/>\nSPECIFICATION<\/p>\n<p>Densidade<br \/>\nno data<\/p>\n<p>Ponto de ebuli\u00e7\u00e3o<br \/>\nno data<\/p>\n<p>Melt point<br \/>\nno data<\/p>\n<p>Ponto de inflama\u00e7\u00e3o<br \/>\nno data<\/p>\n<p>\u00a0<br \/>\nDiammonium tridecaoxotetramolybdate(2-) application:<br \/>\nIt is often used in the production of petroleum refining catalysts such as hydrogenation and desulfurization, trace element fertilizers, and raw materials for manufacturing ceramic colors, pigments and other molybdenum compounds.<br \/>\nDiammonium tridecaoxotetramolybdate(2-) Packaging and Shipping\u00a0<br \/>\ncustomized according to customer needs.<br \/>\nDiammonium tridecaoxotetramolybdate(2-) Storage<br \/>\nIt should be stored in a clean, dry and cool place, preventing from sunlight, rain.<\/p>","protected":false},"excerpt":{"rendered":"<p>Chemical Name: Diammonium tridecaoxotetramolybdate(2-)<br \/>\nCAS No.: 12207-64-6<br \/>\nMolecular Fomula: Mo4O13.2H4N<br \/>\nMolecular weight:\u00a0627.82<br \/>\nAppearance:\u00a0Colorless or light yellow-green monoclinic crystal<br \/>\nEnsaio: 99%<\/p>","protected":false},"featured_media":6631,"comment_status":"open","ping_status":"closed","template":"","meta":[],"product_brand":[],"product_cat":[17],"product_tag":[],"class_list":{"0":"post-10366","1":"product","2":"type-product","3":"status-publish","4":"has-post-thumbnail","6":"product_cat-uncategorized","8":"first","9":"instock","10":"shipping-taxable","11":"product-type-simple"},"_links":{"self":[{"href":"https:\/\/chemneo.com\/pt\/wp-json\/wp\/v2\/product\/10366","targetHints":{"allow":["GET"]}}],"collection":[{"href":"https:\/\/chemneo.com\/pt\/wp-json\/wp\/v2\/product"}],"about":[{"href":"https:\/\/chemneo.com\/pt\/wp-json\/wp\/v2\/types\/product"}],"replies":[{"embeddable":true,"href":"https:\/\/chemneo.com\/pt\/wp-json\/wp\/v2\/comments?post=10366"}],"wp:featuredmedia":[{"embeddable":true,"href":"https:\/\/chemneo.com\/pt\/wp-json\/wp\/v2\/media\/6631"}],"wp:attachment":[{"href":"https:\/\/chemneo.com\/pt\/wp-json\/wp\/v2\/media?parent=10366"}],"wp:term":[{"taxonomy":"product_brand","embeddable":true,"href":"https:\/\/chemneo.com\/pt\/wp-json\/wp\/v2\/product_brand?post=10366"},{"taxonomy":"product_cat","embeddable":true,"href":"https:\/\/chemneo.com\/pt\/wp-json\/wp\/v2\/product_cat?post=10366"},{"taxonomy":"product_tag","embeddable":true,"href":"https:\/\/chemneo.com\/pt\/wp-json\/wp\/v2\/product_tag?post=10366"}],"curies":[{"name":"wp","href":"https:\/\/api.w.org\/{rel}","templated":true}]}}