{"id":10368,"date":"2024-11-13T15:17:21","date_gmt":"2024-11-13T07:17:21","guid":{"rendered":"https:\/\/chemneo.com\/product\/10368.html"},"modified":"2024-11-13T15:17:21","modified_gmt":"2024-11-13T07:17:21","slug":"2-nitroaniline-4-sulfonic-acid-ammmonium-sodium-salt-cas-82324-60-5-2","status":"publish","type":"product","link":"https:\/\/chemneo.com\/pt\/product\/10368.html","title":{"rendered":"Sal de s\u00f3dio de am\u00f3nio do \u00e1cido 2-nitroanilina-4-sulf\u00f3nico CAS 82324-60-5"},"content":{"rendered":"<p>Descri\u00e7\u00e3o<\/p>\n<p>\t2-Nitroaniline-4-sulfonic acid ammmonium sodium salt Quick Details<br \/>\nChemical Name: 2-Nitroaniline-4-sulfonic acid ammmonium sodium salt<br \/>\nCAS No.: 82324-60-5<br \/>\nMolecular Fomula: C12H14N5NaO10S2<br \/>\nChemical Structure:<br \/>\nMolecular weight:\u00a0475.38683<br \/>\nAppearance:\u00a0White to Light yellow crystalline solid<br \/>\nEnsaio: 98%<br \/>\n2-Nitroaniline-4-sulfonic acid ammmonium sodium salt\u00a0Typical Properties<\/p>\n<p>ITEMS<br \/>\nSPECIFICATION<\/p>\n<p>Densidade<br \/>\n1.613-1.705g\/cm3 at 19-29\u2103<\/p>\n<p>Ponto de ebuli\u00e7\u00e3o<br \/>\n500\u00b0C<\/p>\n<p>MF<br \/>\n\u00a0475.38683<\/p>\n<p>EINECS<br \/>\n700-384-6<\/p>\n<p>2-Nitroaniline-4-sulfonic acid ammmonium sodium salt\u00a0application:<br \/>\nIt has high explosive performance and thermal stability and is widely used as a component of high-energy materials and explosives. It is often used in the preparation of propellants and fuels.<br \/>\n2-Nitroaniline-4-sulfonic acid ammmonium sodium salt\u00a0Packaging and Shipping\u00a0<br \/>\n25kg, customized according to customer needs.<br \/>\n2-Nitroaniline-4-sulfonic acid ammmonium sodium salt\u00a0Storage<br \/>\nIt should be stored in a clean, dry and cool place, preventing from sunlight, rain.<\/p>","protected":false},"excerpt":{"rendered":"<p>Chemical Name: 2-Nitroaniline-4-sulfonic acid ammmonium sodium salt<br \/>\nCAS No.: 82324-60-5<br \/>\nMolecular Fomula: C12H14N5NaO10S2<br \/>\nMolecular weight:\u00a0475.38683<br \/>\nAppearance:\u00a0White to Light yellow crystalline solid<br \/>\nEnsaio: 98%<\/p>","protected":false},"featured_media":6635,"comment_status":"open","ping_status":"closed","template":"","meta":[],"product_brand":[],"product_cat":[17],"product_tag":[],"class_list":{"0":"post-10368","1":"product","2":"type-product","3":"status-publish","4":"has-post-thumbnail","6":"product_cat-uncategorized","8":"first","9":"instock","10":"shipping-taxable","11":"product-type-simple"},"_links":{"self":[{"href":"https:\/\/chemneo.com\/pt\/wp-json\/wp\/v2\/product\/10368","targetHints":{"allow":["GET"]}}],"collection":[{"href":"https:\/\/chemneo.com\/pt\/wp-json\/wp\/v2\/product"}],"about":[{"href":"https:\/\/chemneo.com\/pt\/wp-json\/wp\/v2\/types\/product"}],"replies":[{"embeddable":true,"href":"https:\/\/chemneo.com\/pt\/wp-json\/wp\/v2\/comments?post=10368"}],"wp:featuredmedia":[{"embeddable":true,"href":"https:\/\/chemneo.com\/pt\/wp-json\/wp\/v2\/media\/6635"}],"wp:attachment":[{"href":"https:\/\/chemneo.com\/pt\/wp-json\/wp\/v2\/media?parent=10368"}],"wp:term":[{"taxonomy":"product_brand","embeddable":true,"href":"https:\/\/chemneo.com\/pt\/wp-json\/wp\/v2\/product_brand?post=10368"},{"taxonomy":"product_cat","embeddable":true,"href":"https:\/\/chemneo.com\/pt\/wp-json\/wp\/v2\/product_cat?post=10368"},{"taxonomy":"product_tag","embeddable":true,"href":"https:\/\/chemneo.com\/pt\/wp-json\/wp\/v2\/product_tag?post=10368"}],"curies":[{"name":"wp","href":"https:\/\/api.w.org\/{rel}","templated":true}]}}