{"id":10369,"date":"2024-11-13T15:17:21","date_gmt":"2024-11-13T07:17:21","guid":{"rendered":"https:\/\/chemneo.com\/product\/10369.html"},"modified":"2024-11-13T15:17:22","modified_gmt":"2024-11-13T07:17:22","slug":"aluminum-zirconium-octachlorohydrex-gly-cas-174514-58-0-2","status":"publish","type":"product","link":"https:\/\/chemneo.com\/pt\/product\/10369.html","title":{"rendered":"OCTACLOROHIDR\u00d3XIDO DE ALUM\u00cdNIO E ZIRC\u00d3NIO GLY CAS 174514-58-0"},"content":{"rendered":"<p>Descri\u00e7\u00e3o<\/p>\n<p>\tALUMINUM ZIRCONIUM OCTACHLOROHYDREX GLY Details<br \/>\nChemical Name: ALUMINUM ZIRCONIUM OCTACHLOROHYDREX GLY<br \/>\nCAS No.: 174514-58-0<br \/>\nMolecular Formula: C2H8AlClNO4Zr<br \/>\nAspeto: P\u00f3 branco<br \/>\nALUMINUM ZIRCONIUM OCTACHLOROHYDREX GLY Typical Properties<\/p>\n<p>Items<br \/>\nStandardard value<\/p>\n<p>Pureza<br \/>\n99%min<\/p>\n<p>Densidade<br \/>\n1.62 g\/mL at 25 \u00b0C<\/p>\n<p>Apar\u00eancia<br \/>\nP\u00f3 branco<\/p>\n<p>ALUMINUM ZIRCONIUM OCTACHLOROHYDREX GLY Usage<br \/>\nCosmetic Raw Materials<br \/>\nALUMINUM ZIRCONIUM OCTACHLOROHYDREX GLY Packaging and Shipping<br \/>\nPacking: 25KG\/Drum<br \/>\nALUMINUM ZIRCONIUM OCTACHLOROHYDREX GLY Storage<br \/>\nStore in cool place. Keep container tightly closed in a dry and well-ventilated place.<\/p>","protected":false},"excerpt":{"rendered":"<p>Chemical Name: ALUMINUM ZIRCONIUM OCTACHLOROHYDREX GLY<br \/>\nCAS No.: 174514-58-0<br \/>\nMolecular Formula: C2H8AlClNO4Zr<br \/>\nAspeto: P\u00f3 branco<\/p>","protected":false},"featured_media":6637,"comment_status":"open","ping_status":"closed","template":"","meta":[],"product_brand":[],"product_cat":[17],"product_tag":[],"class_list":{"0":"post-10369","1":"product","2":"type-product","3":"status-publish","4":"has-post-thumbnail","6":"product_cat-uncategorized","8":"first","9":"instock","10":"shipping-taxable","11":"product-type-simple"},"_links":{"self":[{"href":"https:\/\/chemneo.com\/pt\/wp-json\/wp\/v2\/product\/10369","targetHints":{"allow":["GET"]}}],"collection":[{"href":"https:\/\/chemneo.com\/pt\/wp-json\/wp\/v2\/product"}],"about":[{"href":"https:\/\/chemneo.com\/pt\/wp-json\/wp\/v2\/types\/product"}],"replies":[{"embeddable":true,"href":"https:\/\/chemneo.com\/pt\/wp-json\/wp\/v2\/comments?post=10369"}],"wp:featuredmedia":[{"embeddable":true,"href":"https:\/\/chemneo.com\/pt\/wp-json\/wp\/v2\/media\/6637"}],"wp:attachment":[{"href":"https:\/\/chemneo.com\/pt\/wp-json\/wp\/v2\/media?parent=10369"}],"wp:term":[{"taxonomy":"product_brand","embeddable":true,"href":"https:\/\/chemneo.com\/pt\/wp-json\/wp\/v2\/product_brand?post=10369"},{"taxonomy":"product_cat","embeddable":true,"href":"https:\/\/chemneo.com\/pt\/wp-json\/wp\/v2\/product_cat?post=10369"},{"taxonomy":"product_tag","embeddable":true,"href":"https:\/\/chemneo.com\/pt\/wp-json\/wp\/v2\/product_tag?post=10369"}],"curies":[{"name":"wp","href":"https:\/\/api.w.org\/{rel}","templated":true}]}}