{"id":10388,"date":"2024-11-13T15:17:24","date_gmt":"2024-11-13T07:17:24","guid":{"rendered":"https:\/\/chemneo.com\/product\/10388.html"},"modified":"2024-11-13T15:17:24","modified_gmt":"2024-11-13T07:17:24","slug":"tetraterbium-heptaoxide-cas-12037-01-3-2","status":"publish","type":"product","link":"https:\/\/chemneo.com\/pt\/product\/10388.html","title":{"rendered":"Hepta\u00f3xido de tetraterbio CAS 12037-01-3"},"content":{"rendered":"<p>Descri\u00e7\u00e3o<\/p>\n<p>\tTetraterbium heptaoxide\u00a0Quick Details<br \/>\nChemical Name:\u00a0Tetraterbium heptaoxide<br \/>\nCAS No.: 12037-01-3<br \/>\nMolecular Fomula:\u00a0O7Tb4-2<br \/>\nChemical Structure:<br \/>\nMolecular weight: 747.7<br \/>\nAppearance:\u00a0Brown to black powder<br \/>\nEnsaio: 99,95%min<br \/>\nTetraterbium heptaoxide\u00a0Typical Properties<\/p>\n<p>ITEMS<br \/>\nSPECIFICATION<\/p>\n<p>Apar\u00eancia<br \/>\nBrown to black powder<\/p>\n<p>Assay, %<br \/>\n99.95%min<\/p>\n<p>\u00a0<br \/>\nTetraterbium heptaoxide\u00a0application:<br \/>\nUsed as an additive for yttrium iron and yttrium aluminum garnet, as well as a raw material for producing metallic terbium, and can also be used as an additive for fluorescent powders<br \/>\nTetraterbium heptaoxide\u00a0Packaging and Shipping\u00a0<br \/>\nAluminum foil bag\/Customized according to customer needs<br \/>\nTetraterbium heptaoxide\u00a0Storage<br \/>\nKeep closed and store in a dry and ventilated place.<\/p>","protected":false},"excerpt":{"rendered":"<p>Chemical Name:\u00a0Tetraterbium heptaoxide<br \/>\nCAS No.: 12037-01-3<br \/>\nMolecular Fomula:\u00a0O7Tb4-2<br \/>\nMolecular weight: 747.7<br \/>\nAppearance:\u00a0Brown to black powder<br \/>\nEnsaio: 99,95%min<\/p>","protected":false},"featured_media":6675,"comment_status":"open","ping_status":"closed","template":"","meta":[],"product_brand":[],"product_cat":[17],"product_tag":[],"class_list":{"0":"post-10388","1":"product","2":"type-product","3":"status-publish","4":"has-post-thumbnail","6":"product_cat-uncategorized","8":"first","9":"instock","10":"shipping-taxable","11":"product-type-simple"},"_links":{"self":[{"href":"https:\/\/chemneo.com\/pt\/wp-json\/wp\/v2\/product\/10388","targetHints":{"allow":["GET"]}}],"collection":[{"href":"https:\/\/chemneo.com\/pt\/wp-json\/wp\/v2\/product"}],"about":[{"href":"https:\/\/chemneo.com\/pt\/wp-json\/wp\/v2\/types\/product"}],"replies":[{"embeddable":true,"href":"https:\/\/chemneo.com\/pt\/wp-json\/wp\/v2\/comments?post=10388"}],"wp:featuredmedia":[{"embeddable":true,"href":"https:\/\/chemneo.com\/pt\/wp-json\/wp\/v2\/media\/6675"}],"wp:attachment":[{"href":"https:\/\/chemneo.com\/pt\/wp-json\/wp\/v2\/media?parent=10388"}],"wp:term":[{"taxonomy":"product_brand","embeddable":true,"href":"https:\/\/chemneo.com\/pt\/wp-json\/wp\/v2\/product_brand?post=10388"},{"taxonomy":"product_cat","embeddable":true,"href":"https:\/\/chemneo.com\/pt\/wp-json\/wp\/v2\/product_cat?post=10388"},{"taxonomy":"product_tag","embeddable":true,"href":"https:\/\/chemneo.com\/pt\/wp-json\/wp\/v2\/product_tag?post=10388"}],"curies":[{"name":"wp","href":"https:\/\/api.w.org\/{rel}","templated":true}]}}