{"id":10402,"date":"2024-11-13T15:17:27","date_gmt":"2024-11-13T07:17:27","guid":{"rendered":"https:\/\/chemneo.com\/product\/10402.html"},"modified":"2024-11-13T15:17:27","modified_gmt":"2024-11-13T07:17:27","slug":"s-3-cyclohexenecarboxylic-acid-cas-5708-19-0-2","status":"publish","type":"product","link":"https:\/\/chemneo.com\/pt\/product\/10402.html","title":{"rendered":"\u00c1cido (S)-(-)-3-ciclohexenocarbox\u00edlico Cas 5708-19-0"},"content":{"rendered":"<p>Descri\u00e7\u00e3o<\/p>\n<p>\t(S)-(-)-3-CYCLOHEXENECARBOXYLIC ACID Quick Details<br \/>\nChemical Name:(S)-(-)-3-CYCLOHEXENECARBOXYLIC ACID<br \/>\nCAS No.: 5708-19-0<br \/>\nMolecular Fomula: C7H10O2<br \/>\nChemical Structure:<\/p>\n<p>Molecular weight: 126.15<br \/>\nAppearance: transparency liquid<br \/>\nAssay\uff1a99%<br \/>\n(S)-(-)-3-CYCLOHEXENECARBOXYLIC ACID\u00a0Typical Properties<\/p>\n<p>ITEMS<br \/>\nSPECIFICATION<\/p>\n<p>Densidade<br \/>\n1.126\u00b10.06 g\/cm3(Predicted)<\/p>\n<p>Ponto de ebuli\u00e7\u00e3o<br \/>\n118\u00b0C\/6mmHg(lit.)<\/p>\n<p>Melt point<br \/>\n19\u00b0C(lit.)<\/p>\n<p>\u00edndice de refra\u00e7\u00e3o<br \/>\n1.4780 to 1.4820<\/p>\n<p>(S)-(-)-3-CYCLOHEXENECARBOXYLIC ACID\u00a0application:<br \/>\n(S) -3-cyclohexene-1-carboxylic acid is a carboxylic acid derivative that can be used as a pharmaceutical intermediate.<br \/>\n(S)-(-)-3-CYCLOHEXENECARBOXYLIC ACID\u00a0Packaging and Shipping<br \/>\n1kg\/drum;5kg\/drum;25kg\/drum;200kg\/drum<br \/>\n(S)-(-)-3-CYCLOHEXENECARBOXYLIC ACID\u00a0Storage<br \/>\nThis product shall be airtight, out of the sun, moisture-proof and away from heat. The storage period is one year.<\/p>","protected":false},"excerpt":{"rendered":"<p>Chemical Name: (S)-(-)-3-CYCLOHEXENECARBOXYLIC ACID<br \/>\nCAS No.: 5708-19-0<br \/>\nMolecular Fomula: C7H10O2<br \/>\nMolecular weight: 126.15<br \/>\nAppearance: transparency liquid<\/p>","protected":false},"featured_media":6703,"comment_status":"open","ping_status":"closed","template":"","meta":[],"product_brand":[],"product_cat":[17],"product_tag":[],"class_list":{"0":"post-10402","1":"product","2":"type-product","3":"status-publish","4":"has-post-thumbnail","6":"product_cat-uncategorized","8":"first","9":"instock","10":"shipping-taxable","11":"product-type-simple"},"_links":{"self":[{"href":"https:\/\/chemneo.com\/pt\/wp-json\/wp\/v2\/product\/10402","targetHints":{"allow":["GET"]}}],"collection":[{"href":"https:\/\/chemneo.com\/pt\/wp-json\/wp\/v2\/product"}],"about":[{"href":"https:\/\/chemneo.com\/pt\/wp-json\/wp\/v2\/types\/product"}],"replies":[{"embeddable":true,"href":"https:\/\/chemneo.com\/pt\/wp-json\/wp\/v2\/comments?post=10402"}],"wp:featuredmedia":[{"embeddable":true,"href":"https:\/\/chemneo.com\/pt\/wp-json\/wp\/v2\/media\/6703"}],"wp:attachment":[{"href":"https:\/\/chemneo.com\/pt\/wp-json\/wp\/v2\/media?parent=10402"}],"wp:term":[{"taxonomy":"product_brand","embeddable":true,"href":"https:\/\/chemneo.com\/pt\/wp-json\/wp\/v2\/product_brand?post=10402"},{"taxonomy":"product_cat","embeddable":true,"href":"https:\/\/chemneo.com\/pt\/wp-json\/wp\/v2\/product_cat?post=10402"},{"taxonomy":"product_tag","embeddable":true,"href":"https:\/\/chemneo.com\/pt\/wp-json\/wp\/v2\/product_tag?post=10402"}],"curies":[{"name":"wp","href":"https:\/\/api.w.org\/{rel}","templated":true}]}}