{"id":10405,"date":"2024-11-13T15:17:27","date_gmt":"2024-11-13T07:17:27","guid":{"rendered":"https:\/\/chemneo.com\/product\/10405.html"},"modified":"2024-11-13T15:17:27","modified_gmt":"2024-11-13T07:17:27","slug":"pyrrole-2-carbonitrile-cas-4513-94-4-2","status":"publish","type":"product","link":"https:\/\/chemneo.com\/pt\/product\/10405.html","title":{"rendered":"Pirrole-2-carbonitrilo Cas 4513-94-4"},"content":{"rendered":"<p>Descri\u00e7\u00e3o<\/p>\n<p>\tPYRROLE-2-CARBONITRILE Quick Details<br \/>\nChemical Name: PYRROLE-2-CARBONITRILE<br \/>\nCAS No.: 4513-94-4<br \/>\nMolecular Fomula: C5H4N2<br \/>\nChemical Structure:<\/p>\n<p>Molecular weight: 92.1<br \/>\nAppearance:\u00a0Yellow to orange liquid<br \/>\nEnsaio\uff1a\u226599.0%<br \/>\nPYRROLE-2-CARBONITRILE Typical Properties<\/p>\n<p>ITEMS<br \/>\nSPECIFICATION<\/p>\n<p>Ponto de ebuli\u00e7\u00e3o<br \/>\n92-94 \u00b0C\/2 mmHg<\/p>\n<p>densidade<br \/>\n1.081 g\/mL at 25 \u00b0C<\/p>\n<p>\u00edndice de refra\u00e7\u00e3o<br \/>\n1.5475-1.5505<\/p>\n<p>Fp<br \/>\n92-94\u00b0C\/2mm<\/p>\n<p>PYRROLE-2-CARBONITRILE application:<br \/>\nPyrrole-2-carbonitrile is mainly used to prepare other organic compounds and can be applied in the preparation of organic electronic devices.<br \/>\nPYRROLE-2-CARBONITRILE Packaging and Shipping\u00a0<br \/>\ncustomized according to customer needs.<br \/>\nPYRROLE-2-CARBONITRILE Storage<br \/>\nIt should be stored in a clean, dry and cool place, preventing from sunlight, rain.<\/p>","protected":false},"excerpt":{"rendered":"<p>Chemical Name: PYRROLE-2-CARBONITRILE<br \/>\nCAS No.: 4513-94-4<br \/>\nMolecular Fomula: C5H4N2<br \/>\nChemical Structure:<\/p>","protected":false},"featured_media":6709,"comment_status":"open","ping_status":"closed","template":"","meta":[],"product_brand":[],"product_cat":[17],"product_tag":[],"class_list":{"0":"post-10405","1":"product","2":"type-product","3":"status-publish","4":"has-post-thumbnail","6":"product_cat-uncategorized","8":"first","9":"instock","10":"shipping-taxable","11":"product-type-simple"},"_links":{"self":[{"href":"https:\/\/chemneo.com\/pt\/wp-json\/wp\/v2\/product\/10405","targetHints":{"allow":["GET"]}}],"collection":[{"href":"https:\/\/chemneo.com\/pt\/wp-json\/wp\/v2\/product"}],"about":[{"href":"https:\/\/chemneo.com\/pt\/wp-json\/wp\/v2\/types\/product"}],"replies":[{"embeddable":true,"href":"https:\/\/chemneo.com\/pt\/wp-json\/wp\/v2\/comments?post=10405"}],"wp:featuredmedia":[{"embeddable":true,"href":"https:\/\/chemneo.com\/pt\/wp-json\/wp\/v2\/media\/6709"}],"wp:attachment":[{"href":"https:\/\/chemneo.com\/pt\/wp-json\/wp\/v2\/media?parent=10405"}],"wp:term":[{"taxonomy":"product_brand","embeddable":true,"href":"https:\/\/chemneo.com\/pt\/wp-json\/wp\/v2\/product_brand?post=10405"},{"taxonomy":"product_cat","embeddable":true,"href":"https:\/\/chemneo.com\/pt\/wp-json\/wp\/v2\/product_cat?post=10405"},{"taxonomy":"product_tag","embeddable":true,"href":"https:\/\/chemneo.com\/pt\/wp-json\/wp\/v2\/product_tag?post=10405"}],"curies":[{"name":"wp","href":"https:\/\/api.w.org\/{rel}","templated":true}]}}