{"id":10407,"date":"2024-11-13T15:17:27","date_gmt":"2024-11-13T07:17:27","guid":{"rendered":"https:\/\/chemneo.com\/product\/10407.html"},"modified":"2024-11-13T15:17:27","modified_gmt":"2024-11-13T07:17:27","slug":"44%e2%80%b2-stilbenedicarboxylic-acid-cas-100-31-2-2","status":"publish","type":"product","link":"https:\/\/chemneo.com\/pt\/product\/10407.html","title":{"rendered":"\u00c1cido 4,4\u2032-estilbenedicarbox\u00edlico Cas 100-31-2"},"content":{"rendered":"<p>Descri\u00e7\u00e3o<\/p>\n<p>\t4,4\u2032-Stilbenedicarboxylic acid Quick Details<br \/>\nChemical Name:\u00a04,4\u2032-Stilbenedicarboxylic acid<br \/>\nCAS No.: 100-31-2<br \/>\nMolecular Fomula: C16H12O4<br \/>\nChemical Structure:<\/p>\n<p>Molecular weight:\u00a0268.26<br \/>\nAppearance:\u00a0White to orange to green crystals<br \/>\nAssay\uff1a99%<br \/>\n4,4\u2032-Stilbenedicarboxylic acid\u00a0Typical Properties<\/p>\n<p>ITEMS<br \/>\nSPECIFICATION<\/p>\n<p>Densidade<br \/>\n1.356\u00b10.06 g\/cm3<\/p>\n<p>Ponto de ebuli\u00e7\u00e3o<br \/>\n518.5\u00b139.0 \u00b0C<\/p>\n<p>Acidity coefficient (pKa)<br \/>\n3.96\u00b10.10<\/p>\n<p>Melting point<br \/>\n>300\u00b0C<\/p>\n<p>4,4\u2032-Stilbenedicarboxylic acid\u00a0application:<br \/>\nMainly used for producing fluorescent brightener OB-1<br \/>\nUsed for synthesizing plastic brighteners and polymer intermediates.<br \/>\n4,4\u2032-Stilbenedicarboxylic acid\u00a0Packaging and Shipping\u00a0<br \/>\n1kg, 25kg, customized according to customer needs.<br \/>\n4,4\u2032-Stilbenedicarboxylic acid\u00a0Storage<br \/>\nIt should be stored in a clean, dry and cool place, preventing from sunlight, rain.<\/p>","protected":false},"excerpt":{"rendered":"<p>Chemical Name:\u00a04,4\u2032-Stilbenedicarboxylic acid<br \/>\nCAS No.: 100-31-2<br \/>\nMolecular Fomula: C16H12O4<br \/>\nMolecular weight:\u00a0268.26<br \/>\nAppearance:\u00a0White to orange to green crystals<br \/>\nAssay\uff1a99%<\/p>","protected":false},"featured_media":6713,"comment_status":"open","ping_status":"closed","template":"","meta":[],"product_brand":[],"product_cat":[17],"product_tag":[],"class_list":{"0":"post-10407","1":"product","2":"type-product","3":"status-publish","4":"has-post-thumbnail","6":"product_cat-uncategorized","8":"first","9":"instock","10":"shipping-taxable","11":"product-type-simple"},"_links":{"self":[{"href":"https:\/\/chemneo.com\/pt\/wp-json\/wp\/v2\/product\/10407","targetHints":{"allow":["GET"]}}],"collection":[{"href":"https:\/\/chemneo.com\/pt\/wp-json\/wp\/v2\/product"}],"about":[{"href":"https:\/\/chemneo.com\/pt\/wp-json\/wp\/v2\/types\/product"}],"replies":[{"embeddable":true,"href":"https:\/\/chemneo.com\/pt\/wp-json\/wp\/v2\/comments?post=10407"}],"wp:featuredmedia":[{"embeddable":true,"href":"https:\/\/chemneo.com\/pt\/wp-json\/wp\/v2\/media\/6713"}],"wp:attachment":[{"href":"https:\/\/chemneo.com\/pt\/wp-json\/wp\/v2\/media?parent=10407"}],"wp:term":[{"taxonomy":"product_brand","embeddable":true,"href":"https:\/\/chemneo.com\/pt\/wp-json\/wp\/v2\/product_brand?post=10407"},{"taxonomy":"product_cat","embeddable":true,"href":"https:\/\/chemneo.com\/pt\/wp-json\/wp\/v2\/product_cat?post=10407"},{"taxonomy":"product_tag","embeddable":true,"href":"https:\/\/chemneo.com\/pt\/wp-json\/wp\/v2\/product_tag?post=10407"}],"curies":[{"name":"wp","href":"https:\/\/api.w.org\/{rel}","templated":true}]}}