{"id":10409,"date":"2024-11-13T15:17:27","date_gmt":"2024-11-13T07:17:27","guid":{"rendered":"https:\/\/chemneo.com\/product\/10409.html"},"modified":"2024-11-13T15:17:28","modified_gmt":"2024-11-13T07:17:28","slug":"bisdibenzylideneacetonepalladium-cas-32005-36-0-2","status":"publish","type":"product","link":"https:\/\/chemneo.com\/pt\/product\/10409.html","title":{"rendered":"Bis(dibenzilidenoacetona)pal\u00e1dio Cas 32005-36-0"},"content":{"rendered":"<p>Descri\u00e7\u00e3o<\/p>\n<p>\tBis(dibenzylideneacetone)palladium\u00a0Quick Details<br \/>\nNome qu\u00edmico: Bis(dibenzilidenoacetona)pal\u00e1dio<br \/>\nN.\u00ba CAS: 32005-36-0<br \/>\nF\u00f3rmula molecular: C34H20O2Pd<br \/>\nChemical Structure:<\/p>\n<p>Molecular weight:566.95<br \/>\nAppearance:\u00a0Reddish brown or black powder<br \/>\nEnsaio\uff1a\u226599.0%<br \/>\nBis(dibenzylideneacetone)palladium\u00a0Typical Properties<\/p>\n<p>ITEMS<br \/>\nSPECIFICATION<\/p>\n<p>Melting point<br \/>\n150\u00b0C<\/p>\n<p>storage temp.<br \/>\nunder inert gas (nitrogen or Argon) at 2\u20138 \u00b0C<\/p>\n<p>Bis(dibenzylideneacetone)palladium\u00a0application:<br \/>\nIt is an effective transition metal catalyst that can catalyze various organic reactions, such as cross-coupling reactions, hydrogenation reactions, dipolar cycloaddition reactions, etc.<br \/>\nBis(dibenzylideneacetone)palladium\u00a0Packaging and Shipping\u00a0<br \/>\ncustomized according to customer needs.<br \/>\nBis(dibenzylideneacetone)palladium\u00a0Storage<br \/>\nIt should be stored in a clean, dry and cool place, preventing from sunlight, rain.<\/p>","protected":false},"excerpt":{"rendered":"<p>Nome qu\u00edmico: Bis(dibenzilidenoacetona)pal\u00e1dio<br \/>\nN.\u00ba CAS: 32005-36-0<br \/>\nF\u00f3rmula molecular: C34H20O2Pd<\/p>","protected":false},"featured_media":6717,"comment_status":"open","ping_status":"closed","template":"","meta":[],"product_brand":[],"product_cat":[17],"product_tag":[],"class_list":{"0":"post-10409","1":"product","2":"type-product","3":"status-publish","4":"has-post-thumbnail","6":"product_cat-uncategorized","8":"first","9":"instock","10":"shipping-taxable","11":"product-type-simple"},"_links":{"self":[{"href":"https:\/\/chemneo.com\/pt\/wp-json\/wp\/v2\/product\/10409","targetHints":{"allow":["GET"]}}],"collection":[{"href":"https:\/\/chemneo.com\/pt\/wp-json\/wp\/v2\/product"}],"about":[{"href":"https:\/\/chemneo.com\/pt\/wp-json\/wp\/v2\/types\/product"}],"replies":[{"embeddable":true,"href":"https:\/\/chemneo.com\/pt\/wp-json\/wp\/v2\/comments?post=10409"}],"wp:featuredmedia":[{"embeddable":true,"href":"https:\/\/chemneo.com\/pt\/wp-json\/wp\/v2\/media\/6717"}],"wp:attachment":[{"href":"https:\/\/chemneo.com\/pt\/wp-json\/wp\/v2\/media?parent=10409"}],"wp:term":[{"taxonomy":"product_brand","embeddable":true,"href":"https:\/\/chemneo.com\/pt\/wp-json\/wp\/v2\/product_brand?post=10409"},{"taxonomy":"product_cat","embeddable":true,"href":"https:\/\/chemneo.com\/pt\/wp-json\/wp\/v2\/product_cat?post=10409"},{"taxonomy":"product_tag","embeddable":true,"href":"https:\/\/chemneo.com\/pt\/wp-json\/wp\/v2\/product_tag?post=10409"}],"curies":[{"name":"wp","href":"https:\/\/api.w.org\/{rel}","templated":true}]}}