{"id":10436,"date":"2024-11-13T15:17:32","date_gmt":"2024-11-13T07:17:32","guid":{"rendered":"https:\/\/chemneo.com\/product\/10436.html"},"modified":"2024-11-13T15:17:32","modified_gmt":"2024-11-13T07:17:32","slug":"borage-oil-cas-84012-16-8-2","status":"publish","type":"product","link":"https:\/\/chemneo.com\/pt\/product\/10436.html","title":{"rendered":"\u00d3leo de borragem Cas 84012-16-8"},"content":{"rendered":"<p>Descri\u00e7\u00e3o<\/p>\n<p>\tBorage oil Details<br \/>\nNome qu\u00edmico: \u00d3leo de borragem<br \/>\nSin\u00f3nimos: \u00d3leo de semente de borragem; extrato de borragem<br \/>\nN.\u00ba CAS: 84012-16-8<br \/>\nAspeto: L\u00edquido oleoso amarelo claro<br \/>\nBorage oil Typical\u00a0Properties<\/p>\n<p>Acid value<br \/>\n2.0mgK0H\/g max<\/p>\n<p>Peroxide value<br \/>\n2.0 meq\/kg max<\/p>\n<p>Refractive index<br \/>\n1.479-1. 481<\/p>\n<p>Specific gravity<br \/>\n0.924-0. 928<\/p>\n<p>Water and volatile matter<br \/>\n0.05% max<\/p>\n<p>Iodine value<br \/>\n173-182g\/100g<\/p>\n<p>Saponification value<br \/>\n185- 195mg\/g<\/p>\n<p>Borage oil Application:<br \/>\nBorage oil is rich in essential fatty acids, \u03b3-linolenic acid and linoleic acid, which are essential fatty acids that the human body cannot synthesize by itself and must be taken from the outside. It has a good regulatory effect on human physiological functions. Borage oil has certain effects in treating and relieving premenstrual syndrome, multiple sclerosis, menopausal problems, heart disease, psoriasis, eczema and premature aging of the skin.<br \/>\nBorage oil Package:\u00a0<br \/>\n25kg \/drum<br \/>\nBorage oil Storage:<br \/>\nStore in a dark, dry place away from light. The shelf life is 24 months if the barrel is not opened.<\/p>","protected":false},"excerpt":{"rendered":"<p>Nome qu\u00edmico: \u00d3leo de borragem<br \/>\nSin\u00f3nimos: \u00d3leo de semente de borragem; extrato de borragem<br \/>\nN.\u00ba CAS: 84012-16-8<br \/>\nAspeto: L\u00edquido oleoso amarelo claro<\/p>","protected":false},"featured_media":6771,"comment_status":"open","ping_status":"closed","template":"","meta":[],"product_brand":[],"product_cat":[17],"product_tag":[],"class_list":{"0":"post-10436","1":"product","2":"type-product","3":"status-publish","4":"has-post-thumbnail","6":"product_cat-uncategorized","8":"first","9":"instock","10":"shipping-taxable","11":"product-type-simple"},"_links":{"self":[{"href":"https:\/\/chemneo.com\/pt\/wp-json\/wp\/v2\/product\/10436","targetHints":{"allow":["GET"]}}],"collection":[{"href":"https:\/\/chemneo.com\/pt\/wp-json\/wp\/v2\/product"}],"about":[{"href":"https:\/\/chemneo.com\/pt\/wp-json\/wp\/v2\/types\/product"}],"replies":[{"embeddable":true,"href":"https:\/\/chemneo.com\/pt\/wp-json\/wp\/v2\/comments?post=10436"}],"wp:featuredmedia":[{"embeddable":true,"href":"https:\/\/chemneo.com\/pt\/wp-json\/wp\/v2\/media\/6771"}],"wp:attachment":[{"href":"https:\/\/chemneo.com\/pt\/wp-json\/wp\/v2\/media?parent=10436"}],"wp:term":[{"taxonomy":"product_brand","embeddable":true,"href":"https:\/\/chemneo.com\/pt\/wp-json\/wp\/v2\/product_brand?post=10436"},{"taxonomy":"product_cat","embeddable":true,"href":"https:\/\/chemneo.com\/pt\/wp-json\/wp\/v2\/product_cat?post=10436"},{"taxonomy":"product_tag","embeddable":true,"href":"https:\/\/chemneo.com\/pt\/wp-json\/wp\/v2\/product_tag?post=10436"}],"curies":[{"name":"wp","href":"https:\/\/api.w.org\/{rel}","templated":true}]}}