{"id":10470,"date":"2024-11-13T15:17:36","date_gmt":"2024-11-13T07:17:36","guid":{"rendered":"https:\/\/chemneo.com\/product\/10470.html"},"modified":"2024-11-13T15:17:36","modified_gmt":"2024-11-13T07:17:36","slug":"sodium-laulyl-carboxymethyl-imidazoline-acetate-cas-64041-76-5-2","status":"publish","type":"product","link":"https:\/\/chemneo.com\/pt\/product\/10470.html","title":{"rendered":"Acetato de laurilcarboximetilimidazolina de s\u00f3dio CAS 64041-76-5"},"content":{"rendered":"<p>Descri\u00e7\u00e3o<\/p>\n<p>\tProduct\u00a0Name: Sodium laulyl carboxymethyl imidazoline acetate<br \/>\nCAS No:\u00a064041-76-5<br \/>\nStructural formula:<\/p>\n<p>Typical\u00a0Specification<\/p>\n<p>Item<br \/>\nEspecifica\u00e7\u00e3o<\/p>\n<p>Apar\u00eancia<br \/>\nAmber water-soluble transparent liquid<\/p>\n<p>Pureza<br \/>\n\u00a099%<\/p>\n<p>Heavy metals<br \/>\n1ppm<\/p>\n<p>\u00a0<br \/>\nUtiliza\u00e7\u00e3o<br \/>\nThis product is the raw material for non-irritating baby shampoo, adult shampoo and skin cleanser, and is also an excellent household and industrial detergent, foaming agent, emulsifier and antistatic agent. Production method: 1 mol of lauric acid and 1.1 mol of hydroxyethyl diamine are put into a reactor, heated and melted, and dehydrated at 110-120 \u2103 under alkaline pressure to generate amide. Then continue to heat to about 250 \u2103 for dehydration, close the ring to obtain lauryl hydroxyethyl imidazoline, and then react with 2 mol of chloroacetic acid under the catalysis of sodium hydroxide to generate quaternary ammonium salt, and the finished product is obtained by discharging and packaging.<br \/>\nPackage\u00a0& Storage<br \/>\n25kg\/drum<br \/>\nAvoid high temperature and direct sunlight and keep it sealed.<\/p>","protected":false},"excerpt":{"rendered":"<p>Product\u00a0Name: Sodium laulyl carboxymethyl imidazoline acetate<br \/>\nCAS No:\u00a064041-76-5<\/p>","protected":false},"featured_media":6838,"comment_status":"open","ping_status":"closed","template":"","meta":[],"product_brand":[],"product_cat":[17],"product_tag":[],"class_list":{"0":"post-10470","1":"product","2":"type-product","3":"status-publish","4":"has-post-thumbnail","6":"product_cat-uncategorized","8":"first","9":"instock","10":"shipping-taxable","11":"product-type-simple"},"_links":{"self":[{"href":"https:\/\/chemneo.com\/pt\/wp-json\/wp\/v2\/product\/10470","targetHints":{"allow":["GET"]}}],"collection":[{"href":"https:\/\/chemneo.com\/pt\/wp-json\/wp\/v2\/product"}],"about":[{"href":"https:\/\/chemneo.com\/pt\/wp-json\/wp\/v2\/types\/product"}],"replies":[{"embeddable":true,"href":"https:\/\/chemneo.com\/pt\/wp-json\/wp\/v2\/comments?post=10470"}],"wp:featuredmedia":[{"embeddable":true,"href":"https:\/\/chemneo.com\/pt\/wp-json\/wp\/v2\/media\/6838"}],"wp:attachment":[{"href":"https:\/\/chemneo.com\/pt\/wp-json\/wp\/v2\/media?parent=10470"}],"wp:term":[{"taxonomy":"product_brand","embeddable":true,"href":"https:\/\/chemneo.com\/pt\/wp-json\/wp\/v2\/product_brand?post=10470"},{"taxonomy":"product_cat","embeddable":true,"href":"https:\/\/chemneo.com\/pt\/wp-json\/wp\/v2\/product_cat?post=10470"},{"taxonomy":"product_tag","embeddable":true,"href":"https:\/\/chemneo.com\/pt\/wp-json\/wp\/v2\/product_tag?post=10470"}],"curies":[{"name":"wp","href":"https:\/\/api.w.org\/{rel}","templated":true}]}}