{"id":10478,"date":"2024-11-13T15:17:37","date_gmt":"2024-11-13T07:17:37","guid":{"rendered":"https:\/\/chemneo.com\/product\/10478.html"},"modified":"2024-11-13T15:17:38","modified_gmt":"2024-11-13T07:17:38","slug":"355-trimethylhexanoic-acid-cas-3302-10-1-2","status":"publish","type":"product","link":"https:\/\/chemneo.com\/pt\/product\/10478.html","title":{"rendered":"3,5,5-Trimethylhexanoic acid CAS 3302-10-1"},"content":{"rendered":"<p>Descri\u00e7\u00e3o<\/p>\n<p>\t3,5,5-Trimethylhexanoic acid Details<br \/>\nChemical Name: 3,5,5-Trimethylhexanoic acid<br \/>\nCAS No.: 3302-10-1<br \/>\nF\u00f3rmula molecular: C9H18O2<br \/>\nPeso molecular: 158,24<br \/>\nMolecular\u00a0Structure:<br \/>\nAspeto: L\u00edquido transparente<br \/>\n3,5,5-Trimethylhexanoic acid Typical Properties<\/p>\n<p>Ponto de fus\u00e3o<br \/>\n-70\u00b0C<\/p>\n<p>Ponto de ebuli\u00e7\u00e3o<br \/>\n121 \u00b0C (10 mmHg)<\/p>\n<p>Densidade<br \/>\n0,91 g\/cm3<\/p>\n<p>Vapor Pressure<br \/>\n0.46Pa at 20\u2103<\/p>\n<p>\u00cdndice de refra\u00e7\u00e3o<br \/>\n1.4278-1.4298<\/p>\n<p>Ponto de inflama\u00e7\u00e3o<br \/>\n125\u00b0C<\/p>\n<p>Apar\u00eancia<br \/>\nL\u00edquido<\/p>\n<p>Colour<br \/>\nTransparent<\/p>\n<p>Estabilidade<br \/>\nStable<\/p>\n<p>Solubilidade<br \/>\nSoluble in water<\/p>\n<p>3,5,5-Trimethylhexanoic acid Usage<br \/>\nUsed as monomers for organic synthesis intermediates and polymers. Used in functional polymers, surfactants, antistatic agents, photosensitive resins, coatings, medicines, pesticides and many other aspects.<br \/>\n3,5,5-Trimethylhexanoic acid Packaging and Shipping<br \/>\nPacking: 25KG\/Drum<br \/>\n3,5,5-Trimethylhexanoic acid Storage<br \/>\nKeep in a well-closed,light-resistant, dry and cool place.<\/p>","protected":false},"excerpt":{"rendered":"<p>Chemical Name: 3,5,5-Trimethylhexanoic acid<br \/>\nCAS No.: 3302-10-1<br \/>\nF\u00f3rmula molecular: C9H18O2<br \/>\nPeso molecular: 158,24<br \/>\nAspeto: L\u00edquido transparente<\/p>","protected":false},"featured_media":6854,"comment_status":"open","ping_status":"closed","template":"","meta":[],"product_brand":[],"product_cat":[17],"product_tag":[],"class_list":{"0":"post-10478","1":"product","2":"type-product","3":"status-publish","4":"has-post-thumbnail","6":"product_cat-uncategorized","8":"first","9":"instock","10":"shipping-taxable","11":"product-type-simple"},"_links":{"self":[{"href":"https:\/\/chemneo.com\/pt\/wp-json\/wp\/v2\/product\/10478","targetHints":{"allow":["GET"]}}],"collection":[{"href":"https:\/\/chemneo.com\/pt\/wp-json\/wp\/v2\/product"}],"about":[{"href":"https:\/\/chemneo.com\/pt\/wp-json\/wp\/v2\/types\/product"}],"replies":[{"embeddable":true,"href":"https:\/\/chemneo.com\/pt\/wp-json\/wp\/v2\/comments?post=10478"}],"wp:featuredmedia":[{"embeddable":true,"href":"https:\/\/chemneo.com\/pt\/wp-json\/wp\/v2\/media\/6854"}],"wp:attachment":[{"href":"https:\/\/chemneo.com\/pt\/wp-json\/wp\/v2\/media?parent=10478"}],"wp:term":[{"taxonomy":"product_brand","embeddable":true,"href":"https:\/\/chemneo.com\/pt\/wp-json\/wp\/v2\/product_brand?post=10478"},{"taxonomy":"product_cat","embeddable":true,"href":"https:\/\/chemneo.com\/pt\/wp-json\/wp\/v2\/product_cat?post=10478"},{"taxonomy":"product_tag","embeddable":true,"href":"https:\/\/chemneo.com\/pt\/wp-json\/wp\/v2\/product_tag?post=10478"}],"curies":[{"name":"wp","href":"https:\/\/api.w.org\/{rel}","templated":true}]}}