{"id":10479,"date":"2024-11-13T15:17:38","date_gmt":"2024-11-13T07:17:38","guid":{"rendered":"https:\/\/chemneo.com\/product\/10479.html"},"modified":"2024-11-13T15:17:38","modified_gmt":"2024-11-13T07:17:38","slug":"3-bromo-1-propanol-cas-627-18-9-2","status":"publish","type":"product","link":"https:\/\/chemneo.com\/pt\/product\/10479.html","title":{"rendered":"3-Bromo-1-propanol CAS 627-18-9"},"content":{"rendered":"<p>Descri\u00e7\u00e3o<\/p>\n<p>\t3-Bromo-1-propanol Details<br \/>\nChemical Name: 3-Bromo-1-propanol<br \/>\nSynonyms: 3-Hydroxypropyl bromide; Trimethylene bromohydrin<br \/>\nCAS No.: 627-18-9<br \/>\nMolecular Formula: C3H7BrO<br \/>\nMolecular Weight: 138.99<br \/>\nMolecular\u00a0Structure:<br \/>\nAspeto: L\u00edquido<br \/>\n3-Bromo-1-propanol Typical Properties<\/p>\n<p>Ponto de ebuli\u00e7\u00e3o<br \/>\n62 \u00b0C\/5 mmHg (lit.)<\/p>\n<p>Densidade<br \/>\n1.537 g\/mL at 25 \u00b0C (lit.)<\/p>\n<p>Vapor Pressure<br \/>\n0.13 hPa (20 \u00b0C)<\/p>\n<p>\u00cdndice de refra\u00e7\u00e3o<br \/>\nn20\/D 1.488(lit.)<\/p>\n<p>Ponto de inflama\u00e7\u00e3o<br \/>\n215\u00a0\u00b0F<\/p>\n<p>Armazenamento<br \/>\n2-8\u00b0C<\/p>\n<p>Apar\u00eancia<br \/>\nL\u00edquido<\/p>\n<p>Colour<br \/>\nTransparent colorless to light yellow<\/p>\n<p>Estabilidade<br \/>\nStable<\/p>\n<p>Solubilidade<br \/>\nSoluble in water<\/p>\n<p>3-Bromo-1-propanol Usage<br \/>\nUsed as raw material for organic synthesis, it is an important chemical intermediate.<br \/>\n3-Bromo-1-propanol Packaging and Shipping<br \/>\nPacking: 25KG\/Drum<br \/>\n3-Bromo-1-propanol Storage<br \/>\nWarehouse ventilation and low temperature drying<\/p>","protected":false},"excerpt":{"rendered":"<p>Chemical Name: 3-Bromo-1-propanol<br \/>\nSynonyms: 3-Hydroxypropyl bromide; Trimethylene bromohydrin<br \/>\nCAS No.: 627-18-9<br \/>\nMolecular Formula: C3H7BrO<br \/>\nMolecular Weight: 138.99<br \/>\nAspeto: L\u00edquido<\/p>","protected":false},"featured_media":6856,"comment_status":"open","ping_status":"closed","template":"","meta":[],"product_brand":[],"product_cat":[17],"product_tag":[],"class_list":{"0":"post-10479","1":"product","2":"type-product","3":"status-publish","4":"has-post-thumbnail","6":"product_cat-uncategorized","8":"first","9":"instock","10":"shipping-taxable","11":"product-type-simple"},"_links":{"self":[{"href":"https:\/\/chemneo.com\/pt\/wp-json\/wp\/v2\/product\/10479","targetHints":{"allow":["GET"]}}],"collection":[{"href":"https:\/\/chemneo.com\/pt\/wp-json\/wp\/v2\/product"}],"about":[{"href":"https:\/\/chemneo.com\/pt\/wp-json\/wp\/v2\/types\/product"}],"replies":[{"embeddable":true,"href":"https:\/\/chemneo.com\/pt\/wp-json\/wp\/v2\/comments?post=10479"}],"wp:featuredmedia":[{"embeddable":true,"href":"https:\/\/chemneo.com\/pt\/wp-json\/wp\/v2\/media\/6856"}],"wp:attachment":[{"href":"https:\/\/chemneo.com\/pt\/wp-json\/wp\/v2\/media?parent=10479"}],"wp:term":[{"taxonomy":"product_brand","embeddable":true,"href":"https:\/\/chemneo.com\/pt\/wp-json\/wp\/v2\/product_brand?post=10479"},{"taxonomy":"product_cat","embeddable":true,"href":"https:\/\/chemneo.com\/pt\/wp-json\/wp\/v2\/product_cat?post=10479"},{"taxonomy":"product_tag","embeddable":true,"href":"https:\/\/chemneo.com\/pt\/wp-json\/wp\/v2\/product_tag?post=10479"}],"curies":[{"name":"wp","href":"https:\/\/api.w.org\/{rel}","templated":true}]}}