{"id":10489,"date":"2024-11-13T15:17:39","date_gmt":"2024-11-13T07:17:39","guid":{"rendered":"https:\/\/chemneo.com\/product\/10489.html"},"modified":"2024-11-13T15:17:40","modified_gmt":"2024-11-13T07:17:40","slug":"potassium-citrate-monohydrate-cas-6100-05-6-2","status":"publish","type":"product","link":"https:\/\/chemneo.com\/pt\/product\/10489.html","title":{"rendered":"Citrato de pot\u00e1ssio mono-hidratado CAS 6100-05-6"},"content":{"rendered":"<p>Descri\u00e7\u00e3o<\/p>\n<p>\tPotassium Citrate Monohydrate Details<br \/>\nChemical Name: Potassium Citrate Monohydrate<br \/>\nCAS No.: 6100-05-6<br \/>\nMolecular Formula: C6H11KO8<br \/>\nMolecular Weight: 250.24<br \/>\nMolecular\u00a0Structure:<br \/>\nAspeto: P\u00f3 cristalino<br \/>\nPotassium Citrate Monohydrate Typical Properties<\/p>\n<p>Ponto de fus\u00e3o<br \/>\n275\u00a0\u00b0C (dec.)(lit.)<\/p>\n<p>Densidade<br \/>\n1.98<\/p>\n<p>Solubilidade<br \/>\nSoluble in water<\/p>\n<p>Estabilidade<br \/>\nStable<\/p>\n<p>Armazenamento<br \/>\nInert atmosphere,Room Temperature<\/p>\n<p>Apar\u00eancia<br \/>\nCrystalline powder<\/p>\n<p>Colour<br \/>\nBranco<\/p>\n<p>Potassium Citrate Monohydrate Usage<br \/>\nIt is mainly used as a food additive. It can also be made into a highly efficient compound fertilizer and used in papermaking, gold plating and other industries.<br \/>\nPotassium Citrate Monohydrate Packaging and Shipping<br \/>\nPacking: 25KG\/Drum<br \/>\nPotassium Citrate Monohydrate Storage<br \/>\nKeep in a well-closed,light-resistant, dry and cool place.<\/p>","protected":false},"excerpt":{"rendered":"<p>Chemical Name: Potassium Citrate Monohydrate<br \/>\nCAS No.: 6100-05-6<br \/>\nMolecular Formula: C6H11KO8<br \/>\nMolecular Weight: 250.24<br \/>\nAspeto: P\u00f3 cristalino<\/p>","protected":false},"featured_media":6876,"comment_status":"open","ping_status":"closed","template":"","meta":[],"product_brand":[],"product_cat":[17],"product_tag":[],"class_list":{"0":"post-10489","1":"product","2":"type-product","3":"status-publish","4":"has-post-thumbnail","6":"product_cat-uncategorized","8":"first","9":"instock","10":"shipping-taxable","11":"product-type-simple"},"_links":{"self":[{"href":"https:\/\/chemneo.com\/pt\/wp-json\/wp\/v2\/product\/10489","targetHints":{"allow":["GET"]}}],"collection":[{"href":"https:\/\/chemneo.com\/pt\/wp-json\/wp\/v2\/product"}],"about":[{"href":"https:\/\/chemneo.com\/pt\/wp-json\/wp\/v2\/types\/product"}],"replies":[{"embeddable":true,"href":"https:\/\/chemneo.com\/pt\/wp-json\/wp\/v2\/comments?post=10489"}],"wp:featuredmedia":[{"embeddable":true,"href":"https:\/\/chemneo.com\/pt\/wp-json\/wp\/v2\/media\/6876"}],"wp:attachment":[{"href":"https:\/\/chemneo.com\/pt\/wp-json\/wp\/v2\/media?parent=10489"}],"wp:term":[{"taxonomy":"product_brand","embeddable":true,"href":"https:\/\/chemneo.com\/pt\/wp-json\/wp\/v2\/product_brand?post=10489"},{"taxonomy":"product_cat","embeddable":true,"href":"https:\/\/chemneo.com\/pt\/wp-json\/wp\/v2\/product_cat?post=10489"},{"taxonomy":"product_tag","embeddable":true,"href":"https:\/\/chemneo.com\/pt\/wp-json\/wp\/v2\/product_tag?post=10489"}],"curies":[{"name":"wp","href":"https:\/\/api.w.org\/{rel}","templated":true}]}}