{"id":10492,"date":"2024-11-13T15:17:40","date_gmt":"2024-11-13T07:17:40","guid":{"rendered":"https:\/\/chemneo.com\/product\/10492.html"},"modified":"2024-11-13T15:17:40","modified_gmt":"2024-11-13T07:17:40","slug":"diethylamine-cas-109-89-7-2","status":"publish","type":"product","link":"https:\/\/chemneo.com\/pt\/product\/10492.html","title":{"rendered":"Dietilamina CAS 109-89-7"},"content":{"rendered":"<p>Descri\u00e7\u00e3o<\/p>\n<p>\tDiethylamine Details<br \/>\nChemical Name:\u00a0 Diethylamine<br \/>\nCAS No.: 109-89-7<br \/>\nMolecular Formula: C4H11N<br \/>\nMolecular Weight: 73.14<br \/>\nMolecular\u00a0Structure:<\/p>\n<p>Aspeto: L\u00edquido transparente<br \/>\nTypical\u00a0Properties<\/p>\n<p>Ponto de ebuli\u00e7\u00e3o<br \/>\n55 \u00b0C (lit.)<\/p>\n<p>Densidade<br \/>\n0.707 g\/mL at 25 \u00b0C (lit.)<\/p>\n<p>Ponto de inflama\u00e7\u00e3o<br \/>\n\u221220\u00a0\u00b0F<\/p>\n<p>Vapor Pressure<br \/>\n14.14 psi ( 55 \u00b0C)<\/p>\n<p>\u00cdndice de refra\u00e7\u00e3o<br \/>\nn20\/D 1.385(lit.)<\/p>\n<p>Armazenamento<br \/>\nStore below +30\u00b0C.<\/p>\n<p>Solubilidade<br \/>\nThe solubility in water at 20\u00b0C is 1M, colorless, transparent<\/p>\n<p>Apar\u00eancia<br \/>\nL\u00edquido<\/p>\n<p>Colour<br \/>\nTransparent<\/p>\n<p>Estabilidade<br \/>\nStable<\/p>\n<p>\u00a0<br \/>\nDiethylamine Usage<br \/>\nUsed as analytical reagent and preservative, also used in organic synthesis and dye manufacturing.<br \/>\nDiethylamine is an intermediate for the insecticides phosphamidon and pyriphos and the herbicides cypermethrin and propamide.<br \/>\nPackaging and Shipping<br \/>\nPacking: 25KG\/Drum<br \/>\nDiethylamine Storage<br \/>\nKeep in a well-closed,light-resistant, dry and cool place.<\/p>","protected":false},"excerpt":{"rendered":"<p>Chemical Name:\u00a0 Diethylamine<br \/>\nCAS No.: 109-89-7<br \/>\nMolecular Formula: C4H11N<br \/>\nMolecular Weight: 73.14<br \/>\nAspeto: L\u00edquido transparente<\/p>","protected":false},"featured_media":6882,"comment_status":"open","ping_status":"closed","template":"","meta":[],"product_brand":[],"product_cat":[17],"product_tag":[],"class_list":{"0":"post-10492","1":"product","2":"type-product","3":"status-publish","4":"has-post-thumbnail","6":"product_cat-uncategorized","8":"first","9":"instock","10":"shipping-taxable","11":"product-type-simple"},"_links":{"self":[{"href":"https:\/\/chemneo.com\/pt\/wp-json\/wp\/v2\/product\/10492","targetHints":{"allow":["GET"]}}],"collection":[{"href":"https:\/\/chemneo.com\/pt\/wp-json\/wp\/v2\/product"}],"about":[{"href":"https:\/\/chemneo.com\/pt\/wp-json\/wp\/v2\/types\/product"}],"replies":[{"embeddable":true,"href":"https:\/\/chemneo.com\/pt\/wp-json\/wp\/v2\/comments?post=10492"}],"wp:featuredmedia":[{"embeddable":true,"href":"https:\/\/chemneo.com\/pt\/wp-json\/wp\/v2\/media\/6882"}],"wp:attachment":[{"href":"https:\/\/chemneo.com\/pt\/wp-json\/wp\/v2\/media?parent=10492"}],"wp:term":[{"taxonomy":"product_brand","embeddable":true,"href":"https:\/\/chemneo.com\/pt\/wp-json\/wp\/v2\/product_brand?post=10492"},{"taxonomy":"product_cat","embeddable":true,"href":"https:\/\/chemneo.com\/pt\/wp-json\/wp\/v2\/product_cat?post=10492"},{"taxonomy":"product_tag","embeddable":true,"href":"https:\/\/chemneo.com\/pt\/wp-json\/wp\/v2\/product_tag?post=10492"}],"curies":[{"name":"wp","href":"https:\/\/api.w.org\/{rel}","templated":true}]}}