{"id":10493,"date":"2024-11-13T15:17:40","date_gmt":"2024-11-13T07:17:40","guid":{"rendered":"https:\/\/chemneo.com\/product\/10493.html"},"modified":"2024-11-13T15:17:40","modified_gmt":"2024-11-13T07:17:40","slug":"2-2-chloroethoxyethanol-cas-628-89-7-2","status":"publish","type":"product","link":"https:\/\/chemneo.com\/pt\/product\/10493.html","title":{"rendered":"2-(2-Cloroetoxi)etanol CAS 628-89-7"},"content":{"rendered":"<p>Descri\u00e7\u00e3o<\/p>\n<p>\t2-(2-Chloroethoxy)ethanol Details<br \/>\nChemical Name: 2-(2-Chloroethoxy)ethanol<br \/>\nSynonyms: Diethylene glycol monochlorohydrin<br \/>\nCAS No.: 628-89-7<br \/>\nMolecular Formula: C4H9ClO2<br \/>\nMolecular Weight: 124.57<br \/>\nMolecular\u00a0Structure:<br \/>\nAspeto: L\u00edquido transparente<br \/>\n2-(2-Chloroethoxy)ethanol Typical Properties<\/p>\n<p>Ponto de ebuli\u00e7\u00e3o<br \/>\n79-81\u00a0\u00b0C5\u00a0mm Hg(lit.)<\/p>\n<p>Densidade<br \/>\n1.18\u00a0g\/mL\u00a0at 25\u00a0\u00b0C(lit.)<\/p>\n<p>Ponto de inflama\u00e7\u00e3o<br \/>\n195\u00a0\u00b0F<\/p>\n<p>Vapor Pressure<br \/>\n22.66Pa at 20\u2103<\/p>\n<p>\u00cdndice de refra\u00e7\u00e3o<br \/>\nn20\/D 1.452(lit.)<\/p>\n<p>Armazenamento<br \/>\nKeep in dark place,Sealed in dry,Room Temperature<\/p>\n<p>Solubilidade<br \/>\nSoluble in water<\/p>\n<p>Apar\u00eancia<br \/>\nL\u00edquido<\/p>\n<p>Colour<br \/>\nTransparent<\/p>\n<p>Estabilidade<br \/>\nStable<\/p>\n<p>2-(2-Chloroethoxy)ethanol Usage<br \/>\nOrganic chemical raw materials, mainly used as organic synthesis intermediates.<br \/>\n2-(2-Chloroethoxy)ethanol Packaging and Shipping<br \/>\nPacking: 25KG\/Drum<br \/>\n2-(2-Chloroethoxy)ethanol Storage<br \/>\nKeep in a well-closed,light-resistant, dry and cool place.<\/p>","protected":false},"excerpt":{"rendered":"<p>Chemical Name: 2-(2-Chloroethoxy)ethanol<br \/>\nSynonyms: Diethylene glycol monochlorohydrin<br \/>\nCAS No.: 628-89-7<br \/>\nMolecular Formula: C4H9ClO2<br \/>\nMolecular Weight: 124.57<br \/>\nAspeto: L\u00edquido transparente<\/p>","protected":false},"featured_media":6884,"comment_status":"open","ping_status":"closed","template":"","meta":[],"product_brand":[],"product_cat":[17],"product_tag":[],"class_list":{"0":"post-10493","1":"product","2":"type-product","3":"status-publish","4":"has-post-thumbnail","6":"product_cat-uncategorized","8":"first","9":"instock","10":"shipping-taxable","11":"product-type-simple"},"_links":{"self":[{"href":"https:\/\/chemneo.com\/pt\/wp-json\/wp\/v2\/product\/10493","targetHints":{"allow":["GET"]}}],"collection":[{"href":"https:\/\/chemneo.com\/pt\/wp-json\/wp\/v2\/product"}],"about":[{"href":"https:\/\/chemneo.com\/pt\/wp-json\/wp\/v2\/types\/product"}],"replies":[{"embeddable":true,"href":"https:\/\/chemneo.com\/pt\/wp-json\/wp\/v2\/comments?post=10493"}],"wp:featuredmedia":[{"embeddable":true,"href":"https:\/\/chemneo.com\/pt\/wp-json\/wp\/v2\/media\/6884"}],"wp:attachment":[{"href":"https:\/\/chemneo.com\/pt\/wp-json\/wp\/v2\/media?parent=10493"}],"wp:term":[{"taxonomy":"product_brand","embeddable":true,"href":"https:\/\/chemneo.com\/pt\/wp-json\/wp\/v2\/product_brand?post=10493"},{"taxonomy":"product_cat","embeddable":true,"href":"https:\/\/chemneo.com\/pt\/wp-json\/wp\/v2\/product_cat?post=10493"},{"taxonomy":"product_tag","embeddable":true,"href":"https:\/\/chemneo.com\/pt\/wp-json\/wp\/v2\/product_tag?post=10493"}],"curies":[{"name":"wp","href":"https:\/\/api.w.org\/{rel}","templated":true}]}}