{"id":10505,"date":"2024-11-13T15:17:42","date_gmt":"2024-11-13T07:17:42","guid":{"rendered":"https:\/\/chemneo.com\/product\/10505.html"},"modified":"2024-11-13T15:17:42","modified_gmt":"2024-11-13T07:17:42","slug":"peg-6-caprylic-capric-glycerides-cas-52504-24-2-2","status":"publish","type":"product","link":"https:\/\/chemneo.com\/pt\/product\/10505.html","title":{"rendered":"PEG-6 Glic\u00e9ridos capr\u00edlico\/c\u00e1prico CAS 52504-24-2"},"content":{"rendered":"<p>Descri\u00e7\u00e3o<\/p>\n<p>\tPEG-6 Caprylic\/Capric Glycerides Quick Details<br \/>\nNome do produto: PEG-6 Glic\u00e9ridos capr\u00edlico\/c\u00e1prico<br \/>\nCAS: 52504-24-2<br \/>\nPEG-6 Caprylic\/Capric Glycerides\u00a0Typical Properties<\/p>\n<p>Appearance (20\u2103)<br \/>\nP\u00f3 branco<\/p>\n<p>Cor<br \/>\n100 alpha<\/p>\n<p>Moisture content<br \/>\n\u00a01.0%<\/p>\n<p>Valor<br \/>\n1.0mgKOH\/g<\/p>\n<p>PH<br \/>\n5-7<\/p>\n<p>Iodine value<br \/>\n<0.5\n\n\n\nPEG-6 Caprylic\/Capric Glycerides\u00a0Application:\n1.Recommended to be used as a fat-enhancing agent in cosmetics and pharmaceutical products. It can lock in lipid components, improve the softness of the skin, and especially improve the problem of easy degreasing of skin after cleansing.\n2.Used in makeup remover water, as a surfactant, it can dissolve various oils and make makeup fall off easily, so it is widely used.\n3.In water barrier formulas, such as prognostic water and medical gel, it can prevent skin from shrinking. It has an HLB value of 15 and can solubilize flavors, essential oils, volatile binding substances and chemical ingredients.\n4.In many formulations, especially those containing surfactants, Longan can effectively reduce the viscosity, so it is widely used in high-content liquid cleaning products.\nPEG-6 Caprylic\/Capric Glycerides\u00a0Packaging and Shipping\u00a0\n190KG\/drum.\nPEG-6 Caprylic\/Capric Glycerides\u00a0Storage\nIn a dry environment, below 35\u2103, the product can be stored for at least 18 months if the original packaging is not opened.\n<\/p>","protected":false},"excerpt":{"rendered":"<p>Nome do produto: PEG-6 Glic\u00e9ridos capr\u00edlico\/c\u00e1prico<br \/>\nCAS: 52504-24-2<\/p>","protected":false},"featured_media":6908,"comment_status":"open","ping_status":"closed","template":"","meta":[],"product_brand":[],"product_cat":[17],"product_tag":[],"class_list":{"0":"post-10505","1":"product","2":"type-product","3":"status-publish","4":"has-post-thumbnail","6":"product_cat-uncategorized","8":"first","9":"instock","10":"shipping-taxable","11":"product-type-simple"},"_links":{"self":[{"href":"https:\/\/chemneo.com\/pt\/wp-json\/wp\/v2\/product\/10505","targetHints":{"allow":["GET"]}}],"collection":[{"href":"https:\/\/chemneo.com\/pt\/wp-json\/wp\/v2\/product"}],"about":[{"href":"https:\/\/chemneo.com\/pt\/wp-json\/wp\/v2\/types\/product"}],"replies":[{"embeddable":true,"href":"https:\/\/chemneo.com\/pt\/wp-json\/wp\/v2\/comments?post=10505"}],"wp:featuredmedia":[{"embeddable":true,"href":"https:\/\/chemneo.com\/pt\/wp-json\/wp\/v2\/media\/6908"}],"wp:attachment":[{"href":"https:\/\/chemneo.com\/pt\/wp-json\/wp\/v2\/media?parent=10505"}],"wp:term":[{"taxonomy":"product_brand","embeddable":true,"href":"https:\/\/chemneo.com\/pt\/wp-json\/wp\/v2\/product_brand?post=10505"},{"taxonomy":"product_cat","embeddable":true,"href":"https:\/\/chemneo.com\/pt\/wp-json\/wp\/v2\/product_cat?post=10505"},{"taxonomy":"product_tag","embeddable":true,"href":"https:\/\/chemneo.com\/pt\/wp-json\/wp\/v2\/product_tag?post=10505"}],"curies":[{"name":"wp","href":"https:\/\/api.w.org\/{rel}","templated":true}]}}