{"id":10509,"date":"2024-11-13T15:17:42","date_gmt":"2024-11-13T07:17:42","guid":{"rendered":"https:\/\/chemneo.com\/product\/10509.html"},"modified":"2024-11-13T15:17:42","modified_gmt":"2024-11-13T07:17:42","slug":"coconut-oil-monoethanolamide-cas-68140-00-1-3","status":"publish","type":"product","link":"https:\/\/chemneo.com\/pt\/product\/10509.html","title":{"rendered":"Monoetanolamida de \u00f3leo de coco CAS 68140-00-1"},"content":{"rendered":"<p>Descri\u00e7\u00e3o<\/p>\n<p>\tCoconut Oil Monoethanolamide Details<br \/>\nChemical Name: Coconut Oil Monoethanolamide<br \/>\nCAS No.: 68140-00-1<br \/>\nMolecular Formula: C14H29NO2<br \/>\nMolecular Weight: 243.38556<br \/>\nAppearance: White Flaky<br \/>\nCoconut Oil Monoethanolamide Typical Properties<\/p>\n<p>Ponto de fus\u00e3o<br \/>\n65 \u2013 67\u00b0C<\/p>\n<p>Apar\u00eancia<br \/>\nFlaky<\/p>\n<p>Colour<br \/>\nBranco<\/p>\n<p>Armazenamento<br \/>\n-20\u00b0C Freezer, Under inert atmosphere<\/p>\n<p>Coconut Oil Monoethanolamide Usage<br \/>\nIt is used as the main component of detergent, wetting agent and emulsifier, has anti-rust effect, and is an important raw material for preparing metal cleaning agents.<br \/>\nCoconut Oil Monoethanolamide Packaging and Shipping<br \/>\nPacking: 25KG\/Bag<br \/>\nCoconut Oil Monoethanolamide Storage<br \/>\nKeep in a well-closed,light-resistant, dry and cool place.<\/p>","protected":false},"excerpt":{"rendered":"<p>Chemical Name: Coconut Oil Monoethanolamide<br \/>\nCAS No.: 68140-00-1<br \/>\nMolecular Formula: C14H29NO2<br \/>\nMolecular Weight: 243.38556<br \/>\nAppearance: White Flaky<\/p>","protected":false},"featured_media":6916,"comment_status":"open","ping_status":"closed","template":"","meta":[],"product_brand":[],"product_cat":[17],"product_tag":[],"class_list":{"0":"post-10509","1":"product","2":"type-product","3":"status-publish","4":"has-post-thumbnail","6":"product_cat-uncategorized","8":"first","9":"instock","10":"shipping-taxable","11":"product-type-simple"},"_links":{"self":[{"href":"https:\/\/chemneo.com\/pt\/wp-json\/wp\/v2\/product\/10509","targetHints":{"allow":["GET"]}}],"collection":[{"href":"https:\/\/chemneo.com\/pt\/wp-json\/wp\/v2\/product"}],"about":[{"href":"https:\/\/chemneo.com\/pt\/wp-json\/wp\/v2\/types\/product"}],"replies":[{"embeddable":true,"href":"https:\/\/chemneo.com\/pt\/wp-json\/wp\/v2\/comments?post=10509"}],"wp:featuredmedia":[{"embeddable":true,"href":"https:\/\/chemneo.com\/pt\/wp-json\/wp\/v2\/media\/6916"}],"wp:attachment":[{"href":"https:\/\/chemneo.com\/pt\/wp-json\/wp\/v2\/media?parent=10509"}],"wp:term":[{"taxonomy":"product_brand","embeddable":true,"href":"https:\/\/chemneo.com\/pt\/wp-json\/wp\/v2\/product_brand?post=10509"},{"taxonomy":"product_cat","embeddable":true,"href":"https:\/\/chemneo.com\/pt\/wp-json\/wp\/v2\/product_cat?post=10509"},{"taxonomy":"product_tag","embeddable":true,"href":"https:\/\/chemneo.com\/pt\/wp-json\/wp\/v2\/product_tag?post=10509"}],"curies":[{"name":"wp","href":"https:\/\/api.w.org\/{rel}","templated":true}]}}