{"id":10511,"date":"2024-11-13T15:17:42","date_gmt":"2024-11-13T07:17:42","guid":{"rendered":"https:\/\/chemneo.com\/product\/10511.html"},"modified":"2024-11-13T15:17:43","modified_gmt":"2024-11-13T07:17:43","slug":"potassium-tartrate-hemihydrate-cas-6100-19-2-2","status":"publish","type":"product","link":"https:\/\/chemneo.com\/pt\/product\/10511.html","title":{"rendered":"Tartarato de pot\u00e1ssio hemihidratado Cas 6100-19-2"},"content":{"rendered":"<p>Descri\u00e7\u00e3o<\/p>\n<p>\tPotassium tartrate hemihydrate Quick Details<br \/>\nChemical Name: Potassium tartrate hemihydrate<br \/>\nCAS No.: 6100-19-2<br \/>\nMolecular Fomula: C4H6K2O7<br \/>\nChemical Structure:<\/p>\n<p>Molecular weight: 244.28<br \/>\nPotassium tartrate hemihydrate Typical Properties<\/p>\n<p>ITEMS<br \/>\nSPECIFICATION<\/p>\n<p>Apar\u00eancia<br \/>\nWhite solid<\/p>\n<p>Melting point<br \/>\n155\u2103 -H2O<\/p>\n<p>Densidade<br \/>\n1,98 g\/cm3<\/p>\n<p>Ponto de ebuli\u00e7\u00e3o<br \/>\n200-220\u00b0C<\/p>\n<p>PH<br \/>\n7-9 (20\u2103, 0.1%)<\/p>\n<p>Potassium tartrate hemihydrate Application:<br \/>\nPotassium tartrate is widely used in food, medicine, chemical industry, light industry and other industries, mainly used to manufacture tartrate salts, such as potassium antimony tartrate, potassium sodium tartrate, etc. Potassium tartrate is used as beer foaming agent, food acidifier, flavoring agent, etc. in the food industry. The acidity of potassium tartrate is 1.3 times that of citric acid, and it is particularly suitable as an acidifier for grape juice.<br \/>\nPotassium tartrate hemihydrate Packaging and Shipping\u00a0<br \/>\nCustomized according to customer needs.<br \/>\nPotassium tartrate hemihydrate Storage<br \/>\nStore in a cool, ventilated warehouse, away from fire and heat sources.<\/p>","protected":false},"excerpt":{"rendered":"<p>Chemical Name: Potassium tartrate hemihydrate<br \/>\nCAS No.: 6100-19-2<br \/>\nMolecular Fomula: C4H6K2O7<br \/>\nMolecular weight: 244.28<\/p>","protected":false},"featured_media":6920,"comment_status":"open","ping_status":"closed","template":"","meta":[],"product_brand":[],"product_cat":[17],"product_tag":[],"class_list":{"0":"post-10511","1":"product","2":"type-product","3":"status-publish","4":"has-post-thumbnail","6":"product_cat-uncategorized","8":"first","9":"instock","10":"shipping-taxable","11":"product-type-simple"},"_links":{"self":[{"href":"https:\/\/chemneo.com\/pt\/wp-json\/wp\/v2\/product\/10511","targetHints":{"allow":["GET"]}}],"collection":[{"href":"https:\/\/chemneo.com\/pt\/wp-json\/wp\/v2\/product"}],"about":[{"href":"https:\/\/chemneo.com\/pt\/wp-json\/wp\/v2\/types\/product"}],"replies":[{"embeddable":true,"href":"https:\/\/chemneo.com\/pt\/wp-json\/wp\/v2\/comments?post=10511"}],"wp:featuredmedia":[{"embeddable":true,"href":"https:\/\/chemneo.com\/pt\/wp-json\/wp\/v2\/media\/6920"}],"wp:attachment":[{"href":"https:\/\/chemneo.com\/pt\/wp-json\/wp\/v2\/media?parent=10511"}],"wp:term":[{"taxonomy":"product_brand","embeddable":true,"href":"https:\/\/chemneo.com\/pt\/wp-json\/wp\/v2\/product_brand?post=10511"},{"taxonomy":"product_cat","embeddable":true,"href":"https:\/\/chemneo.com\/pt\/wp-json\/wp\/v2\/product_cat?post=10511"},{"taxonomy":"product_tag","embeddable":true,"href":"https:\/\/chemneo.com\/pt\/wp-json\/wp\/v2\/product_tag?post=10511"}],"curies":[{"name":"wp","href":"https:\/\/api.w.org\/{rel}","templated":true}]}}