{"id":10516,"date":"2024-11-13T15:17:44","date_gmt":"2024-11-13T07:17:44","guid":{"rendered":"https:\/\/chemneo.com\/product\/10516.html"},"modified":"2024-11-13T15:17:44","modified_gmt":"2024-11-13T07:17:44","slug":"1-ethyl-3-methylimidazolium-bisfluorosulfonylimide-cas-235789-75-0-2","status":"publish","type":"product","link":"https:\/\/chemneo.com\/pt\/product\/10516.html","title":{"rendered":"Bis(fluorossulfonil)imida de 1-etil-3-metilimidaz\u00f3lio CAS 235789-75-0"},"content":{"rendered":"<p>Descri\u00e7\u00e3o<\/p>\n<p>\t1-Ethyl-3-methylimidazolium bis(fluorosulfonyl)imide Details<br \/>\nDenomina\u00e7\u00e3o qu\u00edmica: Bis(fluorossulfonil)imida de 1-etil-3-metilimidaz\u00f3lio<br \/>\nSin\u00f3nimos: Bis(fluorossulfonil)imida de metiletilimidaz\u00f3lio<br \/>\nN.\u00ba CAS: 235789-75-0<br \/>\nF\u00f3rmula molecular: C6H11F2N3O4S2<br \/>\nPeso molecular: 291.2960464<br \/>\nMolecular\u00a0Structure:<br \/>\nAspeto: L\u00edquido transparente<br \/>\n1-Ethyl-3-methylimidazolium bis(fluorosulfonyl)imide Typical Properties<\/p>\n<p>Ponto de fus\u00e3o<br \/>\n-18 \u00b0C<\/p>\n<p>Apar\u00eancia<br \/>\nL\u00edquido<\/p>\n<p>Colour<br \/>\nTransparent<\/p>\n<p>1-Ethyl-3-methylimidazolium bis(fluorosulfonyl)imide Usage<br \/>\nMainly used as electrolyte material, commonly used in electrochemical devices such as batteries and supercapacitors.<br \/>\n1-Ethyl-3-methylimidazolium bis(fluorosulfonyl)imide Packaging and Shipping<br \/>\nPacking: 25KG\/Drum<br \/>\n1-Ethyl-3-methylimidazolium bis(fluorosulfonyl)imide Storage<br \/>\nKeep in a well-closed,light-resistant, dry and cool place.<\/p>","protected":false},"excerpt":{"rendered":"<p>Denomina\u00e7\u00e3o qu\u00edmica: Bis(fluorossulfonil)imida de 1-etil-3-metilimidaz\u00f3lio<br \/>\nSin\u00f3nimos: Bis(fluorossulfonil)imida de metiletilimidaz\u00f3lio<br \/>\nN.\u00ba CAS: 235789-75-0<br \/>\nF\u00f3rmula molecular: C6H11F2N3O4S2<br \/>\nPeso molecular: 291.2960464<br \/>\nAspeto: L\u00edquido transparente<\/p>","protected":false},"featured_media":6930,"comment_status":"open","ping_status":"closed","template":"","meta":[],"product_brand":[],"product_cat":[17],"product_tag":[],"class_list":{"0":"post-10516","1":"product","2":"type-product","3":"status-publish","4":"has-post-thumbnail","6":"product_cat-uncategorized","8":"first","9":"instock","10":"shipping-taxable","11":"product-type-simple"},"_links":{"self":[{"href":"https:\/\/chemneo.com\/pt\/wp-json\/wp\/v2\/product\/10516","targetHints":{"allow":["GET"]}}],"collection":[{"href":"https:\/\/chemneo.com\/pt\/wp-json\/wp\/v2\/product"}],"about":[{"href":"https:\/\/chemneo.com\/pt\/wp-json\/wp\/v2\/types\/product"}],"replies":[{"embeddable":true,"href":"https:\/\/chemneo.com\/pt\/wp-json\/wp\/v2\/comments?post=10516"}],"wp:featuredmedia":[{"embeddable":true,"href":"https:\/\/chemneo.com\/pt\/wp-json\/wp\/v2\/media\/6930"}],"wp:attachment":[{"href":"https:\/\/chemneo.com\/pt\/wp-json\/wp\/v2\/media?parent=10516"}],"wp:term":[{"taxonomy":"product_brand","embeddable":true,"href":"https:\/\/chemneo.com\/pt\/wp-json\/wp\/v2\/product_brand?post=10516"},{"taxonomy":"product_cat","embeddable":true,"href":"https:\/\/chemneo.com\/pt\/wp-json\/wp\/v2\/product_cat?post=10516"},{"taxonomy":"product_tag","embeddable":true,"href":"https:\/\/chemneo.com\/pt\/wp-json\/wp\/v2\/product_tag?post=10516"}],"curies":[{"name":"wp","href":"https:\/\/api.w.org\/{rel}","templated":true}]}}