{"id":10520,"date":"2024-11-13T15:17:45","date_gmt":"2024-11-13T07:17:45","guid":{"rendered":"https:\/\/chemneo.com\/product\/10520.html"},"modified":"2024-11-13T15:17:45","modified_gmt":"2024-11-13T07:17:45","slug":"2-carboxybenzaldehyde-cas-119-67-5-2","status":"publish","type":"product","link":"https:\/\/chemneo.com\/pt\/product\/10520.html","title":{"rendered":"2-Carboxibenzalde\u00eddo CAS 119-67-5"},"content":{"rendered":"<p>Descri\u00e7\u00e3o<\/p>\n<p>\t2-Carboxybenzaldehyde Details<br \/>\nChemical Name: 2-Carboxybenzaldehyde<br \/>\nSynonyms: Phthalaldehydic acid<br \/>\nCAS No.: 119-67-5<br \/>\nMolecular Formula: C8H6O3<br \/>\nMolecular Weight: 150.13<br \/>\nMolecular\u00a0Structure:<br \/>\nAspeto: P\u00f3<br \/>\n2-Carboxybenzaldehyde Typical Properties<\/p>\n<p>Ponto de fus\u00e3o<br \/>\n94-96\u00a0\u00b0C(lit.)<\/p>\n<p>Ponto de ebuli\u00e7\u00e3o<br \/>\n231.65\u00b0C (rough estimate)<\/p>\n<p>Densidade<br \/>\n1,404 g\/cm3<\/p>\n<p>\u00cdndice de refra\u00e7\u00e3o<br \/>\n1.4500 (estimate)<\/p>\n<p>Ponto de inflama\u00e7\u00e3o<br \/>\n198\u00b0(388\u00b0F)<\/p>\n<p>Apar\u00eancia<br \/>\nP\u00f3<\/p>\n<p>Colour<br \/>\nBranco<\/p>\n<p>Armazenamento<br \/>\nKeep in dark place,Sealed in dry,Room Temperature<\/p>\n<p>Solubilidade<br \/>\nSoluble in water<\/p>\n<p>2-Carboxybenzaldehyde Usage<br \/>\nMainly used as organic synthesis reagent<br \/>\n2-Carboxybenzaldehyde Packaging and Shipping<br \/>\nPacking: 25KG\/Drum<br \/>\n2-Carboxybenzaldehyde Storage<br \/>\nKeep in a well-closed,light-resistant, dry and cool place.<\/p>","protected":false},"excerpt":{"rendered":"<p>Chemical Name: 2-Carboxybenzaldehyde<br \/>\nSynonyms: Phthalaldehydic acid<br \/>\nCAS No.: 119-67-5<br \/>\nMolecular Formula: C8H6O3<br \/>\nMolecular Weight: 150.13<br \/>\nAspeto: P\u00f3<\/p>","protected":false},"featured_media":6938,"comment_status":"open","ping_status":"closed","template":"","meta":[],"product_brand":[],"product_cat":[17],"product_tag":[],"class_list":{"0":"post-10520","1":"product","2":"type-product","3":"status-publish","4":"has-post-thumbnail","6":"product_cat-uncategorized","8":"first","9":"instock","10":"shipping-taxable","11":"product-type-simple"},"_links":{"self":[{"href":"https:\/\/chemneo.com\/pt\/wp-json\/wp\/v2\/product\/10520","targetHints":{"allow":["GET"]}}],"collection":[{"href":"https:\/\/chemneo.com\/pt\/wp-json\/wp\/v2\/product"}],"about":[{"href":"https:\/\/chemneo.com\/pt\/wp-json\/wp\/v2\/types\/product"}],"replies":[{"embeddable":true,"href":"https:\/\/chemneo.com\/pt\/wp-json\/wp\/v2\/comments?post=10520"}],"wp:featuredmedia":[{"embeddable":true,"href":"https:\/\/chemneo.com\/pt\/wp-json\/wp\/v2\/media\/6938"}],"wp:attachment":[{"href":"https:\/\/chemneo.com\/pt\/wp-json\/wp\/v2\/media?parent=10520"}],"wp:term":[{"taxonomy":"product_brand","embeddable":true,"href":"https:\/\/chemneo.com\/pt\/wp-json\/wp\/v2\/product_brand?post=10520"},{"taxonomy":"product_cat","embeddable":true,"href":"https:\/\/chemneo.com\/pt\/wp-json\/wp\/v2\/product_cat?post=10520"},{"taxonomy":"product_tag","embeddable":true,"href":"https:\/\/chemneo.com\/pt\/wp-json\/wp\/v2\/product_tag?post=10520"}],"curies":[{"name":"wp","href":"https:\/\/api.w.org\/{rel}","templated":true}]}}