{"id":10523,"date":"2024-11-13T15:17:45","date_gmt":"2024-11-13T07:17:45","guid":{"rendered":"https:\/\/chemneo.com\/product\/10523.html"},"modified":"2024-11-13T15:17:45","modified_gmt":"2024-11-13T07:17:45","slug":"glycerides-c8-10-mono-and-di-cas-85536-07-8-2","status":"publish","type":"product","link":"https:\/\/chemneo.com\/pt\/product\/10523.html","title":{"rendered":"Glic\u00e9ridos, C8-10 mono e di- CAS 85536-07-8"},"content":{"rendered":"<p>Descri\u00e7\u00e3o<\/p>\n<p>\tGlycerides, C8-10 mono- and di- Quick Details<br \/>\nChemical Name: Glycerides, C8-10 mono- and di-<br \/>\nCAS No.: 85536-07-8<br \/>\nAspeto: P\u00f3 cristalino branco<br \/>\nEnsaio: \u226599%<br \/>\nGlycerides, C8-10 mono- and di- Typical Properties<\/p>\n<p>Test item<br \/>\nEspecifica\u00e7\u00e3o<\/p>\n<p>water solubility<br \/>\n46mg\/L at 20\u2103<\/p>\n<p>LogP<br \/>\n3.24 at 22\u2103<\/p>\n<p>Glycerides, C8-10 mono- and di- application:<br \/>\nchemical reagents<br \/>\nGlycerides, C8-10 mono- and di- Packaging and Shipping\u00a0<br \/>\n25KG\/ Bag, customized according to customer needs.<br \/>\nGlycerides, C8-10 mono- and di- Storage<br \/>\nIt should be stored in a clean, dry and cool place, preventing from sunlight, rain.<\/p>","protected":false},"excerpt":{"rendered":"<p>Chemical Name: Glycerides, C8-10 mono- and di-<br \/>\nCAS No.: 85536-07-8<br \/>\nAspeto: P\u00f3 cristalino branco<br \/>\nEnsaio: \u226599%<br \/>\nGlycerides, C8-10 mono<\/p>","protected":false},"featured_media":6944,"comment_status":"open","ping_status":"closed","template":"","meta":[],"product_brand":[],"product_cat":[17],"product_tag":[],"class_list":{"0":"post-10523","1":"product","2":"type-product","3":"status-publish","4":"has-post-thumbnail","6":"product_cat-uncategorized","8":"first","9":"instock","10":"shipping-taxable","11":"product-type-simple"},"_links":{"self":[{"href":"https:\/\/chemneo.com\/pt\/wp-json\/wp\/v2\/product\/10523","targetHints":{"allow":["GET"]}}],"collection":[{"href":"https:\/\/chemneo.com\/pt\/wp-json\/wp\/v2\/product"}],"about":[{"href":"https:\/\/chemneo.com\/pt\/wp-json\/wp\/v2\/types\/product"}],"replies":[{"embeddable":true,"href":"https:\/\/chemneo.com\/pt\/wp-json\/wp\/v2\/comments?post=10523"}],"wp:featuredmedia":[{"embeddable":true,"href":"https:\/\/chemneo.com\/pt\/wp-json\/wp\/v2\/media\/6944"}],"wp:attachment":[{"href":"https:\/\/chemneo.com\/pt\/wp-json\/wp\/v2\/media?parent=10523"}],"wp:term":[{"taxonomy":"product_brand","embeddable":true,"href":"https:\/\/chemneo.com\/pt\/wp-json\/wp\/v2\/product_brand?post=10523"},{"taxonomy":"product_cat","embeddable":true,"href":"https:\/\/chemneo.com\/pt\/wp-json\/wp\/v2\/product_cat?post=10523"},{"taxonomy":"product_tag","embeddable":true,"href":"https:\/\/chemneo.com\/pt\/wp-json\/wp\/v2\/product_tag?post=10523"}],"curies":[{"name":"wp","href":"https:\/\/api.w.org\/{rel}","templated":true}]}}