{"id":10534,"date":"2024-11-13T15:17:47","date_gmt":"2024-11-13T07:17:47","guid":{"rendered":"https:\/\/chemneo.com\/product\/10534.html"},"modified":"2024-11-13T15:17:47","modified_gmt":"2024-11-13T07:17:47","slug":"dicyclopentadiene-diepoxide-cas-81-21-0-2","status":"publish","type":"product","link":"https:\/\/chemneo.com\/pt\/product\/10534.html","title":{"rendered":"Diep\u00f3xido de diciclopentadieno Cas 81-21-0"},"content":{"rendered":"<p>Descri\u00e7\u00e3o<\/p>\n<p>\tDicyclopentadiene Diepoxide Quick Details<br \/>\nChemical Name: Dicyclopentadiene diepoxideCAS No.: 81-21-0Molecular Fomula:C10H12O2<br \/>\nMolecular\u00a0weight :164.2<br \/>\nChemical Structure:<\/p>\n<p>Dicyclopentadiene Diepoxide Typical Properties<\/p>\n<p>ITEMS<br \/>\nSPECIFICATION<\/p>\n<p>Apar\u00eancia<br \/>\nP\u00f3 branco<\/p>\n<p>Ensaio<br \/>\n98.0%<\/p>\n<p>Epoxy equivalent<br \/>\n70-90<\/p>\n<p>Melting\u00a0point<br \/>\n184-188\u2103<\/p>\n<p>Dicyclopentadiene Diepoxide Application:<br \/>\nDicyclopentadiene epoxide is an organic intermediate that can be prepared from dicyclopentadiene by oxidation with hydrogen peroxide or other peroxides<br \/>\nDicyclopentadiene Diepoxide Packaging and\u00a0Shipping\u00a0<br \/>\n25kg\/drum or as customer required.<br \/>\nArmazenamento<br \/>\nIt should be stored in a clean, dry and cool place, preventing from sunlight, rain.<\/p>","protected":false},"excerpt":{"rendered":"<p>Chemical Name: Dicyclopentadiene diepoxide<br \/>\nCAS No.: 81-21-0<br \/>\nMolecular Fomula:C10H12O2<br \/>\nMolecular\u00a0weight :164.2<\/p>","protected":false},"featured_media":6966,"comment_status":"open","ping_status":"closed","template":"","meta":[],"product_brand":[],"product_cat":[17],"product_tag":[],"class_list":{"0":"post-10534","1":"product","2":"type-product","3":"status-publish","4":"has-post-thumbnail","6":"product_cat-uncategorized","8":"first","9":"instock","10":"shipping-taxable","11":"product-type-simple"},"_links":{"self":[{"href":"https:\/\/chemneo.com\/pt\/wp-json\/wp\/v2\/product\/10534","targetHints":{"allow":["GET"]}}],"collection":[{"href":"https:\/\/chemneo.com\/pt\/wp-json\/wp\/v2\/product"}],"about":[{"href":"https:\/\/chemneo.com\/pt\/wp-json\/wp\/v2\/types\/product"}],"replies":[{"embeddable":true,"href":"https:\/\/chemneo.com\/pt\/wp-json\/wp\/v2\/comments?post=10534"}],"wp:featuredmedia":[{"embeddable":true,"href":"https:\/\/chemneo.com\/pt\/wp-json\/wp\/v2\/media\/6966"}],"wp:attachment":[{"href":"https:\/\/chemneo.com\/pt\/wp-json\/wp\/v2\/media?parent=10534"}],"wp:term":[{"taxonomy":"product_brand","embeddable":true,"href":"https:\/\/chemneo.com\/pt\/wp-json\/wp\/v2\/product_brand?post=10534"},{"taxonomy":"product_cat","embeddable":true,"href":"https:\/\/chemneo.com\/pt\/wp-json\/wp\/v2\/product_cat?post=10534"},{"taxonomy":"product_tag","embeddable":true,"href":"https:\/\/chemneo.com\/pt\/wp-json\/wp\/v2\/product_tag?post=10534"}],"curies":[{"name":"wp","href":"https:\/\/api.w.org\/{rel}","templated":true}]}}