{"id":10550,"date":"2024-11-13T15:17:53","date_gmt":"2024-11-13T07:17:53","guid":{"rendered":"https:\/\/chemneo.com\/product\/10550.html"},"modified":"2024-11-13T15:17:53","modified_gmt":"2024-11-13T07:17:53","slug":"glycinecarbonate-sodium-salt-cas-50610-34-9-2","status":"publish","type":"product","link":"https:\/\/chemneo.com\/pt\/product\/10550.html","title":{"rendered":"Sal de s\u00f3dio do glicinocarbonato CAS 50610-34-9"},"content":{"rendered":"<p>Descri\u00e7\u00e3o<\/p>\n<p>\tGlycinecarbonate\u00a0sodium\u00a0salt Quick Details<br \/>\nDenomina\u00e7\u00e3o qu\u00edmica: Sal de s\u00f3dio de glicinocarbonato<br \/>\nN.\u00ba CAS: 50610-34-9<br \/>\nF\u00f3mula molecular: C3H4NNa3O5<br \/>\nChemical Structure:<br \/>\nPeso molecular: 203,03687<br \/>\nAspeto: P\u00f3 branco<br \/>\nEnsaio: \u226599.0%<br \/>\nGlycinecarbonate\u00a0sodium\u00a0salt\u00a0Typical Properties<\/p>\n<p>ITEMS<br \/>\nSPECIFICATION<\/p>\n<p>Apar\u00eancia<br \/>\nWhite\u00a0powder<\/p>\n<p>Ensaio<br \/>\n\u226599.0%<\/p>\n<p>Water content<br \/>\n0.1%<\/p>\n<p>Glycinecarbonate sodium salt application:<br \/>\nUsed in the pharmaceutical industry for preparing effervescent tablets, neutralizing stomach acid drugs, solubilizing poorly soluble acidic drugs, and adding them to detergents as foaming agents<br \/>\nGlycinecarbonate sodium salt Packaging and\u00a0Shipping\u00a0<br \/>\ncustomized according to customer needs.<br \/>\nGlycinecarbonate sodium salt Storage<br \/>\nIt should be stored in a clean, dry and cool place, preventing from sunlight, rain.<\/p>","protected":false},"excerpt":{"rendered":"<p>Denomina\u00e7\u00e3o qu\u00edmica: Sal de s\u00f3dio de glicinocarbonato<br \/>\nN.\u00ba CAS: 50610-34-9<br \/>\nF\u00f3mula molecular: C3H4NNa3O5<br \/>\nPeso molecular: 203,03687<br \/>\nAspeto: P\u00f3 branco<br \/>\nEnsaio: \u226599.0%<\/p>","protected":false},"featured_media":6997,"comment_status":"open","ping_status":"closed","template":"","meta":[],"product_brand":[],"product_cat":[17],"product_tag":[],"class_list":{"0":"post-10550","1":"product","2":"type-product","3":"status-publish","4":"has-post-thumbnail","6":"product_cat-uncategorized","8":"first","9":"instock","10":"shipping-taxable","11":"product-type-simple"},"_links":{"self":[{"href":"https:\/\/chemneo.com\/pt\/wp-json\/wp\/v2\/product\/10550","targetHints":{"allow":["GET"]}}],"collection":[{"href":"https:\/\/chemneo.com\/pt\/wp-json\/wp\/v2\/product"}],"about":[{"href":"https:\/\/chemneo.com\/pt\/wp-json\/wp\/v2\/types\/product"}],"replies":[{"embeddable":true,"href":"https:\/\/chemneo.com\/pt\/wp-json\/wp\/v2\/comments?post=10550"}],"wp:featuredmedia":[{"embeddable":true,"href":"https:\/\/chemneo.com\/pt\/wp-json\/wp\/v2\/media\/6997"}],"wp:attachment":[{"href":"https:\/\/chemneo.com\/pt\/wp-json\/wp\/v2\/media?parent=10550"}],"wp:term":[{"taxonomy":"product_brand","embeddable":true,"href":"https:\/\/chemneo.com\/pt\/wp-json\/wp\/v2\/product_brand?post=10550"},{"taxonomy":"product_cat","embeddable":true,"href":"https:\/\/chemneo.com\/pt\/wp-json\/wp\/v2\/product_cat?post=10550"},{"taxonomy":"product_tag","embeddable":true,"href":"https:\/\/chemneo.com\/pt\/wp-json\/wp\/v2\/product_tag?post=10550"}],"curies":[{"name":"wp","href":"https:\/\/api.w.org\/{rel}","templated":true}]}}