{"id":10561,"date":"2024-11-13T15:17:55","date_gmt":"2024-11-13T07:17:55","guid":{"rendered":"https:\/\/chemneo.com\/product\/10561.html"},"modified":"2024-11-13T15:17:55","modified_gmt":"2024-11-13T07:17:55","slug":"potassium-cocoyl-glutamate-2","status":"publish","type":"product","link":"https:\/\/chemneo.com\/pt\/product\/10561.html","title":{"rendered":"Cocoyl Glutamato de Pot\u00e1ssio"},"content":{"rendered":"<p>Descri\u00e7\u00e3o<\/p>\n<p>\tPOTASSIUM COCOYL GLUTAMATE Quick Details<br \/>\nChemical Name: potassium cocoyl glutamate<br \/>\nCAS No.: \u2013<br \/>\nMolecular Fomula: RCONHCH(COOK)CH2CH2COOH<br \/>\nChemical Structure:-<br \/>\nPeso molecular: -<br \/>\nAppearance:\u00a0Transparent to slightly turbid liquid<br \/>\nEnsaio\uff1a\u226599.0%<br \/>\nPOTASSIUM COCOYL GLUTAMATE\u00a0Typical Properties<\/p>\n<p>ITEMS<br \/>\nSPECIFICATION<\/p>\n<p>PH<br \/>\n8.0-9.5<\/p>\n<p>Solid content<br \/>\n38.0-42.0<\/p>\n<p>Cl%<br \/>\n2.5-4.5<\/p>\n<p>\u00a0<br \/>\nPOTASSIUM COCOYL GLUTAMATE\u00a0application:<br \/>\nPOTASSIUM COCOYL GLUTAMATE is widely used in soap-based facial cleansers, facial cleansing liquids, shower gels, shampoos, shaving creams, hand soaps, eye care products, etc.<br \/>\nPOTASSIUM COCOYL GLUTAMATE\u00a0Packaging and Shipping\u00a0<br \/>\ncustomized according to customer needs.<br \/>\nPOTASSIUM COCOYL GLUTAMATE\u00a0Storage<br \/>\nIt should be stored in a clean, dry and cool place, preventing from sunlight, rain.<\/p>","protected":false},"excerpt":{"rendered":"<p>Chemical Name: potassium cocoyl glutamate<br \/>\nCAS No.: \u2013<br \/>\nMolecular Fomula: RCONHCH(COOK)CH2CH2COOH<br \/>\nChemical Structure:-<br \/>\nPeso molecular: -<br \/>\nAppearance:\u00a0Transparent to slightly turbid liquid<br \/>\nEnsaio\uff1a\u226599.0%<\/p>","protected":false},"featured_media":7019,"comment_status":"open","ping_status":"closed","template":"","meta":[],"product_brand":[],"product_cat":[17],"product_tag":[],"class_list":{"0":"post-10561","1":"product","2":"type-product","3":"status-publish","4":"has-post-thumbnail","6":"product_cat-uncategorized","8":"first","9":"instock","10":"shipping-taxable","11":"product-type-simple"},"_links":{"self":[{"href":"https:\/\/chemneo.com\/pt\/wp-json\/wp\/v2\/product\/10561","targetHints":{"allow":["GET"]}}],"collection":[{"href":"https:\/\/chemneo.com\/pt\/wp-json\/wp\/v2\/product"}],"about":[{"href":"https:\/\/chemneo.com\/pt\/wp-json\/wp\/v2\/types\/product"}],"replies":[{"embeddable":true,"href":"https:\/\/chemneo.com\/pt\/wp-json\/wp\/v2\/comments?post=10561"}],"wp:featuredmedia":[{"embeddable":true,"href":"https:\/\/chemneo.com\/pt\/wp-json\/wp\/v2\/media\/7019"}],"wp:attachment":[{"href":"https:\/\/chemneo.com\/pt\/wp-json\/wp\/v2\/media?parent=10561"}],"wp:term":[{"taxonomy":"product_brand","embeddable":true,"href":"https:\/\/chemneo.com\/pt\/wp-json\/wp\/v2\/product_brand?post=10561"},{"taxonomy":"product_cat","embeddable":true,"href":"https:\/\/chemneo.com\/pt\/wp-json\/wp\/v2\/product_cat?post=10561"},{"taxonomy":"product_tag","embeddable":true,"href":"https:\/\/chemneo.com\/pt\/wp-json\/wp\/v2\/product_tag?post=10561"}],"curies":[{"name":"wp","href":"https:\/\/api.w.org\/{rel}","templated":true}]}}