{"id":10564,"date":"2024-11-13T15:17:55","date_gmt":"2024-11-13T07:17:55","guid":{"rendered":"https:\/\/chemneo.com\/product\/10564.html"},"modified":"2024-11-13T15:17:55","modified_gmt":"2024-11-13T07:17:55","slug":"d-glucal-cas-13265-84-4-2","status":"publish","type":"product","link":"https:\/\/chemneo.com\/pt\/product\/10564.html","title":{"rendered":"D-Glucal Cas 13265-84-4"},"content":{"rendered":"<p>Descri\u00e7\u00e3o<\/p>\n<p>\tD-Glucal Quick Details<br \/>\nDenomina\u00e7\u00e3o qu\u00edmica: D-Glucal<br \/>\nN.\u00ba CAS: 13265-84-4<br \/>\nF\u00f3rmula molecular: C6H10O4<br \/>\nChemical Structure:<\/p>\n<p>Peso molecular: 146,14<br \/>\nAspeto: P\u00f3 cristalino branco<br \/>\nD-Glucal\u00a0Typical Properties<\/p>\n<p>ITEMS<br \/>\nSPECIFICATION<\/p>\n<p>Apar\u00eancia<br \/>\nWhite crystal powder<\/p>\n<p>Pureza<br \/>\n\u226598%<\/p>\n<p>Loss on drying<br \/>\n\u22641.0%<\/p>\n<p>D-Glucal\u00a0application:<br \/>\nAn important intermediate for the solid-phase synthesis of oligosaccharides.<br \/>\nD-Glucal\u00a0package\u00a0and shipping\u00a0<br \/>\n25kg\/fiber drum or customized according to customer needs.<br \/>\nD-Glucal\u00a0Storage<br \/>\nIt should be stored in a clean, dry and cool place, preventing from sunlight, rain.<\/p>","protected":false},"excerpt":{"rendered":"<p>Denomina\u00e7\u00e3o qu\u00edmica: D-Glucal<br \/>\nN.\u00ba CAS: 13265-84-4<br \/>\nF\u00f3rmula molecular: C6H10O4<br \/>\nPeso molecular: 146,14<br \/>\nAspeto: P\u00f3 cristalino branco<\/p>","protected":false},"featured_media":7025,"comment_status":"open","ping_status":"closed","template":"","meta":[],"product_brand":[],"product_cat":[17],"product_tag":[],"class_list":{"0":"post-10564","1":"product","2":"type-product","3":"status-publish","4":"has-post-thumbnail","6":"product_cat-uncategorized","8":"first","9":"instock","10":"shipping-taxable","11":"product-type-simple"},"_links":{"self":[{"href":"https:\/\/chemneo.com\/pt\/wp-json\/wp\/v2\/product\/10564","targetHints":{"allow":["GET"]}}],"collection":[{"href":"https:\/\/chemneo.com\/pt\/wp-json\/wp\/v2\/product"}],"about":[{"href":"https:\/\/chemneo.com\/pt\/wp-json\/wp\/v2\/types\/product"}],"replies":[{"embeddable":true,"href":"https:\/\/chemneo.com\/pt\/wp-json\/wp\/v2\/comments?post=10564"}],"wp:featuredmedia":[{"embeddable":true,"href":"https:\/\/chemneo.com\/pt\/wp-json\/wp\/v2\/media\/7025"}],"wp:attachment":[{"href":"https:\/\/chemneo.com\/pt\/wp-json\/wp\/v2\/media?parent=10564"}],"wp:term":[{"taxonomy":"product_brand","embeddable":true,"href":"https:\/\/chemneo.com\/pt\/wp-json\/wp\/v2\/product_brand?post=10564"},{"taxonomy":"product_cat","embeddable":true,"href":"https:\/\/chemneo.com\/pt\/wp-json\/wp\/v2\/product_cat?post=10564"},{"taxonomy":"product_tag","embeddable":true,"href":"https:\/\/chemneo.com\/pt\/wp-json\/wp\/v2\/product_tag?post=10564"}],"curies":[{"name":"wp","href":"https:\/\/api.w.org\/{rel}","templated":true}]}}