{"id":10573,"date":"2024-11-13T15:17:58","date_gmt":"2024-11-13T07:17:58","guid":{"rendered":"https:\/\/chemneo.com\/product\/10573.html"},"modified":"2024-11-13T15:17:58","modified_gmt":"2024-11-13T07:17:58","slug":"calix4arene-cas-74568-07-3-2","status":"publish","type":"product","link":"https:\/\/chemneo.com\/pt\/product\/10573.html","title":{"rendered":"Calix[4]areno CAS 74568-07-3"},"content":{"rendered":"<p>Descri\u00e7\u00e3o<\/p>\n<p>\tCalix[4]arene Details<br \/>\nNome qu\u00edmico: Calix[4]areno<br \/>\nN.\u00ba CAS: 74568-07-3<br \/>\nF\u00f3rmula molecular: C28H24O4<br \/>\nPeso molecular: 424,49<br \/>\nMolecular\u00a0Structure:<br \/>\nAspeto: P\u00f3 cristalino<br \/>\nCalix[4]arene Typical Properties<\/p>\n<p>Ponto de fus\u00e3o<br \/>\n310-314\u00a0\u00b0C<\/p>\n<p>Ponto de ebuli\u00e7\u00e3o<br \/>\n500.52\u00b0C (rough estimate)<\/p>\n<p>Densidade<br \/>\n1.1077 (rough estimate)<\/p>\n<p>\u00cdndice de refra\u00e7\u00e3o<br \/>\n1.6400 (estimate)<\/p>\n<p>Apar\u00eancia<br \/>\nCrystalline powder<\/p>\n<p>Colour<br \/>\nBranco<\/p>\n<p>Solubilidade<br \/>\nSoluble in chloroform.<\/p>\n<p>Calix[4]arene Usage<br \/>\nApplications in the field of liquid chromatography stationary phase. It has also been widely studied and applied in various scientific research fields.<br \/>\nCalix[4]arene Packaging and Shipping<br \/>\nPacking: 25KG\/Drum<br \/>\nCalix[4]arene Storage<br \/>\nKeep in a well-closed,light-resistant, dry and cool place.<\/p>","protected":false},"excerpt":{"rendered":"<p>Nome qu\u00edmico: Calix[4]areno<br \/>\nN.\u00ba CAS: 74568-07-3<br \/>\nF\u00f3rmula molecular: C28H24O4<br \/>\nPeso molecular: 424,49<br \/>\nAspeto: P\u00f3 cristalino<\/p>","protected":false},"featured_media":7043,"comment_status":"open","ping_status":"closed","template":"","meta":[],"product_brand":[],"product_cat":[17],"product_tag":[],"class_list":{"0":"post-10573","1":"product","2":"type-product","3":"status-publish","4":"has-post-thumbnail","6":"product_cat-uncategorized","8":"first","9":"instock","10":"shipping-taxable","11":"product-type-simple"},"_links":{"self":[{"href":"https:\/\/chemneo.com\/pt\/wp-json\/wp\/v2\/product\/10573","targetHints":{"allow":["GET"]}}],"collection":[{"href":"https:\/\/chemneo.com\/pt\/wp-json\/wp\/v2\/product"}],"about":[{"href":"https:\/\/chemneo.com\/pt\/wp-json\/wp\/v2\/types\/product"}],"replies":[{"embeddable":true,"href":"https:\/\/chemneo.com\/pt\/wp-json\/wp\/v2\/comments?post=10573"}],"wp:featuredmedia":[{"embeddable":true,"href":"https:\/\/chemneo.com\/pt\/wp-json\/wp\/v2\/media\/7043"}],"wp:attachment":[{"href":"https:\/\/chemneo.com\/pt\/wp-json\/wp\/v2\/media?parent=10573"}],"wp:term":[{"taxonomy":"product_brand","embeddable":true,"href":"https:\/\/chemneo.com\/pt\/wp-json\/wp\/v2\/product_brand?post=10573"},{"taxonomy":"product_cat","embeddable":true,"href":"https:\/\/chemneo.com\/pt\/wp-json\/wp\/v2\/product_cat?post=10573"},{"taxonomy":"product_tag","embeddable":true,"href":"https:\/\/chemneo.com\/pt\/wp-json\/wp\/v2\/product_tag?post=10573"}],"curies":[{"name":"wp","href":"https:\/\/api.w.org\/{rel}","templated":true}]}}