{"id":10584,"date":"2024-11-13T15:18:00","date_gmt":"2024-11-13T07:18:00","guid":{"rendered":"https:\/\/chemneo.com\/product\/10584.html"},"modified":"2024-11-13T15:18:00","modified_gmt":"2024-11-13T07:18:00","slug":"stearic-acid-glycidyl-ester-cas-7460-84-6-2","status":"publish","type":"product","link":"https:\/\/chemneo.com\/pt\/product\/10584.html","title":{"rendered":"\u00c9ster glicid\u00edlico de \u00e1cido este\u00e1rico CAS 7460-84-6"},"content":{"rendered":"<p>Descri\u00e7\u00e3o<\/p>\n<p>\tStearic Acid Glycidyl Ester Quick Details<br \/>\nChemical Name: Stearic Acid Glycidyl Ester<br \/>\nCAS No.: 7460-84-6<br \/>\nMolecular Fomula: C21H40O3<br \/>\nChemical Structure:<br \/>\nMolecular weight:\u00a0340.54<br \/>\nAppearance:\u00a0White to off-white solid<br \/>\nEnsaio: 96%<br \/>\nStearic Acid Glycidyl Ester Typical Properties<\/p>\n<p>ITEMS<br \/>\nSPECIFICATION<\/p>\n<p>Densidade<br \/>\n1.024<\/p>\n<p>Ponto de ebuli\u00e7\u00e3o<br \/>\n193 \u00b0C \/ 1mmHg<\/p>\n<p>Ponto de inflama\u00e7\u00e3o<br \/>\n161.8\u00baC<\/p>\n<p>Refractive index<br \/>\n1.462<\/p>\n<p>Melting point<br \/>\n53\u00baC<\/p>\n<p>\u00a0<br \/>\nStearic Acid Glycidyl Ester application:<br \/>\nIt is a biochemical reagent that can be used as biological materials or organic compounds for life science-related research.<br \/>\nStearic Acid Glycidyl Ester Packaging and Shipping\u00a0<br \/>\n25kg, customized according to customer needs.<br \/>\nStearic Acid Glycidyl Ester Storage<br \/>\nIt should be stored in a clean, dry and cool place, preventing from sunlight, rain.<\/p>","protected":false},"excerpt":{"rendered":"<p>Chemical Name: Stearic Acid Glycidyl Ester<br \/>\nCAS No.: 7460-84-6<br \/>\nMolecular Fomula: C21H40O3<br \/>\nMolecular weight:\u00a0340.54<br \/>\nAppearance:\u00a0White to off-white solid<br \/>\nEnsaio: 96%<\/p>","protected":false},"featured_media":7065,"comment_status":"open","ping_status":"closed","template":"","meta":[],"product_brand":[],"product_cat":[17],"product_tag":[],"class_list":{"0":"post-10584","1":"product","2":"type-product","3":"status-publish","4":"has-post-thumbnail","6":"product_cat-uncategorized","8":"first","9":"instock","10":"shipping-taxable","11":"product-type-simple"},"_links":{"self":[{"href":"https:\/\/chemneo.com\/pt\/wp-json\/wp\/v2\/product\/10584","targetHints":{"allow":["GET"]}}],"collection":[{"href":"https:\/\/chemneo.com\/pt\/wp-json\/wp\/v2\/product"}],"about":[{"href":"https:\/\/chemneo.com\/pt\/wp-json\/wp\/v2\/types\/product"}],"replies":[{"embeddable":true,"href":"https:\/\/chemneo.com\/pt\/wp-json\/wp\/v2\/comments?post=10584"}],"wp:featuredmedia":[{"embeddable":true,"href":"https:\/\/chemneo.com\/pt\/wp-json\/wp\/v2\/media\/7065"}],"wp:attachment":[{"href":"https:\/\/chemneo.com\/pt\/wp-json\/wp\/v2\/media?parent=10584"}],"wp:term":[{"taxonomy":"product_brand","embeddable":true,"href":"https:\/\/chemneo.com\/pt\/wp-json\/wp\/v2\/product_brand?post=10584"},{"taxonomy":"product_cat","embeddable":true,"href":"https:\/\/chemneo.com\/pt\/wp-json\/wp\/v2\/product_cat?post=10584"},{"taxonomy":"product_tag","embeddable":true,"href":"https:\/\/chemneo.com\/pt\/wp-json\/wp\/v2\/product_tag?post=10584"}],"curies":[{"name":"wp","href":"https:\/\/api.w.org\/{rel}","templated":true}]}}