{"id":10588,"date":"2024-11-13T15:18:00","date_gmt":"2024-11-13T07:18:00","guid":{"rendered":"https:\/\/chemneo.com\/product\/10588.html"},"modified":"2024-11-13T15:18:00","modified_gmt":"2024-11-13T07:18:00","slug":"sodium-metabisulfite-cas-7681-57-4-2","status":"publish","type":"product","link":"https:\/\/chemneo.com\/pt\/product\/10588.html","title":{"rendered":"Metabissulfito de s\u00f3dio CAS 7681-57-4"},"content":{"rendered":"<p>Descri\u00e7\u00e3o<\/p>\n<p>\tSodium metabisulfite Details<br \/>\nNome qu\u00edmico: Metabissulfito de s\u00f3dio<br \/>\nSin\u00f3nimos: Dissulfito de s\u00f3dio<br \/>\nN.\u00ba CAS: 7681-57-4<br \/>\nF\u00f3rmula molecular: H2O5S2.2Na<br \/>\nPeso molecular: 192,12<br \/>\nMolecular\u00a0Structure:<\/p>\n<p>Aspeto: P\u00f3<br \/>\nTypical\u00a0Properties<\/p>\n<p>Ponto de fus\u00e3o<br \/>\n>300 \u00b0C (lit.)<\/p>\n<p>Densidade<br \/>\n1.48<\/p>\n<p>Apar\u00eancia<br \/>\nP\u00f3<\/p>\n<p>Colour<br \/>\nWhite to light yellow<\/p>\n<p>Armazenamento<br \/>\nStore at +5\u00b0C to +30\u00b0C.<\/p>\n<p>\u00a0<br \/>\nSodium metabisulfite Usage<br \/>\nUsed as chromatographic analysis reagent, preservative and reducing agent, used in dye and pharmaceutical industries.<br \/>\nIn the food industry, it is used as bleaching agent, preservative, loosening agent, antioxidant, color preservative and preservative.<br \/>\nIn industry, it is used in printing and dyeing, organic synthesis, printing, leather making, pharmaceutical and other departments.<br \/>\nPackaging and Shipping<br \/>\nPacking: 25KG\/Drum<br \/>\nSodium metabisulfite Storage<br \/>\nKeep in a well-closed,light-resistant, dry and cool place.<\/p>","protected":false},"excerpt":{"rendered":"<p>Nome qu\u00edmico: Metabissulfito de s\u00f3dio<br \/>\nSin\u00f3nimos: Dissulfito de s\u00f3dio<br \/>\nN.\u00ba CAS: 7681-57-4<br \/>\nF\u00f3rmula molecular: H2O5S2.2Na<br \/>\nPeso molecular: 192,12<br \/>\nAspeto: P\u00f3<\/p>","protected":false},"featured_media":7073,"comment_status":"open","ping_status":"closed","template":"","meta":[],"product_brand":[],"product_cat":[17],"product_tag":[],"class_list":{"0":"post-10588","1":"product","2":"type-product","3":"status-publish","4":"has-post-thumbnail","6":"product_cat-uncategorized","8":"first","9":"instock","10":"shipping-taxable","11":"product-type-simple"},"_links":{"self":[{"href":"https:\/\/chemneo.com\/pt\/wp-json\/wp\/v2\/product\/10588","targetHints":{"allow":["GET"]}}],"collection":[{"href":"https:\/\/chemneo.com\/pt\/wp-json\/wp\/v2\/product"}],"about":[{"href":"https:\/\/chemneo.com\/pt\/wp-json\/wp\/v2\/types\/product"}],"replies":[{"embeddable":true,"href":"https:\/\/chemneo.com\/pt\/wp-json\/wp\/v2\/comments?post=10588"}],"wp:featuredmedia":[{"embeddable":true,"href":"https:\/\/chemneo.com\/pt\/wp-json\/wp\/v2\/media\/7073"}],"wp:attachment":[{"href":"https:\/\/chemneo.com\/pt\/wp-json\/wp\/v2\/media?parent=10588"}],"wp:term":[{"taxonomy":"product_brand","embeddable":true,"href":"https:\/\/chemneo.com\/pt\/wp-json\/wp\/v2\/product_brand?post=10588"},{"taxonomy":"product_cat","embeddable":true,"href":"https:\/\/chemneo.com\/pt\/wp-json\/wp\/v2\/product_cat?post=10588"},{"taxonomy":"product_tag","embeddable":true,"href":"https:\/\/chemneo.com\/pt\/wp-json\/wp\/v2\/product_tag?post=10588"}],"curies":[{"name":"wp","href":"https:\/\/api.w.org\/{rel}","templated":true}]}}