{"id":10597,"date":"2024-11-13T15:18:01","date_gmt":"2024-11-13T07:18:01","guid":{"rendered":"https:\/\/chemneo.com\/product\/10597.html"},"modified":"2024-11-13T15:18:01","modified_gmt":"2024-11-13T07:18:01","slug":"calcium-stearyl-2-lactylate-cas-5793-94-2-2","status":"publish","type":"product","link":"https:\/\/chemneo.com\/pt\/product\/10597.html","title":{"rendered":"Estearil-2-lactilato de c\u00e1lcio CAS 5793-94-2"},"content":{"rendered":"<p>Descri\u00e7\u00e3o<\/p>\n<p>\tCalcium Stearyl-2-Lactylate Details<br \/>\nChemical Name: Calcium Stearyl-2-Lactylate<br \/>\nSynonyms: Calcium Stearoyl Lactylate<br \/>\nCAS No.: 5793-94-2<br \/>\nMolecular Formula: C42H78CaO8<br \/>\nMolecular Weight: 751.14192<br \/>\nMolecular Structure:<br \/>\nAspeto: P\u00f3 cristalino<br \/>\nCalcium Stearyl-2-Lactylate Typical Properties<\/p>\n<p>Ponto de fus\u00e3o<br \/>\n45.7-48.7 \u00b0C<\/p>\n<p>Apar\u00eancia<br \/>\nCrystalline powder<\/p>\n<p>Colour<br \/>\nBranco<\/p>\n<p>\u00a0<br \/>\nCalcium Stearyl-2-Lactylate Usage<br \/>\nIt is mainly used as a dough conditioner, stabilizer, emulsifier and foaming agent. It can combine with the gluten in wheat flour to increase the elasticity and stability of the gluten and make the dough fluffy and soft.<br \/>\nCalcium Stearyl-2-Lactylate Packaging and Shipping<br \/>\nPacking: 25KG\/Drum<br \/>\nCalcium Stearyl-2-Lactylate Storage<br \/>\nKeep in a well-closed,light-resistant, dry and cool place.<\/p>","protected":false},"excerpt":{"rendered":"<p>Chemical Name: Calcium Stearyl-2-Lactylate<br \/>\nSynonyms: Calcium Stearoyl Lactylate<br \/>\nCAS No.: 5793-94-2<br \/>\nMolecular Formula: C42H78CaO8<br \/>\nMolecular Weight: 751.14192<br \/>\nAspeto: P\u00f3 cristalino<\/p>","protected":false},"featured_media":7091,"comment_status":"open","ping_status":"closed","template":"","meta":[],"product_brand":[],"product_cat":[17],"product_tag":[],"class_list":{"0":"post-10597","1":"product","2":"type-product","3":"status-publish","4":"has-post-thumbnail","6":"product_cat-uncategorized","8":"first","9":"instock","10":"shipping-taxable","11":"product-type-simple"},"_links":{"self":[{"href":"https:\/\/chemneo.com\/pt\/wp-json\/wp\/v2\/product\/10597","targetHints":{"allow":["GET"]}}],"collection":[{"href":"https:\/\/chemneo.com\/pt\/wp-json\/wp\/v2\/product"}],"about":[{"href":"https:\/\/chemneo.com\/pt\/wp-json\/wp\/v2\/types\/product"}],"replies":[{"embeddable":true,"href":"https:\/\/chemneo.com\/pt\/wp-json\/wp\/v2\/comments?post=10597"}],"wp:featuredmedia":[{"embeddable":true,"href":"https:\/\/chemneo.com\/pt\/wp-json\/wp\/v2\/media\/7091"}],"wp:attachment":[{"href":"https:\/\/chemneo.com\/pt\/wp-json\/wp\/v2\/media?parent=10597"}],"wp:term":[{"taxonomy":"product_brand","embeddable":true,"href":"https:\/\/chemneo.com\/pt\/wp-json\/wp\/v2\/product_brand?post=10597"},{"taxonomy":"product_cat","embeddable":true,"href":"https:\/\/chemneo.com\/pt\/wp-json\/wp\/v2\/product_cat?post=10597"},{"taxonomy":"product_tag","embeddable":true,"href":"https:\/\/chemneo.com\/pt\/wp-json\/wp\/v2\/product_tag?post=10597"}],"curies":[{"name":"wp","href":"https:\/\/api.w.org\/{rel}","templated":true}]}}