{"id":10598,"date":"2024-11-13T15:18:01","date_gmt":"2024-11-13T07:18:01","guid":{"rendered":"https:\/\/chemneo.com\/product\/10598.html"},"modified":"2024-11-13T15:18:01","modified_gmt":"2024-11-13T07:18:01","slug":"cyanidin-chloride-cas-528-58-5-2","status":"publish","type":"product","link":"https:\/\/chemneo.com\/pt\/product\/10598.html","title":{"rendered":"Cloreto de cianidina CAS 528-58-5"},"content":{"rendered":"<p>Descri\u00e7\u00e3o<\/p>\n<p>\tCyanidin Chloride Details<br \/>\nChemical Name: Cyanidin Chloride<br \/>\nSynonyms: 3,3\u2032,4\u2032,5,7-Pentahydroxyflavylium Chloride<br \/>\nCAS No.: 528-58-5<br \/>\nMolecular Formula: C15H11ClO6<br \/>\nMolecular Weight: 322.7<br \/>\nMolecular\u00a0Structure:<br \/>\nAspeto: P\u00f3<br \/>\nCyanidin Chloride Typical Properties<\/p>\n<p>Ponto de fus\u00e3o<br \/>\n>300 \u00b0C<\/p>\n<p>Ponto de ebuli\u00e7\u00e3o<br \/>\n349.55\u00b0C (rough estimate)<\/p>\n<p>Densidade<br \/>\n1.2843 (rough estimate)<\/p>\n<p>\u00cdndice de refra\u00e7\u00e3o<br \/>\n1.4413 (estimate)<\/p>\n<p>Ponto de inflama\u00e7\u00e3o<br \/>\n89\u00a0\u00b0F<\/p>\n<p>Apar\u00eancia<br \/>\nP\u00f3<\/p>\n<p>Colour<br \/>\nBrown<\/p>\n<p>Armazenamento<br \/>\n2-8\u00b0C<\/p>\n<p>\u00a0<br \/>\nCyanidin Chloride Usage<br \/>\nUsed for content determination, identification, pharmacological experiments, etc. Can be used as food pigments, cosmetic raw materials, etc.<br \/>\nCyanidin Chloride Packaging and Shipping<br \/>\nPacking: 25KG\/Drum<br \/>\nCyanidin Chloride Storage<br \/>\nKeep in a well-closed,light-resistant, dry and cool place.<\/p>","protected":false},"excerpt":{"rendered":"<p>Chemical Name: Cyanidin Chloride<br \/>\nSynonyms: 3,3\u2032,4\u2032,5,7-Pentahydroxyflavylium Chloride<br \/>\nCAS No.: 528-58-5<br \/>\nMolecular Formula: C15H11ClO6<br \/>\nMolecular Weight: 322.7<br \/>\nAspeto: P\u00f3<\/p>","protected":false},"featured_media":7093,"comment_status":"open","ping_status":"closed","template":"","meta":[],"product_brand":[],"product_cat":[17],"product_tag":[],"class_list":{"0":"post-10598","1":"product","2":"type-product","3":"status-publish","4":"has-post-thumbnail","6":"product_cat-uncategorized","8":"first","9":"instock","10":"shipping-taxable","11":"product-type-simple"},"_links":{"self":[{"href":"https:\/\/chemneo.com\/pt\/wp-json\/wp\/v2\/product\/10598","targetHints":{"allow":["GET"]}}],"collection":[{"href":"https:\/\/chemneo.com\/pt\/wp-json\/wp\/v2\/product"}],"about":[{"href":"https:\/\/chemneo.com\/pt\/wp-json\/wp\/v2\/types\/product"}],"replies":[{"embeddable":true,"href":"https:\/\/chemneo.com\/pt\/wp-json\/wp\/v2\/comments?post=10598"}],"wp:featuredmedia":[{"embeddable":true,"href":"https:\/\/chemneo.com\/pt\/wp-json\/wp\/v2\/media\/7093"}],"wp:attachment":[{"href":"https:\/\/chemneo.com\/pt\/wp-json\/wp\/v2\/media?parent=10598"}],"wp:term":[{"taxonomy":"product_brand","embeddable":true,"href":"https:\/\/chemneo.com\/pt\/wp-json\/wp\/v2\/product_brand?post=10598"},{"taxonomy":"product_cat","embeddable":true,"href":"https:\/\/chemneo.com\/pt\/wp-json\/wp\/v2\/product_cat?post=10598"},{"taxonomy":"product_tag","embeddable":true,"href":"https:\/\/chemneo.com\/pt\/wp-json\/wp\/v2\/product_tag?post=10598"}],"curies":[{"name":"wp","href":"https:\/\/api.w.org\/{rel}","templated":true}]}}