{"id":10614,"date":"2024-11-13T15:18:04","date_gmt":"2024-11-13T07:18:04","guid":{"rendered":"https:\/\/chemneo.com\/product\/10614.html"},"modified":"2024-11-13T15:18:04","modified_gmt":"2024-11-13T07:18:04","slug":"bis-99-dimethyl-9h-fluoren-2-yl-amine-cas-500717-23-7-2","status":"publish","type":"product","link":"https:\/\/chemneo.com\/pt\/product\/10614.html","title":{"rendered":"Bis-(9,9-diMetil-9H-fluoren-2-il)-aMina CAS 500717-23-7"},"content":{"rendered":"<p>Descri\u00e7\u00e3o<\/p>\n<p>\tBis-(9,9-diMethyl-9H-fluoren-2-yl)-aMine\u00a0Quick Details<br \/>\nDenomina\u00e7\u00e3o qu\u00edmica: Bis-(9,9-diMetil-9H-fluoren-2-il)-aMina<br \/>\nN.\u00ba CAS: 500717-23-7<br \/>\nF\u00f3rmula molecular: C30H27N<br \/>\nChemical Structure:<\/p>\n<p>Peso molecular: 401,54<br \/>\nAspeto: P\u00f3 branco a amarelo claro a laranja claro<br \/>\nEnsaio: \u226599.0%<br \/>\nBis-(9,9-diMethyl-9H-fluoren-2-yl)-aMine Properties<\/p>\n<p>ITEMS<br \/>\nSPECIFICATION<\/p>\n<p>Densidade<br \/>\n1.146<\/p>\n<p>Ponto de ebuli\u00e7\u00e3o<br \/>\n571.0\u00b139.0 \u00b0C<\/p>\n<p>Store<br \/>\n2-8\u00b0C<\/p>\n<p>Formul\u00e1rio<br \/>\npowder to crystal<br \/>\n\u00a0<\/p>\n<p>\u00a0<br \/>\nBis-(9,9-diMethyl-9H-fluoren-2-yl)-aMine\u00a0application:<br \/>\nIt is Mainly used as pharmaceutical intermediates<br \/>\nPackaging and Shipping<br \/>\ncustomized according to customer needs.<br \/>\nBis-(9,9-diMethyl-9H-fluoren-2-yl)-aMine Storage<br \/>\nIt should be stored in a clean, dry and cool place, preventing from sunlight, rain.<\/p>","protected":false},"excerpt":{"rendered":"<p>Denomina\u00e7\u00e3o qu\u00edmica: Bis-(9,9-diMetil-9H-fluoren-2-il)-aMina<br \/>\nN.\u00ba CAS: 500717-23-7<br \/>\nF\u00f3rmula molecular: C30H27N<br \/>\nPeso molecular: 401,54<br \/>\nAspeto: P\u00f3 branco a amarelo claro a laranja claro<br \/>\nEnsaio: \u226599.0%<\/p>","protected":false},"featured_media":7125,"comment_status":"open","ping_status":"closed","template":"","meta":[],"product_brand":[],"product_cat":[17],"product_tag":[],"class_list":{"0":"post-10614","1":"product","2":"type-product","3":"status-publish","4":"has-post-thumbnail","6":"product_cat-uncategorized","8":"first","9":"instock","10":"shipping-taxable","11":"product-type-simple"},"_links":{"self":[{"href":"https:\/\/chemneo.com\/pt\/wp-json\/wp\/v2\/product\/10614","targetHints":{"allow":["GET"]}}],"collection":[{"href":"https:\/\/chemneo.com\/pt\/wp-json\/wp\/v2\/product"}],"about":[{"href":"https:\/\/chemneo.com\/pt\/wp-json\/wp\/v2\/types\/product"}],"replies":[{"embeddable":true,"href":"https:\/\/chemneo.com\/pt\/wp-json\/wp\/v2\/comments?post=10614"}],"wp:featuredmedia":[{"embeddable":true,"href":"https:\/\/chemneo.com\/pt\/wp-json\/wp\/v2\/media\/7125"}],"wp:attachment":[{"href":"https:\/\/chemneo.com\/pt\/wp-json\/wp\/v2\/media?parent=10614"}],"wp:term":[{"taxonomy":"product_brand","embeddable":true,"href":"https:\/\/chemneo.com\/pt\/wp-json\/wp\/v2\/product_brand?post=10614"},{"taxonomy":"product_cat","embeddable":true,"href":"https:\/\/chemneo.com\/pt\/wp-json\/wp\/v2\/product_cat?post=10614"},{"taxonomy":"product_tag","embeddable":true,"href":"https:\/\/chemneo.com\/pt\/wp-json\/wp\/v2\/product_tag?post=10614"}],"curies":[{"name":"wp","href":"https:\/\/api.w.org\/{rel}","templated":true}]}}