{"id":10617,"date":"2024-11-13T15:18:05","date_gmt":"2024-11-13T07:18:05","guid":{"rendered":"https:\/\/chemneo.com\/product\/10617.html"},"modified":"2024-11-13T15:18:05","modified_gmt":"2024-11-13T07:18:05","slug":"nn-bis4-bromophenyl-99-dimethyl-9h-fluoren-2-amine-cas-1216940-51-0-2","status":"publish","type":"product","link":"https:\/\/chemneo.com\/pt\/product\/10617.html","title":{"rendered":"N,N-bis(4-bromophenyl)-9,9-dimethyl-9H-fluoren-2-amine CAS 1216940-51-0"},"content":{"rendered":"<p>Descri\u00e7\u00e3o<\/p>\n<p>\tN,N-bis(4-bromophenyl)-9,9-dimethyl-9H-fluoren-2-amine Quick Details<br \/>\nDenomina\u00e7\u00e3o qu\u00edmica: N,N-bis(4-bromofenil)-9,9-dimetil-9H-fluoren-2-amina<br \/>\nN.\u00ba CAS: 1216940-51-0<br \/>\nF\u00f3rmula molecular: C27H21Br2N<br \/>\nChemical Structure:<\/p>\n<p>Peso molecular: 519,27<br \/>\nAspeto: p\u00f3<br \/>\nEnsaio: \u226599.0%<br \/>\nN,N-bis(4-bromophenyl)-9,9-dimethyl-9H-fluoren-2-amine application<br \/>\nIt is often used as OLED materials.<br \/>\nPackaging and Shipping<br \/>\ncustomized according to customer needs.<br \/>\nN,N-bis(4-bromophenyl)-9,9-dimethyl-9H-fluoren-2-amine Storage<br \/>\nIt should be stored in a clean, dry and cool place, preventing from sunlight, rain.<\/p>","protected":false},"excerpt":{"rendered":"<p>Denomina\u00e7\u00e3o qu\u00edmica: N,N-bis(4-bromofenil)-9,9-dimetil-9H-fluoren-2-amina<br \/>\nN.\u00ba CAS: 1216940-51-0<br \/>\nF\u00f3rmula molecular: C27H21Br2N<br \/>\nPeso molecular: 519,27<br \/>\nAspeto: p\u00f3<br \/>\nEnsaio: \u226599.0%<\/p>","protected":false},"featured_media":7131,"comment_status":"open","ping_status":"closed","template":"","meta":[],"product_brand":[],"product_cat":[17],"product_tag":[],"class_list":{"0":"post-10617","1":"product","2":"type-product","3":"status-publish","4":"has-post-thumbnail","6":"product_cat-uncategorized","8":"first","9":"instock","10":"shipping-taxable","11":"product-type-simple"},"_links":{"self":[{"href":"https:\/\/chemneo.com\/pt\/wp-json\/wp\/v2\/product\/10617","targetHints":{"allow":["GET"]}}],"collection":[{"href":"https:\/\/chemneo.com\/pt\/wp-json\/wp\/v2\/product"}],"about":[{"href":"https:\/\/chemneo.com\/pt\/wp-json\/wp\/v2\/types\/product"}],"replies":[{"embeddable":true,"href":"https:\/\/chemneo.com\/pt\/wp-json\/wp\/v2\/comments?post=10617"}],"wp:featuredmedia":[{"embeddable":true,"href":"https:\/\/chemneo.com\/pt\/wp-json\/wp\/v2\/media\/7131"}],"wp:attachment":[{"href":"https:\/\/chemneo.com\/pt\/wp-json\/wp\/v2\/media?parent=10617"}],"wp:term":[{"taxonomy":"product_brand","embeddable":true,"href":"https:\/\/chemneo.com\/pt\/wp-json\/wp\/v2\/product_brand?post=10617"},{"taxonomy":"product_cat","embeddable":true,"href":"https:\/\/chemneo.com\/pt\/wp-json\/wp\/v2\/product_cat?post=10617"},{"taxonomy":"product_tag","embeddable":true,"href":"https:\/\/chemneo.com\/pt\/wp-json\/wp\/v2\/product_tag?post=10617"}],"curies":[{"name":"wp","href":"https:\/\/api.w.org\/{rel}","templated":true}]}}