{"id":10619,"date":"2024-11-13T15:18:05","date_gmt":"2024-11-13T07:18:05","guid":{"rendered":"https:\/\/chemneo.com\/product\/10619.html"},"modified":"2024-11-13T15:18:05","modified_gmt":"2024-11-13T07:18:05","slug":"24-difluorobenzaldehyde-cas-1550-35-2-2","status":"publish","type":"product","link":"https:\/\/chemneo.com\/pt\/product\/10619.html","title":{"rendered":"2,4-Difluorobenzalde\u00eddo CAS 1550-35-2"},"content":{"rendered":"<p>Descri\u00e7\u00e3o<\/p>\n<p>\t2,4-Difluorobenzaldehyde Quick Details<br \/>\nNome qu\u00edmico: 2,4-Difluorobenzalde\u00eddo<br \/>\nN.\u00ba CAS: 1550-35-2<br \/>\nF\u00f3rmula molecular: C7H4F2O<br \/>\nChemical Structure:<br \/>\nMassa molecular: 142,1<br \/>\nAspeto: L\u00edquido transparente incolor<br \/>\nEnsaio: \u226599.0%<br \/>\n2,4-Difluorobenzaldehyde\u00a0Typical Properties<\/p>\n<p>ITEMS<br \/>\nSPECIFICATION<\/p>\n<p>Ensaio<br \/>\n99.0%min<\/p>\n<p>Water<br \/>\n1.0%max<\/p>\n<p>Ponto de inflama\u00e7\u00e3o<br \/>\n131\u00a0\u00b0F<\/p>\n<p>Ponto de ebuli\u00e7\u00e3o<br \/>\n65-66\u2103<\/p>\n<p>Densidade<br \/>\n1.299 g\/mL at 25\u2103<\/p>\n<p>\u00a0<br \/>\n2,4-Difluorobenzaldehyde\u00a0Application:<br \/>\nUsed as intermediates for medicines, pesticides, and liquid crystal materials.<br \/>\n2,4-Difluorobenzaldehyde\u00a0Packaging and Shipping\u00a0<br \/>\n25kg\/drum; 200kg\/drum<br \/>\n2,4-Difluorobenzaldehyde\u00a0Storage<br \/>\nPlaced in tight container, a cool, dry, well-ventilated area and avoiding light.<\/p>","protected":false},"excerpt":{"rendered":"<p>Nome qu\u00edmico: 2,4-Difluorobenzalde\u00eddo<br \/>\nN.\u00ba CAS: 1550-35-2<br \/>\nF\u00f3rmula molecular: C7H4F2O<br \/>\nMassa molecular: 142,1<br \/>\nAspeto: L\u00edquido transparente incolor<br \/>\nEnsaio: \u226599.0%<\/p>","protected":false},"featured_media":7135,"comment_status":"open","ping_status":"closed","template":"","meta":[],"product_brand":[],"product_cat":[17],"product_tag":[],"class_list":{"0":"post-10619","1":"product","2":"type-product","3":"status-publish","4":"has-post-thumbnail","6":"product_cat-uncategorized","8":"first","9":"instock","10":"shipping-taxable","11":"product-type-simple"},"_links":{"self":[{"href":"https:\/\/chemneo.com\/pt\/wp-json\/wp\/v2\/product\/10619","targetHints":{"allow":["GET"]}}],"collection":[{"href":"https:\/\/chemneo.com\/pt\/wp-json\/wp\/v2\/product"}],"about":[{"href":"https:\/\/chemneo.com\/pt\/wp-json\/wp\/v2\/types\/product"}],"replies":[{"embeddable":true,"href":"https:\/\/chemneo.com\/pt\/wp-json\/wp\/v2\/comments?post=10619"}],"wp:featuredmedia":[{"embeddable":true,"href":"https:\/\/chemneo.com\/pt\/wp-json\/wp\/v2\/media\/7135"}],"wp:attachment":[{"href":"https:\/\/chemneo.com\/pt\/wp-json\/wp\/v2\/media?parent=10619"}],"wp:term":[{"taxonomy":"product_brand","embeddable":true,"href":"https:\/\/chemneo.com\/pt\/wp-json\/wp\/v2\/product_brand?post=10619"},{"taxonomy":"product_cat","embeddable":true,"href":"https:\/\/chemneo.com\/pt\/wp-json\/wp\/v2\/product_cat?post=10619"},{"taxonomy":"product_tag","embeddable":true,"href":"https:\/\/chemneo.com\/pt\/wp-json\/wp\/v2\/product_tag?post=10619"}],"curies":[{"name":"wp","href":"https:\/\/api.w.org\/{rel}","templated":true}]}}