{"id":10622,"date":"2024-11-13T15:18:05","date_gmt":"2024-11-13T07:18:05","guid":{"rendered":"https:\/\/chemneo.com\/product\/10622.html"},"modified":"2024-11-13T15:18:05","modified_gmt":"2024-11-13T07:18:05","slug":"4-nitrophenyl-alpha-d-glucopyranoside-cas-3767-28-0-2","status":"publish","type":"product","link":"https:\/\/chemneo.com\/pt\/product\/10622.html","title":{"rendered":"4-NITROFENIL-ALFA-D-GLUCOPIRANOS\u00cdDEO CAS 3767-28-0"},"content":{"rendered":"<p>Descri\u00e7\u00e3o<\/p>\n<p>\t4-NITROPHENYL-ALPHA-D-GLUCOPYRANOSIDE Quick Details<br \/>\nChemical Name: 4-NITROPHENYL-ALPHA-D-GLUCOPYRANOSIDE<br \/>\nCAS No.: 3767-28-0<br \/>\nMolecular Fomula: C12H15NO8<br \/>\nChemical Structure:<\/p>\n<p>Molecular weight:\u00a0301.25<br \/>\nAspeto: P\u00f3<br \/>\nTypical Properties<\/p>\n<p>ITEMS<br \/>\nSPECIFICATION<\/p>\n<p>Melting point<br \/>\n210-216\u00a0\u00b0C<\/p>\n<p>Solubilidade<br \/>\nEthanol: slightly soluble<\/p>\n<p>\u00a0<br \/>\n4-NITROPHENYL-ALPHA-D-GLUCOPYRANOSIDE application<br \/>\nCan be used as pharmaceutical intermediates.<br \/>\n\u00a0Packaging and Shipping\u00a0<br \/>\ncustomized according to customer needs.<br \/>\n4-NITROPHENYL-ALPHA-D-GLUCOPYRANOSIDE Storage<br \/>\nIt should be stored in a clean, dry and cool place, preventing from sunlight, rain.<\/p>","protected":false},"excerpt":{"rendered":"<p>Chemical Name: 4-NITROPHENYL-ALPHA-D-GLUCOPYRANOSIDE<br \/>\nCAS No.: 3767-28-0<br \/>\nMolecular Fomula: C12H15NO8<br \/>\nMolecular weight:\u00a0301.25<br \/>\nAspeto: P\u00f3<\/p>","protected":false},"featured_media":7141,"comment_status":"open","ping_status":"closed","template":"","meta":[],"product_brand":[],"product_cat":[17],"product_tag":[],"class_list":{"0":"post-10622","1":"product","2":"type-product","3":"status-publish","4":"has-post-thumbnail","6":"product_cat-uncategorized","8":"first","9":"instock","10":"shipping-taxable","11":"product-type-simple"},"_links":{"self":[{"href":"https:\/\/chemneo.com\/pt\/wp-json\/wp\/v2\/product\/10622","targetHints":{"allow":["GET"]}}],"collection":[{"href":"https:\/\/chemneo.com\/pt\/wp-json\/wp\/v2\/product"}],"about":[{"href":"https:\/\/chemneo.com\/pt\/wp-json\/wp\/v2\/types\/product"}],"replies":[{"embeddable":true,"href":"https:\/\/chemneo.com\/pt\/wp-json\/wp\/v2\/comments?post=10622"}],"wp:featuredmedia":[{"embeddable":true,"href":"https:\/\/chemneo.com\/pt\/wp-json\/wp\/v2\/media\/7141"}],"wp:attachment":[{"href":"https:\/\/chemneo.com\/pt\/wp-json\/wp\/v2\/media?parent=10622"}],"wp:term":[{"taxonomy":"product_brand","embeddable":true,"href":"https:\/\/chemneo.com\/pt\/wp-json\/wp\/v2\/product_brand?post=10622"},{"taxonomy":"product_cat","embeddable":true,"href":"https:\/\/chemneo.com\/pt\/wp-json\/wp\/v2\/product_cat?post=10622"},{"taxonomy":"product_tag","embeddable":true,"href":"https:\/\/chemneo.com\/pt\/wp-json\/wp\/v2\/product_tag?post=10622"}],"curies":[{"name":"wp","href":"https:\/\/api.w.org\/{rel}","templated":true}]}}